{"id":87091,"date":"2024-02-14T14:53:38","date_gmt":"2024-02-14T14:53:38","guid":{"rendered":"https:\/\/onlinehardwareshop.de\/index.php\/produkt\/crucial-32-gb-3-200-mhz-ddr4-sodimm-1-x-32-gb\/"},"modified":"2025-05-14T02:55:44","modified_gmt":"2025-05-14T02:55:44","slug":"crucial-32-gb-3-200-mhz-ddr4-sodimm-1-x-32-gb","status":"publish","type":"product","link":"https:\/\/onlinehardwareshop.de\/index.php\/produkt\/crucial-32-gb-3-200-mhz-ddr4-sodimm-1-x-32-gb\/","title":{"rendered":"Crucial 32 GB 3.200 MHz DDR4-SODIMM (1 x 32 GB)"},"content":{"rendered":"<p>Achtung: Dieses RAM-Modul passt nur in Windows Notebooks! Dieser Arbeitsspeicher ist nicht f\u00fcr einen Mac-Desktop oder ein Mac-Notebook geeignet. Der Computer muss \u00fcber einen DDR4-Steckplatz verf\u00fcgen. \u00dcberpr\u00fcfe dies im Windows Task-Manager, mehr Details unter dem Reiter &#8218;Leistung&#8216;. Der Speicher wird als DDR3 oder DDR4 ausgewiesen. Falls hier nichts \u00fcber die Verbindung steht, ben\u00f6tigst du einen DDR4-Speicher.<\/p>\n<p> Mit dem Crucial 32 GB 3.200 MHz DDR4-SODIMM (1 x 32 GB) erweiterst du den Arbeitsspeicher deines Windows- oder Linux-basierten Notebooks um 32 Gigabyte. Dieser Arbeitsspeicher ist auf ein RAM-Modul von 32 Gigabyte aufgeteilt und hat eine Taktfrequenz von 3.200 MHz. Mit 32 Gigabyte Arbeitsspeicher f\u00fchrt dein Notebook die schwierigsten Aufgaben aus, wie Massendaten\u00fcbertragung oder Filmbearbeitung.<\/p>\n","protected":false},"excerpt":{"rendered":"<p>Achtung: Dieses RAM-Modul passt nur in Windows Notebooks! Dieser Arbeitsspeicher ist nicht f\u00fcr einen Mac-Desktop oder ein Mac-Notebook geeignet. Der Computer muss \u00fcber einen DDR4-Steckplatz verf\u00fcgen. \u00dcberpr\u00fcfe dies im Windows Task-Manager, mehr Details unter dem Reiter &#8218;Leistung&#8216;. Der Speicher wird als DDR3 oder DDR4 ausgewiesen. Falls hier nichts \u00fcber die Verbindung steht, ben\u00f6tigst du einen DDR4-Speicher.<\/p>\n<p> Mit dem Crucial 32 GB 3.200 MHz DDR4-SODIMM (1 x 32 GB) erweiterst du den Arbeitsspeicher deines Windows- oder Linux-basierten Notebooks um 32 Gigabyte. Dieser Arbeitsspeicher ist auf ein RAM-Modul von 32 Gigabyte aufgeteilt und hat eine Taktfrequenz von 3.200 MHz. Mit 32 Gigabyte Arbeitsspeicher f\u00fchrt dein Notebook die schwierigsten Aufgaben aus, wie Massendaten\u00fcbertragung oder Filmbearbeitung.<\/p>\n","protected":false},"featured_media":0,"comment_status":"closed","ping_status":"open","template":"","meta":{"_acf_changed":false},"brand":[3456],"product_brand":[],"product_cat":[2796],"product_tag":[3457],"class_list":{"0":"post-87091","1":"product","2":"type-product","3":"status-publish","5":"brand-crucial","6":"product_cat-ram","7":"product_tag-intern-geheugen-voor-laptop","8":"pa_condition-new","9":"pa_coolblue-de-verzending-morgen-gratis-geliefert","10":"pa_ean-6825","11":"pa_mpn-ct32g4sfd832a","13":"first","14":"instock","15":"product-type-external"},"acf":[],"_links":{"self":[{"href":"https:\/\/onlinehardwareshop.de\/index.php\/wp-json\/wp\/v2\/product\/87091","targetHints":{"allow":["GET"]}}],"collection":[{"href":"https:\/\/onlinehardwareshop.de\/index.php\/wp-json\/wp\/v2\/product"}],"about":[{"href":"https:\/\/onlinehardwareshop.de\/index.php\/wp-json\/wp\/v2\/types\/product"}],"replies":[{"embeddable":true,"href":"https:\/\/onlinehardwareshop.de\/index.php\/wp-json\/wp\/v2\/comments?post=87091"}],"wp:attachment":[{"href":"https:\/\/onlinehardwareshop.de\/index.php\/wp-json\/wp\/v2\/media?parent=87091"}],"wp:term":[{"taxonomy":"brand","embeddable":true,"href":"https:\/\/onlinehardwareshop.de\/index.php\/wp-json\/wp\/v2\/brand?post=87091"},{"taxonomy":"product_brand","embeddable":true,"href":"https:\/\/onlinehardwareshop.de\/index.php\/wp-json\/wp\/v2\/product_brand?post=87091"},{"taxonomy":"product_cat","embeddable":true,"href":"https:\/\/onlinehardwareshop.de\/index.php\/wp-json\/wp\/v2\/product_cat?post=87091"},{"taxonomy":"product_tag","embeddable":true,"href":"https:\/\/onlinehardwareshop.de\/index.php\/wp-json\/wp\/v2\/product_tag?post=87091"}],"curies":[{"name":"wp","href":"https:\/\/api.w.org\/{rel}","templated":true}]}}