{"id":87088,"date":"2024-08-17T02:36:34","date_gmt":"2024-08-17T02:36:34","guid":{"rendered":"https:\/\/onlinehardwareshop.de\/index.php\/produkt\/edifier-g2000-gaming-pc-lautsprecher\/"},"modified":"2025-05-14T02:40:29","modified_gmt":"2025-05-14T02:40:29","slug":"edifier-g2000-gaming-pc-lautsprecher","status":"publish","type":"product","link":"https:\/\/onlinehardwareshop.de\/index.php\/produkt\/edifier-g2000-gaming-pc-lautsprecher\/","title":{"rendered":"Edifier G2000 Gaming PC-Lautsprecher"},"content":{"rendered":"<p>Erlebe den Sound deiner Lieblingsspiele mit dem Edifier G2000 Gaming Speaker. Diese kompakten Lautsprecher passen dank ihrer geringen Gr\u00f6\u00dfe auf jeden Schreibtisch. Dank der eingebauten RGB-Beleuchtung passen die Lautsprecher auch gut zum Rest deines Gaming-Setups. W\u00e4hle eine der vorprogrammierten Einstellungen, um den Klang der Lautsprecher an das anzupassen, was du gerade tust. W\u00e4hle den Filmmodus, wenn du einen Film anschaust, oder wechsle zu Gaming, wenn du Fortnite spielst. Verbinde die Lautsprecher \u00fcber USB oder Bluetooth. Damit sind die Lautsprecher nicht nur f\u00fcr deinen PC oder Laptop geeignet, sondern zum Beispiel auch f\u00fcr dein Smartphone oder deinen Fernseher.<\/p>\n","protected":false},"excerpt":{"rendered":"<p>Erlebe den Sound deiner Lieblingsspiele mit dem Edifier G2000 Gaming Speaker. Diese kompakten Lautsprecher passen dank ihrer geringen Gr\u00f6\u00dfe auf jeden Schreibtisch. Dank der eingebauten RGB-Beleuchtung passen die Lautsprecher auch gut zum Rest deines Gaming-Setups. W\u00e4hle eine der vorprogrammierten Einstellungen, um den Klang der Lautsprecher an das anzupassen, was du gerade tust. W\u00e4hle den Filmmodus, wenn du einen Film anschaust, oder wechsle zu Gaming, wenn du Fortnite spielst. Verbinde die Lautsprecher \u00fcber USB oder Bluetooth. Damit sind die Lautsprecher nicht nur f\u00fcr deinen PC oder Laptop geeignet, sondern zum Beispiel auch f\u00fcr dein Smartphone oder deinen Fernseher.<\/p>\n","protected":false},"featured_media":0,"comment_status":"closed","ping_status":"open","template":"","meta":{"_acf_changed":false},"brand":[1525],"product_brand":[],"product_cat":[47],"product_tag":[48],"class_list":{"0":"post-87088","1":"product","2":"type-product","3":"status-publish","5":"brand-edifier","6":"product_cat-pc-lautsprecher","7":"product_tag-pc-speakers","8":"pa_condition-new","9":"pa_coolblue-de-verzending-morgen-gratis-geliefert","10":"pa_ean-6378","11":"pa_mpn-g2000-blk","13":"first","14":"instock","15":"product-type-external"},"acf":[],"_links":{"self":[{"href":"https:\/\/onlinehardwareshop.de\/index.php\/wp-json\/wp\/v2\/product\/87088","targetHints":{"allow":["GET"]}}],"collection":[{"href":"https:\/\/onlinehardwareshop.de\/index.php\/wp-json\/wp\/v2\/product"}],"about":[{"href":"https:\/\/onlinehardwareshop.de\/index.php\/wp-json\/wp\/v2\/types\/product"}],"replies":[{"embeddable":true,"href":"https:\/\/onlinehardwareshop.de\/index.php\/wp-json\/wp\/v2\/comments?post=87088"}],"wp:attachment":[{"href":"https:\/\/onlinehardwareshop.de\/index.php\/wp-json\/wp\/v2\/media?parent=87088"}],"wp:term":[{"taxonomy":"brand","embeddable":true,"href":"https:\/\/onlinehardwareshop.de\/index.php\/wp-json\/wp\/v2\/brand?post=87088"},{"taxonomy":"product_brand","embeddable":true,"href":"https:\/\/onlinehardwareshop.de\/index.php\/wp-json\/wp\/v2\/product_brand?post=87088"},{"taxonomy":"product_cat","embeddable":true,"href":"https:\/\/onlinehardwareshop.de\/index.php\/wp-json\/wp\/v2\/product_cat?post=87088"},{"taxonomy":"product_tag","embeddable":true,"href":"https:\/\/onlinehardwareshop.de\/index.php\/wp-json\/wp\/v2\/product_tag?post=87088"}],"curies":[{"name":"wp","href":"https:\/\/api.w.org\/{rel}","templated":true}]}}