{"id":87086,"date":"2024-08-04T10:01:23","date_gmt":"2024-08-04T10:01:23","guid":{"rendered":"https:\/\/onlinehardwareshop.de\/index.php\/produkt\/tefal-cy505e-all-in-one-slowcooker-multikocher-und-schnellkochtopf\/"},"modified":"2025-05-14T02:32:53","modified_gmt":"2025-05-14T02:32:53","slug":"tefal-cy505e-all-in-one-slowcooker-multikocher-und-schnellkochtopf","status":"publish","type":"product","link":"https:\/\/onlinehardwareshop.de\/index.php\/produkt\/tefal-cy505e-all-in-one-slowcooker-multikocher-und-schnellkochtopf\/","title":{"rendered":"Tefal CY505E All-in-One Slowcooker, Multikocher und Schnellkochtopf"},"content":{"rendered":"<p>Mach dich bereit, denn mit dem All-in-One-Slowcooker, Multikocher und Schnellkochtopf Tefal CY505E kannst du endlos viele Gerichte zubereiten. Egal, ob du deinen Braten zwei Tage lang k\u00f6cheln lassen oder schnell ein Gericht auf den Tisch stellen m\u00f6chtest, dieser Topf macht alles. Du kochst bis zu 80 % schneller als mit Gas. Die Schnellkochfunktion spart n\u00e4mlich Zeit und Energie zugleich, w\u00e4hrend die N\u00e4hrstoffe erhalten bleiben. Mit der Kapazit\u00e4t von 6 Litern kannst du die ganze Familie mit einem leckeren Essen versorgen. Der All-in-One-Topf verf\u00fcgt \u00fcber 25 Programme: f\u00fcr die Zubereitung der Vorspeise bis hin zum Dessert. Das mitgelieferte Rezeptbuch erkl\u00e4rt Schritt f\u00fcr Schritt, wie du deine Gerichte am besten zubereiten kannst.<\/p>\n","protected":false},"excerpt":{"rendered":"<p>Mach dich bereit, denn mit dem All-in-One-Slowcooker, Multikocher und Schnellkochtopf Tefal CY505E kannst du endlos viele Gerichte zubereiten. Egal, ob du deinen Braten zwei Tage lang k\u00f6cheln lassen oder schnell ein Gericht auf den Tisch stellen m\u00f6chtest, dieser Topf macht alles. Du kochst bis zu 80 % schneller als mit Gas. Die Schnellkochfunktion spart n\u00e4mlich Zeit und Energie zugleich, w\u00e4hrend die N\u00e4hrstoffe erhalten bleiben. Mit der Kapazit\u00e4t von 6 Litern kannst du die ganze Familie mit einem leckeren Essen versorgen. Der All-in-One-Topf verf\u00fcgt \u00fcber 25 Programme: f\u00fcr die Zubereitung der Vorspeise bis hin zum Dessert. Das mitgelieferte Rezeptbuch erkl\u00e4rt Schritt f\u00fcr Schritt, wie du deine Gerichte am besten zubereiten kannst.<\/p>\n","protected":false},"featured_media":0,"comment_status":"closed","ping_status":"open","template":"","meta":{"_acf_changed":false},"brand":[506],"product_brand":[],"product_cat":[536],"product_tag":[537],"class_list":{"0":"post-87086","1":"product","2":"type-product","3":"status-publish","5":"brand-tefal","6":"product_cat-slowcooker","7":"product_tag-slowcookers","8":"pa_condition-new","9":"pa_coolblue-de-verzending-morgen-gratis-geliefert","10":"pa_ean-6183","11":"pa_mpn-cy505e10","13":"first","14":"instock","15":"product-type-external"},"acf":[],"_links":{"self":[{"href":"https:\/\/onlinehardwareshop.de\/index.php\/wp-json\/wp\/v2\/product\/87086","targetHints":{"allow":["GET"]}}],"collection":[{"href":"https:\/\/onlinehardwareshop.de\/index.php\/wp-json\/wp\/v2\/product"}],"about":[{"href":"https:\/\/onlinehardwareshop.de\/index.php\/wp-json\/wp\/v2\/types\/product"}],"replies":[{"embeddable":true,"href":"https:\/\/onlinehardwareshop.de\/index.php\/wp-json\/wp\/v2\/comments?post=87086"}],"wp:attachment":[{"href":"https:\/\/onlinehardwareshop.de\/index.php\/wp-json\/wp\/v2\/media?parent=87086"}],"wp:term":[{"taxonomy":"brand","embeddable":true,"href":"https:\/\/onlinehardwareshop.de\/index.php\/wp-json\/wp\/v2\/brand?post=87086"},{"taxonomy":"product_brand","embeddable":true,"href":"https:\/\/onlinehardwareshop.de\/index.php\/wp-json\/wp\/v2\/product_brand?post=87086"},{"taxonomy":"product_cat","embeddable":true,"href":"https:\/\/onlinehardwareshop.de\/index.php\/wp-json\/wp\/v2\/product_cat?post=87086"},{"taxonomy":"product_tag","embeddable":true,"href":"https:\/\/onlinehardwareshop.de\/index.php\/wp-json\/wp\/v2\/product_tag?post=87086"}],"curies":[{"name":"wp","href":"https:\/\/api.w.org\/{rel}","templated":true}]}}