{"id":87051,"date":"2024-03-15T13:54:13","date_gmt":"2024-03-15T13:54:13","guid":{"rendered":"https:\/\/onlinehardwareshop.de\/index.php\/produkt\/russell-hobbs-colours-plus-classic-cream-long-slot-toaster\/"},"modified":"2025-05-14T00:25:29","modified_gmt":"2025-05-14T00:25:29","slug":"russell-hobbs-colours-plus-classic-cream-long-slot-toaster","status":"publish","type":"product","link":"https:\/\/onlinehardwareshop.de\/index.php\/produkt\/russell-hobbs-colours-plus-classic-cream-long-slot-toaster\/","title":{"rendered":"Russell Hobbs Colours Plus+ Classic Cream Long Slot Toaster"},"content":{"rendered":"<p>Der Russell Hobbs Colours Plus+ Classic Cream Long Slot 21395-56 hat einen extra langen Brotschlitz, in den z. B. ein halbes Baguette hineinpasst. Mit dem Drehknopf an der Seite des Toasters kannst du ganz einfach einstellen, wie knusprig du das Brot haben m\u00f6chtest. Geht es etwas zu schnell? Du kannst den Toastvorgang dann mit 1 Knopfdruck unterbrechen. Mit der praktischen Liftfunktion kannst du das Brot einfach herausnehmen, ohne dir die Finger zu verbrennen. Lege den Toast auf den Warmhaltest\u00e4nder, damit er sch\u00f6n warm bleibt. Unten im Toaster befindet sich eine Kr\u00fcmelschublade. So ist die Reinigung nur ein kleiner Aufwand.<\/p>\n","protected":false},"excerpt":{"rendered":"<p>Der Russell Hobbs Colours Plus+ Classic Cream Long Slot 21395-56 hat einen extra langen Brotschlitz, in den z. B. ein halbes Baguette hineinpasst. Mit dem Drehknopf an der Seite des Toasters kannst du ganz einfach einstellen, wie knusprig du das Brot haben m\u00f6chtest. Geht es etwas zu schnell? Du kannst den Toastvorgang dann mit 1 Knopfdruck unterbrechen. Mit der praktischen Liftfunktion kannst du das Brot einfach herausnehmen, ohne dir die Finger zu verbrennen. Lege den Toast auf den Warmhaltest\u00e4nder, damit er sch\u00f6n warm bleibt. Unten im Toaster befindet sich eine Kr\u00fcmelschublade. So ist die Reinigung nur ein kleiner Aufwand.<\/p>\n","protected":false},"featured_media":0,"comment_status":"closed","ping_status":"open","template":"","meta":{"_acf_changed":false},"brand":[734],"product_brand":[],"product_cat":[283],"product_tag":[284],"class_list":{"0":"post-87051","1":"product","2":"type-product","3":"status-publish","5":"brand-russell-hobbs","6":"product_cat-toaster","7":"product_tag-broodroosters","8":"pa_condition-new","9":"pa_coolblue-de-verzending-morgen-gratis-geliefert","10":"pa_ean-2884","11":"pa_mpn-21395-56","13":"first","14":"instock","15":"product-type-external"},"acf":[],"_links":{"self":[{"href":"https:\/\/onlinehardwareshop.de\/index.php\/wp-json\/wp\/v2\/product\/87051","targetHints":{"allow":["GET"]}}],"collection":[{"href":"https:\/\/onlinehardwareshop.de\/index.php\/wp-json\/wp\/v2\/product"}],"about":[{"href":"https:\/\/onlinehardwareshop.de\/index.php\/wp-json\/wp\/v2\/types\/product"}],"replies":[{"embeddable":true,"href":"https:\/\/onlinehardwareshop.de\/index.php\/wp-json\/wp\/v2\/comments?post=87051"}],"wp:attachment":[{"href":"https:\/\/onlinehardwareshop.de\/index.php\/wp-json\/wp\/v2\/media?parent=87051"}],"wp:term":[{"taxonomy":"brand","embeddable":true,"href":"https:\/\/onlinehardwareshop.de\/index.php\/wp-json\/wp\/v2\/brand?post=87051"},{"taxonomy":"product_brand","embeddable":true,"href":"https:\/\/onlinehardwareshop.de\/index.php\/wp-json\/wp\/v2\/product_brand?post=87051"},{"taxonomy":"product_cat","embeddable":true,"href":"https:\/\/onlinehardwareshop.de\/index.php\/wp-json\/wp\/v2\/product_cat?post=87051"},{"taxonomy":"product_tag","embeddable":true,"href":"https:\/\/onlinehardwareshop.de\/index.php\/wp-json\/wp\/v2\/product_tag?post=87051"}],"curies":[{"name":"wp","href":"https:\/\/api.w.org\/{rel}","templated":true}]}}