{"id":87002,"date":"2024-07-11T06:33:22","date_gmt":"2024-07-11T06:33:22","guid":{"rendered":"https:\/\/onlinehardwareshop.de\/index.php\/produkt\/rode-nth-100\/"},"modified":"2025-05-14T05:23:16","modified_gmt":"2025-05-14T05:23:16","slug":"rode-nth-100","status":"publish","type":"product","link":"https:\/\/onlinehardwareshop.de\/index.php\/produkt\/rode-nth-100\/","title":{"rendered":"Rode NTH-100"},"content":{"rendered":"<p>Der Rode NTH-100 wurde speziell f\u00fcr Personen entwickelt, die mehrere Stunden pro Tag einen Kopfh\u00f6rer tragen. Beispielsweise Musiker, Podcast-Ersteller oder einfach Menschen, die viel Musik h\u00f6ren. Die Ohrmuscheln dieses Kopfh\u00f6rers bestehen aus Memory Foam und sind mit Alcantara beschichtet. Hierbei handelt es sich um einen Stoff, der auch f\u00fcr zahlreiche luxuri\u00f6se Autositze verwendet wird. Das FitLok-System sorgt daf\u00fcr, dass der Kopfh\u00f6rer die von dir eingestellte Gr\u00f6\u00dfe beh\u00e4lt. So vermeidest du, dass du ihn immer neu einstellen musst. Dank des umfassenden Frequenzbereichs von 5 bis 35.000 Hertz h\u00f6rst du hohe und tiefe T\u00f6ne gut.<\/p>\n","protected":false},"excerpt":{"rendered":"<p>Der Rode NTH-100 wurde speziell f\u00fcr Personen entwickelt, die mehrere Stunden pro Tag einen Kopfh\u00f6rer tragen. Beispielsweise Musiker, Podcast-Ersteller oder einfach Menschen, die viel Musik h\u00f6ren. Die Ohrmuscheln dieses Kopfh\u00f6rers bestehen aus Memory Foam und sind mit Alcantara beschichtet. Hierbei handelt es sich um einen Stoff, der auch f\u00fcr zahlreiche luxuri\u00f6se Autositze verwendet wird. Das FitLok-System sorgt daf\u00fcr, dass der Kopfh\u00f6rer die von dir eingestellte Gr\u00f6\u00dfe beh\u00e4lt. So vermeidest du, dass du ihn immer neu einstellen musst. Dank des umfassenden Frequenzbereichs von 5 bis 35.000 Hertz h\u00f6rst du hohe und tiefe T\u00f6ne gut.<\/p>\n","protected":false},"featured_media":0,"comment_status":"closed","ping_status":"open","template":"","meta":{"_acf_changed":false},"brand":[1569],"product_brand":[],"product_cat":[1182],"product_tag":[1183],"class_list":{"0":"post-87002","1":"product","2":"type-product","3":"status-publish","5":"brand-rode-microphones","6":"product_cat-kopfhrer","7":"product_tag-hoofdtelefoons-zonder-noisecancelling","8":"pa_condition-new","9":"pa_coolblue-de-verzending-morgen-gratis-geliefert","10":"pa_ean-34542","11":"pa_mpn-rd113768","13":"first","14":"instock","15":"product-type-external"},"acf":[],"_links":{"self":[{"href":"https:\/\/onlinehardwareshop.de\/index.php\/wp-json\/wp\/v2\/product\/87002","targetHints":{"allow":["GET"]}}],"collection":[{"href":"https:\/\/onlinehardwareshop.de\/index.php\/wp-json\/wp\/v2\/product"}],"about":[{"href":"https:\/\/onlinehardwareshop.de\/index.php\/wp-json\/wp\/v2\/types\/product"}],"replies":[{"embeddable":true,"href":"https:\/\/onlinehardwareshop.de\/index.php\/wp-json\/wp\/v2\/comments?post=87002"}],"wp:attachment":[{"href":"https:\/\/onlinehardwareshop.de\/index.php\/wp-json\/wp\/v2\/media?parent=87002"}],"wp:term":[{"taxonomy":"brand","embeddable":true,"href":"https:\/\/onlinehardwareshop.de\/index.php\/wp-json\/wp\/v2\/brand?post=87002"},{"taxonomy":"product_brand","embeddable":true,"href":"https:\/\/onlinehardwareshop.de\/index.php\/wp-json\/wp\/v2\/product_brand?post=87002"},{"taxonomy":"product_cat","embeddable":true,"href":"https:\/\/onlinehardwareshop.de\/index.php\/wp-json\/wp\/v2\/product_cat?post=87002"},{"taxonomy":"product_tag","embeddable":true,"href":"https:\/\/onlinehardwareshop.de\/index.php\/wp-json\/wp\/v2\/product_tag?post=87002"}],"curies":[{"name":"wp","href":"https:\/\/api.w.org\/{rel}","templated":true}]}}