{"id":86995,"date":"2025-03-23T03:39:35","date_gmt":"2025-03-23T03:39:35","guid":{"rendered":"https:\/\/onlinehardwareshop.de\/index.php\/produkt\/corsair-vengeance-lpx-16gb-ddr4-dimm-3200-mhz-16-2x8gb\/"},"modified":"2025-05-14T00:22:35","modified_gmt":"2025-05-14T00:22:35","slug":"corsair-vengeance-lpx-16gb-ddr4-dimm-3200-mhz-16-2x8gb","status":"publish","type":"product","link":"https:\/\/onlinehardwareshop.de\/index.php\/produkt\/corsair-vengeance-lpx-16gb-ddr4-dimm-3200-mhz-16-2x8gb\/","title":{"rendered":"Corsair Vengeance LPX 16GB DDR4 DIMM 3200 MHz\/16 (2x8GB)"},"content":{"rendered":"<p>Hinweis: Dieses RAM-Modul passt nicht in ein Notebook oder einen Mac. Der Computer muss \u00fcber einen DDR4-Steckplatz verf\u00fcgen. \u00dcberpr\u00fcfe dies im Windows Task-Manager, Mehr Details, Reiter &#8218;Leistung&#8216;. Der Speicher wird als DDR3 oder DDR4 ausgewiesen. Falls hier nichts \u00fcber die Verbindung steht, ben\u00f6tigst du DDR4.<\/p>\n<p> Das Corsair Vengeance LPX 16 GB DIMM DDR4-3200\/16 2 x 8 GB, auch als CMK16GX4M2B3200C16 bekannt, ist ein 3.200 MHz-Modul, das f\u00fcr die Verwendung in Desktop-Computern geeignet ist. Dieses Modul ist von einer lebenslangen Garantie von Corsair gedeckt.<\/p>\n","protected":false},"excerpt":{"rendered":"<p>Hinweis: Dieses RAM-Modul passt nicht in ein Notebook oder einen Mac. Der Computer muss \u00fcber einen DDR4-Steckplatz verf\u00fcgen. \u00dcberpr\u00fcfe dies im Windows Task-Manager, Mehr Details, Reiter &#8218;Leistung&#8216;. Der Speicher wird als DDR3 oder DDR4 ausgewiesen. Falls hier nichts \u00fcber die Verbindung steht, ben\u00f6tigst du DDR4.<\/p>\n<p> Das Corsair Vengeance LPX 16 GB DIMM DDR4-3200\/16 2 x 8 GB, auch als CMK16GX4M2B3200C16 bekannt, ist ein 3.200 MHz-Modul, das f\u00fcr die Verwendung in Desktop-Computern geeignet ist. Dieses Modul ist von einer lebenslangen Garantie von Corsair gedeckt.<\/p>\n","protected":false},"featured_media":0,"comment_status":"closed","ping_status":"open","template":"","meta":{"_acf_changed":false},"brand":[1900],"product_brand":[],"product_cat":[2796],"product_tag":[2797],"class_list":{"0":"post-86995","1":"product","2":"type-product","3":"status-publish","5":"brand-corsair","6":"product_cat-ram","7":"product_tag-intern-geheugen-voor-desktop","8":"pa_condition-new","9":"pa_coolblue-de-verzending-morgen-gratis-geliefert","10":"pa_ean-2794","11":"pa_mpn-cmk16gx4m2b3200c16","13":"first","14":"instock","15":"product-type-external"},"acf":[],"_links":{"self":[{"href":"https:\/\/onlinehardwareshop.de\/index.php\/wp-json\/wp\/v2\/product\/86995","targetHints":{"allow":["GET"]}}],"collection":[{"href":"https:\/\/onlinehardwareshop.de\/index.php\/wp-json\/wp\/v2\/product"}],"about":[{"href":"https:\/\/onlinehardwareshop.de\/index.php\/wp-json\/wp\/v2\/types\/product"}],"replies":[{"embeddable":true,"href":"https:\/\/onlinehardwareshop.de\/index.php\/wp-json\/wp\/v2\/comments?post=86995"}],"wp:attachment":[{"href":"https:\/\/onlinehardwareshop.de\/index.php\/wp-json\/wp\/v2\/media?parent=86995"}],"wp:term":[{"taxonomy":"brand","embeddable":true,"href":"https:\/\/onlinehardwareshop.de\/index.php\/wp-json\/wp\/v2\/brand?post=86995"},{"taxonomy":"product_brand","embeddable":true,"href":"https:\/\/onlinehardwareshop.de\/index.php\/wp-json\/wp\/v2\/product_brand?post=86995"},{"taxonomy":"product_cat","embeddable":true,"href":"https:\/\/onlinehardwareshop.de\/index.php\/wp-json\/wp\/v2\/product_cat?post=86995"},{"taxonomy":"product_tag","embeddable":true,"href":"https:\/\/onlinehardwareshop.de\/index.php\/wp-json\/wp\/v2\/product_tag?post=86995"}],"curies":[{"name":"wp","href":"https:\/\/api.w.org\/{rel}","templated":true}]}}