{"id":86968,"date":"2024-04-01T07:52:54","date_gmt":"2024-04-01T07:52:54","guid":{"rendered":"https:\/\/onlinehardwareshop.de\/index.php\/produkt\/sony-ecm-w3\/"},"modified":"2025-05-14T09:33:31","modified_gmt":"2025-05-14T09:33:31","slug":"sony-ecm-w3","status":"publish","type":"product","link":"https:\/\/onlinehardwareshop.de\/index.php\/produkt\/sony-ecm-w3\/","title":{"rendered":"Sony ECM-W3"},"content":{"rendered":"<p>Interviewe mit dem Sony ECM-W3 kabellosem Mikrofonset zwei Personen gleichzeitig. Du bekommst zwei kompakte Mikrofone und einen Empf\u00e4nger. Du kannst die Mikrofone einfach an den Kragen deiner Kleidung clippen. Schlie\u00dfe den Empf\u00e4nger an deiner Kamera oder an deinem Smartphone an und lege sofort mit dem Filmen los. Spezielle Filter unterdr\u00fccken Rauschen im Hintergrund. Deine Aufnahmen klingen dadurch deutlich, sogar wenn du in einer lauten Umgebung filmst. Die Mikrofone haben eine Akkulaufzeit von sechs Stunden. Du nimmst sie problemlos einen Tag lang mit, wenn du unterwegs bist f\u00fcr eine Reportage. So hast du eine Reichweite von 150 Meter, was dir viel Bewegungsfreiheit bietet. Das ist praktisch, wenn du beispielsweise eine Naturreportage aufnimmst. Die Mikrofone und der Empf\u00e4nger haben ein feuchtigkeitsbest\u00e4ndiges Design, weswegen du sie auch w\u00e4hrend eines Regenschauers verwenden kannst.<\/p>\n","protected":false},"excerpt":{"rendered":"<p>Interviewe mit dem Sony ECM-W3 kabellosem Mikrofonset zwei Personen gleichzeitig. Du bekommst zwei kompakte Mikrofone und einen Empf\u00e4nger. Du kannst die Mikrofone einfach an den Kragen deiner Kleidung clippen. Schlie\u00dfe den Empf\u00e4nger an deiner Kamera oder an deinem Smartphone an und lege sofort mit dem Filmen los. Spezielle Filter unterdr\u00fccken Rauschen im Hintergrund. Deine Aufnahmen klingen dadurch deutlich, sogar wenn du in einer lauten Umgebung filmst. Die Mikrofone haben eine Akkulaufzeit von sechs Stunden. Du nimmst sie problemlos einen Tag lang mit, wenn du unterwegs bist f\u00fcr eine Reportage. So hast du eine Reichweite von 150 Meter, was dir viel Bewegungsfreiheit bietet. Das ist praktisch, wenn du beispielsweise eine Naturreportage aufnimmst. Die Mikrofone und der Empf\u00e4nger haben ein feuchtigkeitsbest\u00e4ndiges Design, weswegen du sie auch w\u00e4hrend eines Regenschauers verwenden kannst.<\/p>\n","protected":false},"featured_media":0,"comment_status":"closed","ping_status":"open","template":"","meta":{"_acf_changed":false},"brand":[56],"product_brand":[],"product_cat":[1570],"product_tag":[1571],"class_list":{"0":"post-86968","1":"product","2":"type-product","3":"status-publish","5":"brand-sony","6":"product_cat-kameramikrofone","7":"product_tag-cameramicrofoons","8":"pa_condition-new","9":"pa_coolblue-de-verzending-morgen-gratis-geliefert","10":"pa_ean-32175","11":"pa_mpn-ecmw3-ce7","13":"first","14":"instock","15":"product-type-external"},"acf":[],"_links":{"self":[{"href":"https:\/\/onlinehardwareshop.de\/index.php\/wp-json\/wp\/v2\/product\/86968","targetHints":{"allow":["GET"]}}],"collection":[{"href":"https:\/\/onlinehardwareshop.de\/index.php\/wp-json\/wp\/v2\/product"}],"about":[{"href":"https:\/\/onlinehardwareshop.de\/index.php\/wp-json\/wp\/v2\/types\/product"}],"replies":[{"embeddable":true,"href":"https:\/\/onlinehardwareshop.de\/index.php\/wp-json\/wp\/v2\/comments?post=86968"}],"wp:attachment":[{"href":"https:\/\/onlinehardwareshop.de\/index.php\/wp-json\/wp\/v2\/media?parent=86968"}],"wp:term":[{"taxonomy":"brand","embeddable":true,"href":"https:\/\/onlinehardwareshop.de\/index.php\/wp-json\/wp\/v2\/brand?post=86968"},{"taxonomy":"product_brand","embeddable":true,"href":"https:\/\/onlinehardwareshop.de\/index.php\/wp-json\/wp\/v2\/product_brand?post=86968"},{"taxonomy":"product_cat","embeddable":true,"href":"https:\/\/onlinehardwareshop.de\/index.php\/wp-json\/wp\/v2\/product_cat?post=86968"},{"taxonomy":"product_tag","embeddable":true,"href":"https:\/\/onlinehardwareshop.de\/index.php\/wp-json\/wp\/v2\/product_tag?post=86968"}],"curies":[{"name":"wp","href":"https:\/\/api.w.org\/{rel}","templated":true}]}}