{"id":86960,"date":"2024-06-06T09:20:42","date_gmt":"2024-06-06T09:20:42","guid":{"rendered":"https:\/\/onlinehardwareshop.de\/index.php\/produkt\/bosch-vitapower-serie-4-mmb6382m\/"},"modified":"2025-05-14T02:51:58","modified_gmt":"2025-05-14T02:51:58","slug":"bosch-vitapower-serie-4-mmb6382m","status":"publish","type":"product","link":"https:\/\/onlinehardwareshop.de\/index.php\/produkt\/bosch-vitapower-serie-4-mmb6382m\/","title":{"rendered":"Bosch VitaPower Serie 4 MMB6382M"},"content":{"rendered":"<p>Mit dem Bosch VitaPower Serie 4 MMB6382M bekommst du einen leistungsstarken Standmixer, der dank des ProPerformance-Systems feine, cremige Smoothies macht. Dank der Leistung drehen sich die Messer mit 30.000 Umdrehungen pro Minute. Dadurch ist daf\u00fcr gesorgt, dass deine Smoothies auch mit harten Zutaten wie Eis und N\u00fcssen cremig werden. Mit dem St\u00f6\u00dfel lassen sich auch Mischungen mit dicker Konsistenz einfach mixen. Der Standmixer ist mit zwei automatischen Programmen ausgestattet, mit denen du problemlos Smoothies oder Eisgetr\u00e4nke zubereiten kannst. Mit dem Reinigungsprogramm l\u00e4sst sich der Mixbeh\u00e4lter problemlos reinigen. Die einzelnen Teile k\u00f6nnen im Geschirrsp\u00fcler gereinigt werden.<\/p>\n","protected":false},"excerpt":{"rendered":"<p>Mit dem Bosch VitaPower Serie 4 MMB6382M bekommst du einen leistungsstarken Standmixer, der dank des ProPerformance-Systems feine, cremige Smoothies macht. Dank der Leistung drehen sich die Messer mit 30.000 Umdrehungen pro Minute. Dadurch ist daf\u00fcr gesorgt, dass deine Smoothies auch mit harten Zutaten wie Eis und N\u00fcssen cremig werden. Mit dem St\u00f6\u00dfel lassen sich auch Mischungen mit dicker Konsistenz einfach mixen. Der Standmixer ist mit zwei automatischen Programmen ausgestattet, mit denen du problemlos Smoothies oder Eisgetr\u00e4nke zubereiten kannst. Mit dem Reinigungsprogramm l\u00e4sst sich der Mixbeh\u00e4lter problemlos reinigen. Die einzelnen Teile k\u00f6nnen im Geschirrsp\u00fcler gereinigt werden.<\/p>\n","protected":false},"featured_media":0,"comment_status":"closed","ping_status":"open","template":"","meta":{"_acf_changed":false},"brand":[250],"product_brand":[],"product_cat":[1606],"product_tag":[1607],"class_list":{"0":"post-86960","1":"product","2":"type-product","3":"status-publish","5":"brand-bosch","6":"product_cat-standmixer","7":"product_tag-blenders","8":"pa_condition-new","9":"pa_coolblue-de-verzending-morgen-gratis-geliefert","10":"pa_ean-6718","11":"pa_mpn-mmb6382m","13":"first","14":"instock","15":"product-type-external"},"acf":[],"_links":{"self":[{"href":"https:\/\/onlinehardwareshop.de\/index.php\/wp-json\/wp\/v2\/product\/86960","targetHints":{"allow":["GET"]}}],"collection":[{"href":"https:\/\/onlinehardwareshop.de\/index.php\/wp-json\/wp\/v2\/product"}],"about":[{"href":"https:\/\/onlinehardwareshop.de\/index.php\/wp-json\/wp\/v2\/types\/product"}],"replies":[{"embeddable":true,"href":"https:\/\/onlinehardwareshop.de\/index.php\/wp-json\/wp\/v2\/comments?post=86960"}],"wp:attachment":[{"href":"https:\/\/onlinehardwareshop.de\/index.php\/wp-json\/wp\/v2\/media?parent=86960"}],"wp:term":[{"taxonomy":"brand","embeddable":true,"href":"https:\/\/onlinehardwareshop.de\/index.php\/wp-json\/wp\/v2\/brand?post=86960"},{"taxonomy":"product_brand","embeddable":true,"href":"https:\/\/onlinehardwareshop.de\/index.php\/wp-json\/wp\/v2\/product_brand?post=86960"},{"taxonomy":"product_cat","embeddable":true,"href":"https:\/\/onlinehardwareshop.de\/index.php\/wp-json\/wp\/v2\/product_cat?post=86960"},{"taxonomy":"product_tag","embeddable":true,"href":"https:\/\/onlinehardwareshop.de\/index.php\/wp-json\/wp\/v2\/product_tag?post=86960"}],"curies":[{"name":"wp","href":"https:\/\/api.w.org\/{rel}","templated":true}]}}