{"id":86959,"date":"2024-03-17T02:57:12","date_gmt":"2024-03-17T02:57:12","guid":{"rendered":"https:\/\/onlinehardwareshop.de\/index.php\/produkt\/george-foreman-fit-grill-medium-kupfer\/"},"modified":"2025-05-14T02:48:49","modified_gmt":"2025-05-14T02:48:49","slug":"george-foreman-fit-grill-medium-kupfer","status":"publish","type":"product","link":"https:\/\/onlinehardwareshop.de\/index.php\/produkt\/george-foreman-fit-grill-medium-kupfer\/","title":{"rendered":"George Foreman Fit Grill Medium Kupfer"},"content":{"rendered":"<p>Der George Foreman Fit Grill Medium Kupfer ist ein Grill, der schnell aufgeheizt und leicht aufzubewahren ist. Die Antihaftbeschichtung sorgt daf\u00fcr, dass Essen nicht am Grill haften bleibt und dass dieser leicht gereinigt werden kann. Der Grill hat nicht nur ein kompaktes Design, dank dessen du ihn leicht aufbewahren kannst, sondern der George Foreman Grill l\u00e4sst sich auch im gekippten Stand verwenden. Dadurch l\u00e4uft das Fett einfach in den daf\u00fcr bestimmten Auffangbeh\u00e4lter und das Fleisch von zum Beispiel einem Hamburger ist nicht ganz so fettig wie bei einer horizontalen Zubereitung. Der Grill wurde so entwickelt, dass er durchschnittlich 30\u00a0% weniger Platz einnimmt als vergleichbare Grills. Du kannst den Grill n\u00e4mlich vertikal und horizontal verstauen.<\/p>\n","protected":false},"excerpt":{"rendered":"<p>Der George Foreman Fit Grill Medium Kupfer ist ein Grill, der schnell aufgeheizt und leicht aufzubewahren ist. Die Antihaftbeschichtung sorgt daf\u00fcr, dass Essen nicht am Grill haften bleibt und dass dieser leicht gereinigt werden kann. Der Grill hat nicht nur ein kompaktes Design, dank dessen du ihn leicht aufbewahren kannst, sondern der George Foreman Grill l\u00e4sst sich auch im gekippten Stand verwenden. Dadurch l\u00e4uft das Fett einfach in den daf\u00fcr bestimmten Auffangbeh\u00e4lter und das Fleisch von zum Beispiel einem Hamburger ist nicht ganz so fettig wie bei einer horizontalen Zubereitung. Der Grill wurde so entwickelt, dass er durchschnittlich 30\u00a0% weniger Platz einnimmt als vergleichbare Grills. Du kannst den Grill n\u00e4mlich vertikal und horizontal verstauen.<\/p>\n","protected":false},"featured_media":0,"comment_status":"closed","ping_status":"open","template":"","meta":{"_acf_changed":false},"brand":[6625],"product_brand":[],"product_cat":[300],"product_tag":[301],"class_list":{"0":"post-86959","1":"product","2":"type-product","3":"status-publish","5":"brand-george-foreman","6":"product_cat-kontaktgrills","7":"product_tag-contactgrills","8":"pa_condition-new","9":"pa_coolblue-de-verzending-morgen-gratis-geliefert","10":"pa_ean-6626","11":"pa_mpn-25811-56","13":"first","14":"instock","15":"product-type-external"},"acf":[],"_links":{"self":[{"href":"https:\/\/onlinehardwareshop.de\/index.php\/wp-json\/wp\/v2\/product\/86959","targetHints":{"allow":["GET"]}}],"collection":[{"href":"https:\/\/onlinehardwareshop.de\/index.php\/wp-json\/wp\/v2\/product"}],"about":[{"href":"https:\/\/onlinehardwareshop.de\/index.php\/wp-json\/wp\/v2\/types\/product"}],"replies":[{"embeddable":true,"href":"https:\/\/onlinehardwareshop.de\/index.php\/wp-json\/wp\/v2\/comments?post=86959"}],"wp:attachment":[{"href":"https:\/\/onlinehardwareshop.de\/index.php\/wp-json\/wp\/v2\/media?parent=86959"}],"wp:term":[{"taxonomy":"brand","embeddable":true,"href":"https:\/\/onlinehardwareshop.de\/index.php\/wp-json\/wp\/v2\/brand?post=86959"},{"taxonomy":"product_brand","embeddable":true,"href":"https:\/\/onlinehardwareshop.de\/index.php\/wp-json\/wp\/v2\/product_brand?post=86959"},{"taxonomy":"product_cat","embeddable":true,"href":"https:\/\/onlinehardwareshop.de\/index.php\/wp-json\/wp\/v2\/product_cat?post=86959"},{"taxonomy":"product_tag","embeddable":true,"href":"https:\/\/onlinehardwareshop.de\/index.php\/wp-json\/wp\/v2\/product_tag?post=86959"}],"curies":[{"name":"wp","href":"https:\/\/api.w.org\/{rel}","templated":true}]}}