{"id":86946,"date":"2024-09-24T11:36:27","date_gmt":"2024-09-24T11:36:27","guid":{"rendered":"https:\/\/onlinehardwareshop.de\/index.php\/produkt\/godox-speedlite-v100-canon\/"},"modified":"2025-05-14T19:40:22","modified_gmt":"2025-05-14T19:40:22","slug":"godox-speedlite-v100-canon","status":"publish","type":"product","link":"https:\/\/onlinehardwareshop.de\/index.php\/produkt\/godox-speedlite-v100-canon\/","title":{"rendered":"Godox Speedlite V100 Canon"},"content":{"rendered":"<p>Mit dem Godox Speedlite V100 Canon machst du helle Fotos an dunklen Orten. Dieses Blitzger\u00e4t hat einen 2,3-Zoll-Touchscreen, auf dem du die Blitzeinstellungen schnell vornimmst. Beispielsweise passt du die Lichtintensit\u00e4t an deine Umgebung an. Das Blitzger\u00e4t hat eine hohe maximale Leistung von 100\u00a0W. Auf diese Weise f\u00fcgst du deinen Bildern viel Licht hinzu, was zum Beispiel praktisch ist, wenn du mit Gegenlicht fotografierst. Damit belichtest du auch Motive, die etwas weiter entfernt sind. Dieses Set enth\u00e4lt ein externes Blitzmodul, das du zum Beispiel bei Portr\u00e4t-Shootings verwendest. Dabei richtest du den Hauptblitz zur Seite aus, um das Licht \u00fcber die Wand oder die Decke reflektieren zu lassen. So entsteht eine sanfte Beleuchtung. Mit dem kleineren Blitzmodul sorgst du daf\u00fcr, dass das Gesicht deines Modells dennoch gut beleuchtet ist.<\/p>\n","protected":false},"excerpt":{"rendered":"<p>Mit dem Godox Speedlite V100 Canon machst du helle Fotos an dunklen Orten. Dieses Blitzger\u00e4t hat einen 2,3-Zoll-Touchscreen, auf dem du die Blitzeinstellungen schnell vornimmst. Beispielsweise passt du die Lichtintensit\u00e4t an deine Umgebung an. Das Blitzger\u00e4t hat eine hohe maximale Leistung von 100\u00a0W. Auf diese Weise f\u00fcgst du deinen Bildern viel Licht hinzu, was zum Beispiel praktisch ist, wenn du mit Gegenlicht fotografierst. Damit belichtest du auch Motive, die etwas weiter entfernt sind. Dieses Set enth\u00e4lt ein externes Blitzmodul, das du zum Beispiel bei Portr\u00e4t-Shootings verwendest. Dabei richtest du den Hauptblitz zur Seite aus, um das Licht \u00fcber die Wand oder die Decke reflektieren zu lassen. So entsteht eine sanfte Beleuchtung. Mit dem kleineren Blitzmodul sorgst du daf\u00fcr, dass das Gesicht deines Modells dennoch gut beleuchtet ist.<\/p>\n","protected":false},"featured_media":0,"comment_status":"closed","ping_status":"open","template":"","meta":{"_acf_changed":false},"brand":[503],"product_brand":[],"product_cat":[2182],"product_tag":[2183],"class_list":{"0":"post-86946","1":"product","2":"type-product","3":"status-publish","5":"brand-godox","6":"product_cat-blitzgerte","7":"product_tag-flitsers","8":"pa_condition-new","9":"pa_coolblue-de-verzending-morgen-gratis-geliefert","10":"pa_ean-34534","11":"pa_mpn-d291761","13":"first","14":"instock","15":"product-type-external"},"acf":[],"_links":{"self":[{"href":"https:\/\/onlinehardwareshop.de\/index.php\/wp-json\/wp\/v2\/product\/86946","targetHints":{"allow":["GET"]}}],"collection":[{"href":"https:\/\/onlinehardwareshop.de\/index.php\/wp-json\/wp\/v2\/product"}],"about":[{"href":"https:\/\/onlinehardwareshop.de\/index.php\/wp-json\/wp\/v2\/types\/product"}],"replies":[{"embeddable":true,"href":"https:\/\/onlinehardwareshop.de\/index.php\/wp-json\/wp\/v2\/comments?post=86946"}],"wp:attachment":[{"href":"https:\/\/onlinehardwareshop.de\/index.php\/wp-json\/wp\/v2\/media?parent=86946"}],"wp:term":[{"taxonomy":"brand","embeddable":true,"href":"https:\/\/onlinehardwareshop.de\/index.php\/wp-json\/wp\/v2\/brand?post=86946"},{"taxonomy":"product_brand","embeddable":true,"href":"https:\/\/onlinehardwareshop.de\/index.php\/wp-json\/wp\/v2\/product_brand?post=86946"},{"taxonomy":"product_cat","embeddable":true,"href":"https:\/\/onlinehardwareshop.de\/index.php\/wp-json\/wp\/v2\/product_cat?post=86946"},{"taxonomy":"product_tag","embeddable":true,"href":"https:\/\/onlinehardwareshop.de\/index.php\/wp-json\/wp\/v2\/product_tag?post=86946"}],"curies":[{"name":"wp","href":"https:\/\/api.w.org\/{rel}","templated":true}]}}