{"id":86943,"date":"2024-03-21T22:23:10","date_gmt":"2024-03-21T22:23:10","guid":{"rendered":"https:\/\/onlinehardwareshop.de\/index.php\/produkt\/godox-speedlite-v1pro-nikon\/"},"modified":"2025-05-14T19:40:07","modified_gmt":"2025-05-14T19:40:07","slug":"godox-speedlite-v1pro-nikon","status":"publish","type":"product","link":"https:\/\/onlinehardwareshop.de\/index.php\/produkt\/godox-speedlite-v1pro-nikon\/","title":{"rendered":"Godox Speedlite V1Pro Nikon"},"content":{"rendered":"<p>Mit dem Godox Speedlite V1Pro Nikon nimmst du helle Fotos von unterschiedlichen Motiven auf. Dieses Set enth\u00e4lt ein externes Blitzmodul, was bei einem Portr\u00e4t-Shooting praktisch ist. Dabei richtest du den Hauptblitz zur Seite aus, um das Licht von der Wand oder der Decke reflektieren zu lassen. So entsteht eine sanfte Beleuchtung. Mit dem kleineren externen Blitzmodul sorgst du daf\u00fcr, dass das Gesicht deines Modells trotzdem gut beleuchtet ist. Das Blitzger\u00e4t hat einen runden Kopf f\u00fcr eine nat\u00fcrliche Beleuchtung ohne harte Schatten. Dank der kompakten Gr\u00f6\u00dfe nimmst du den Blitz ganz einfach mit. Daher eignet er sich zum Beispiel f\u00fcr Reportagen oder Portr\u00e4tfotografie vor Ort. Au\u00dferdem verwendest du das Blitzger\u00e4t im Studio. Du bringst verschiedene Zubeh\u00f6rteile auf dem magnetischen Kopf an, zum Beispiel Lichtformer.<\/p>\n","protected":false},"excerpt":{"rendered":"<p>Mit dem Godox Speedlite V1Pro Nikon nimmst du helle Fotos von unterschiedlichen Motiven auf. Dieses Set enth\u00e4lt ein externes Blitzmodul, was bei einem Portr\u00e4t-Shooting praktisch ist. Dabei richtest du den Hauptblitz zur Seite aus, um das Licht von der Wand oder der Decke reflektieren zu lassen. So entsteht eine sanfte Beleuchtung. Mit dem kleineren externen Blitzmodul sorgst du daf\u00fcr, dass das Gesicht deines Modells trotzdem gut beleuchtet ist. Das Blitzger\u00e4t hat einen runden Kopf f\u00fcr eine nat\u00fcrliche Beleuchtung ohne harte Schatten. Dank der kompakten Gr\u00f6\u00dfe nimmst du den Blitz ganz einfach mit. Daher eignet er sich zum Beispiel f\u00fcr Reportagen oder Portr\u00e4tfotografie vor Ort. Au\u00dferdem verwendest du das Blitzger\u00e4t im Studio. Du bringst verschiedene Zubeh\u00f6rteile auf dem magnetischen Kopf an, zum Beispiel Lichtformer.<\/p>\n","protected":false},"featured_media":0,"comment_status":"closed","ping_status":"open","template":"","meta":{"_acf_changed":false},"brand":[503],"product_brand":[],"product_cat":[2182],"product_tag":[2183],"class_list":{"0":"post-86943","1":"product","2":"type-product","3":"status-publish","5":"brand-godox","6":"product_cat-blitzgerte","7":"product_tag-flitsers","8":"pa_condition-new","9":"pa_coolblue-de-verzending-morgen-gratis-geliefert","10":"pa_ean-34528","11":"pa_mpn-d261021","13":"first","14":"instock","15":"product-type-external"},"acf":[],"_links":{"self":[{"href":"https:\/\/onlinehardwareshop.de\/index.php\/wp-json\/wp\/v2\/product\/86943","targetHints":{"allow":["GET"]}}],"collection":[{"href":"https:\/\/onlinehardwareshop.de\/index.php\/wp-json\/wp\/v2\/product"}],"about":[{"href":"https:\/\/onlinehardwareshop.de\/index.php\/wp-json\/wp\/v2\/types\/product"}],"replies":[{"embeddable":true,"href":"https:\/\/onlinehardwareshop.de\/index.php\/wp-json\/wp\/v2\/comments?post=86943"}],"wp:attachment":[{"href":"https:\/\/onlinehardwareshop.de\/index.php\/wp-json\/wp\/v2\/media?parent=86943"}],"wp:term":[{"taxonomy":"brand","embeddable":true,"href":"https:\/\/onlinehardwareshop.de\/index.php\/wp-json\/wp\/v2\/brand?post=86943"},{"taxonomy":"product_brand","embeddable":true,"href":"https:\/\/onlinehardwareshop.de\/index.php\/wp-json\/wp\/v2\/product_brand?post=86943"},{"taxonomy":"product_cat","embeddable":true,"href":"https:\/\/onlinehardwareshop.de\/index.php\/wp-json\/wp\/v2\/product_cat?post=86943"},{"taxonomy":"product_tag","embeddable":true,"href":"https:\/\/onlinehardwareshop.de\/index.php\/wp-json\/wp\/v2\/product_tag?post=86943"}],"curies":[{"name":"wp","href":"https:\/\/api.w.org\/{rel}","templated":true}]}}