{"id":86920,"date":"2024-06-12T07:04:09","date_gmt":"2024-06-12T07:04:09","guid":{"rendered":"https:\/\/onlinehardwareshop.de\/index.php\/produkt\/samsung-one-invisible-cable-vg-socc05\/"},"modified":"2025-05-14T17:48:17","modified_gmt":"2025-05-14T17:48:17","slug":"samsung-one-invisible-cable-vg-socc05","status":"publish","type":"product","link":"https:\/\/onlinehardwareshop.de\/index.php\/produkt\/samsung-one-invisible-cable-vg-socc05\/","title":{"rendered":"Samsung One Invisible Cable VG-SOCC05"},"content":{"rendered":"<p>Das Samsung One Invisible Cable VG-SOCC05 ist ein f\u00fcnf Meter langes Kabel, das deinen Samsung 4K QLED-Fernseher oder The Frame unsichtbar verbindet. Das Kabel verbindet deinen Fernseher mit der One Connect Box, sodass Ger\u00e4te und Kabel nicht sichtbar sind. Das Ergebnis ist ein aufger\u00e4umtes und sauberes Wohnzimmer.  Hinweis: Dieses Kabel ist nur f\u00fcr die Modelle Samsung S95D und S95F geeignet, nicht f\u00fcr andere Fernsehger\u00e4te.<\/p>\n","protected":false},"excerpt":{"rendered":"<p>Das Samsung One Invisible Cable VG-SOCC05 ist ein f\u00fcnf Meter langes Kabel, das deinen Samsung 4K QLED-Fernseher oder The Frame unsichtbar verbindet. Das Kabel verbindet deinen Fernseher mit der One Connect Box, sodass Ger\u00e4te und Kabel nicht sichtbar sind. Das Ergebnis ist ein aufger\u00e4umtes und sauberes Wohnzimmer.  Hinweis: Dieses Kabel ist nur f\u00fcr die Modelle Samsung S95D und S95F geeignet, nicht f\u00fcr andere Fernsehger\u00e4te.<\/p>\n","protected":false},"featured_media":0,"comment_status":"closed","ping_status":"open","template":"","meta":{"_acf_changed":false},"brand":[1165],"product_brand":[],"product_cat":[1804],"product_tag":[1805],"class_list":{"0":"post-86920","1":"product","2":"type-product","3":"status-publish","5":"brand-samsung","6":"product_cat-av-kabel","7":"product_tag-kabels-overig","8":"pa_condition-new","9":"pa_coolblue-de-verzending-morgen-gratis-geliefert","10":"pa_ean-28659","11":"pa_mpn-vg-socc05-xc","13":"first","14":"instock","15":"product-type-external"},"acf":[],"_links":{"self":[{"href":"https:\/\/onlinehardwareshop.de\/index.php\/wp-json\/wp\/v2\/product\/86920","targetHints":{"allow":["GET"]}}],"collection":[{"href":"https:\/\/onlinehardwareshop.de\/index.php\/wp-json\/wp\/v2\/product"}],"about":[{"href":"https:\/\/onlinehardwareshop.de\/index.php\/wp-json\/wp\/v2\/types\/product"}],"replies":[{"embeddable":true,"href":"https:\/\/onlinehardwareshop.de\/index.php\/wp-json\/wp\/v2\/comments?post=86920"}],"wp:attachment":[{"href":"https:\/\/onlinehardwareshop.de\/index.php\/wp-json\/wp\/v2\/media?parent=86920"}],"wp:term":[{"taxonomy":"brand","embeddable":true,"href":"https:\/\/onlinehardwareshop.de\/index.php\/wp-json\/wp\/v2\/brand?post=86920"},{"taxonomy":"product_brand","embeddable":true,"href":"https:\/\/onlinehardwareshop.de\/index.php\/wp-json\/wp\/v2\/product_brand?post=86920"},{"taxonomy":"product_cat","embeddable":true,"href":"https:\/\/onlinehardwareshop.de\/index.php\/wp-json\/wp\/v2\/product_cat?post=86920"},{"taxonomy":"product_tag","embeddable":true,"href":"https:\/\/onlinehardwareshop.de\/index.php\/wp-json\/wp\/v2\/product_tag?post=86920"}],"curies":[{"name":"wp","href":"https:\/\/api.w.org\/{rel}","templated":true}]}}