{"id":86895,"date":"2025-05-14T06:52:51","date_gmt":"2025-05-14T06:52:51","guid":{"rendered":"https:\/\/onlinehardwareshop.de\/index.php\/produkt\/canon-pixma-ts3751i-1-satz-reservepatronen-fotopapier\/"},"modified":"2025-05-14T15:53:46","modified_gmt":"2025-05-14T15:53:46","slug":"canon-pixma-ts3751i-1-satz-reservepatronen-fotopapier","status":"publish","type":"product","link":"https:\/\/onlinehardwareshop.de\/index.php\/produkt\/canon-pixma-ts3751i-1-satz-reservepatronen-fotopapier\/","title":{"rendered":"Canon PIXMA TS3751i + 1 Satz Reservepatronen + Fotopapier"},"content":{"rendered":"<p>Lege dir mit dem Set aus Canon PIXMA TS3751i + 1 Satz Reservepatronen + Fotopapier genug Tinte f\u00fcr deine Druckauftr\u00e4ge zu. Das Set enth\u00e4lt eine schwarze Patrone und eine Farbpatrone sowie 50 B\u00f6gen Fotopapier, sodass du direkt loslegst. Mit dem Canon PIXMA TS3751i erh\u00e4ltst du einen benutzerfreundlichen Multifunktions-Tintenstrahl-Farbdrucker f\u00fcr zu Hause. \u00dcber die Canon PRINT App verbindest du problemlos kabellose Ger\u00e4te mit dem PIXMA Drucker. Bist du in einem anderen Raum und ben\u00f6tigst schnell einen Bericht? Dann drucke das Dokument von deinem Smartphone oder Tablet aus. Der Canon Drucker ist kompakt, sodass er auf deinem Schreibtisch nicht viel Platz einnimmt. Der Drucker verf\u00fcgt \u00fcber eine schwarze und eine 3-in-1-Farbpatrone.   Geeignet f\u00fcr den Canon PIXMA Print Plan  Dieser Drucker eignet sich f\u00fcr den Canon PIXMA Print Plan. Dabei handelt es sich um einen Tintenservice, der dir eine bestimmte Anzahl Ausdrucke f\u00fcr einen festen Monatsbetrag zur Verf\u00fcgung stellt. Dein Drucker bestellt selbstst\u00e4ndig neue Patronen, wenn diese fast leer sind, die kostenlos geliefert werden. So geht dir nie mehr die Tinte aus. M\u00f6chtest du mehr \u00fcber den PIXMA Print Plan erfahren? Sieh dir unseren Beratungsartikel an.<\/p>\n","protected":false},"excerpt":{"rendered":"<p>Lege dir mit dem Set aus Canon PIXMA TS3751i + 1 Satz Reservepatronen + Fotopapier genug Tinte f\u00fcr deine Druckauftr\u00e4ge zu. Das Set enth\u00e4lt eine schwarze Patrone und eine Farbpatrone sowie 50 B\u00f6gen Fotopapier, sodass du direkt loslegst. Mit dem Canon PIXMA TS3751i erh\u00e4ltst du einen benutzerfreundlichen Multifunktions-Tintenstrahl-Farbdrucker f\u00fcr zu Hause. \u00dcber die Canon PRINT App verbindest du problemlos kabellose Ger\u00e4te mit dem PIXMA Drucker. Bist du in einem anderen Raum und ben\u00f6tigst schnell einen Bericht? Dann drucke das Dokument von deinem Smartphone oder Tablet aus. Der Canon Drucker ist kompakt, sodass er auf deinem Schreibtisch nicht viel Platz einnimmt. Der Drucker verf\u00fcgt \u00fcber eine schwarze und eine 3-in-1-Farbpatrone.   Geeignet f\u00fcr den Canon PIXMA Print Plan  Dieser Drucker eignet sich f\u00fcr den Canon PIXMA Print Plan. Dabei handelt es sich um einen Tintenservice, der dir eine bestimmte Anzahl Ausdrucke f\u00fcr einen festen Monatsbetrag zur Verf\u00fcgung stellt. Dein Drucker bestellt selbstst\u00e4ndig neue Patronen, wenn diese fast leer sind, die kostenlos geliefert werden. So geht dir nie mehr die Tinte aus. M\u00f6chtest du mehr \u00fcber den PIXMA Print Plan erfahren? Sieh dir unseren Beratungsartikel an.<\/p>\n","protected":false},"featured_media":0,"comment_status":"closed","ping_status":"open","template":"","meta":{"_acf_changed":false},"brand":[61],"product_brand":[],"product_cat":[2205],"product_tag":[2206],"class_list":{"0":"post-86895","1":"product","2":"type-product","3":"status-publish","5":"brand-canon","6":"product_cat-drucker","7":"product_tag-inkjetprinters","8":"pa_condition-new","9":"pa_coolblue-de-verzending-morgen-gratis-geliefert","10":"pa_ean-27592","12":"first","13":"instock","14":"product-type-external"},"acf":[],"_links":{"self":[{"href":"https:\/\/onlinehardwareshop.de\/index.php\/wp-json\/wp\/v2\/product\/86895","targetHints":{"allow":["GET"]}}],"collection":[{"href":"https:\/\/onlinehardwareshop.de\/index.php\/wp-json\/wp\/v2\/product"}],"about":[{"href":"https:\/\/onlinehardwareshop.de\/index.php\/wp-json\/wp\/v2\/types\/product"}],"replies":[{"embeddable":true,"href":"https:\/\/onlinehardwareshop.de\/index.php\/wp-json\/wp\/v2\/comments?post=86895"}],"wp:attachment":[{"href":"https:\/\/onlinehardwareshop.de\/index.php\/wp-json\/wp\/v2\/media?parent=86895"}],"wp:term":[{"taxonomy":"brand","embeddable":true,"href":"https:\/\/onlinehardwareshop.de\/index.php\/wp-json\/wp\/v2\/brand?post=86895"},{"taxonomy":"product_brand","embeddable":true,"href":"https:\/\/onlinehardwareshop.de\/index.php\/wp-json\/wp\/v2\/product_brand?post=86895"},{"taxonomy":"product_cat","embeddable":true,"href":"https:\/\/onlinehardwareshop.de\/index.php\/wp-json\/wp\/v2\/product_cat?post=86895"},{"taxonomy":"product_tag","embeddable":true,"href":"https:\/\/onlinehardwareshop.de\/index.php\/wp-json\/wp\/v2\/product_tag?post=86895"}],"curies":[{"name":"wp","href":"https:\/\/api.w.org\/{rel}","templated":true}]}}