{"id":86889,"date":"2025-03-12T07:56:34","date_gmt":"2025-03-12T07:56:34","guid":{"rendered":"https:\/\/onlinehardwareshop.de\/index.php\/produkt\/bourgini-classic-kitchen-chef-schwarz\/"},"modified":"2025-05-14T15:03:24","modified_gmt":"2025-05-14T15:03:24","slug":"bourgini-classic-kitchen-chef-schwarz","status":"publish","type":"product","link":"https:\/\/onlinehardwareshop.de\/index.php\/produkt\/bourgini-classic-kitchen-chef-schwarz\/","title":{"rendered":"Bourgini Classic Kitchen Chef Schwarz"},"content":{"rendered":"<p>Bereite mit der Bourgini Classic Kitchen Chef Schwarz Kuchen- und Brotteig, Sahne und Pfannkuchenteig zu. Die starke Leistung sorgt daf\u00fcr, dass du Zutaten einfach auf Knopfdruck mixt. Die K\u00fcchenmaschine verf\u00fcgt \u00fcber sechs Geschwindigkeitsstufen. Daher passt du die Geschwindigkeit an deine Zubereitung an. Mit der Impulsstufe wird dein Teig besonders glatt. Die R\u00fchrsch\u00fcssel aus Edelstahl nimmt keine Geruchs-, Farb- und Geschmackstoffe an. Daher landen keine unangenehmen Ger\u00fcche in der Sch\u00fcssel und du hast lange Freude daran. Wenn du mit dem mixen fertig bist, reinigst du die R\u00fchrsch\u00fcssel und das Zubeh\u00f6r einfach in der Sp\u00fclmaschine. Die rutschfesten F\u00fc\u00dfe sorgen daf\u00fcr, dass die Maschine sicher auf der K\u00fcchenzeile stehen bleibt.<\/p>\n","protected":false},"excerpt":{"rendered":"<p>Bereite mit der Bourgini Classic Kitchen Chef Schwarz Kuchen- und Brotteig, Sahne und Pfannkuchenteig zu. Die starke Leistung sorgt daf\u00fcr, dass du Zutaten einfach auf Knopfdruck mixt. Die K\u00fcchenmaschine verf\u00fcgt \u00fcber sechs Geschwindigkeitsstufen. Daher passt du die Geschwindigkeit an deine Zubereitung an. Mit der Impulsstufe wird dein Teig besonders glatt. Die R\u00fchrsch\u00fcssel aus Edelstahl nimmt keine Geruchs-, Farb- und Geschmackstoffe an. Daher landen keine unangenehmen Ger\u00fcche in der Sch\u00fcssel und du hast lange Freude daran. Wenn du mit dem mixen fertig bist, reinigst du die R\u00fchrsch\u00fcssel und das Zubeh\u00f6r einfach in der Sp\u00fclmaschine. Die rutschfesten F\u00fc\u00dfe sorgen daf\u00fcr, dass die Maschine sicher auf der K\u00fcchenzeile stehen bleibt.<\/p>\n","protected":false},"featured_media":0,"comment_status":"closed","ping_status":"open","template":"","meta":{"_acf_changed":false},"brand":[7030],"product_brand":[],"product_cat":[2306],"product_tag":[2307],"class_list":{"0":"post-86889","1":"product","2":"type-product","3":"status-publish","5":"brand-bourgini","6":"product_cat-kchenmaschinen","7":"product_tag-keukenmixers","8":"pa_condition-new","9":"pa_coolblue-de-verzending-morgen-gratis-geliefert","10":"pa_ean-28589","11":"pa_mpn-22-5051-00-00","13":"first","14":"instock","15":"product-type-external"},"acf":[],"_links":{"self":[{"href":"https:\/\/onlinehardwareshop.de\/index.php\/wp-json\/wp\/v2\/product\/86889","targetHints":{"allow":["GET"]}}],"collection":[{"href":"https:\/\/onlinehardwareshop.de\/index.php\/wp-json\/wp\/v2\/product"}],"about":[{"href":"https:\/\/onlinehardwareshop.de\/index.php\/wp-json\/wp\/v2\/types\/product"}],"replies":[{"embeddable":true,"href":"https:\/\/onlinehardwareshop.de\/index.php\/wp-json\/wp\/v2\/comments?post=86889"}],"wp:attachment":[{"href":"https:\/\/onlinehardwareshop.de\/index.php\/wp-json\/wp\/v2\/media?parent=86889"}],"wp:term":[{"taxonomy":"brand","embeddable":true,"href":"https:\/\/onlinehardwareshop.de\/index.php\/wp-json\/wp\/v2\/brand?post=86889"},{"taxonomy":"product_brand","embeddable":true,"href":"https:\/\/onlinehardwareshop.de\/index.php\/wp-json\/wp\/v2\/product_brand?post=86889"},{"taxonomy":"product_cat","embeddable":true,"href":"https:\/\/onlinehardwareshop.de\/index.php\/wp-json\/wp\/v2\/product_cat?post=86889"},{"taxonomy":"product_tag","embeddable":true,"href":"https:\/\/onlinehardwareshop.de\/index.php\/wp-json\/wp\/v2\/product_tag?post=86889"}],"curies":[{"name":"wp","href":"https:\/\/api.w.org\/{rel}","templated":true}]}}