{"id":86878,"date":"2024-01-23T13:16:15","date_gmt":"2024-01-23T13:16:15","guid":{"rendered":"https:\/\/onlinehardwareshop.de\/index.php\/produkt\/philips-7000-series-hd6307-70\/"},"modified":"2025-05-14T14:33:32","modified_gmt":"2025-05-14T14:33:32","slug":"philips-7000-series-hd6307-70","status":"publish","type":"product","link":"https:\/\/onlinehardwareshop.de\/index.php\/produkt\/philips-7000-series-hd6307-70\/","title":{"rendered":"Philips 7000 Series HD6307\/70"},"content":{"rendered":"<p>Der Philips 7000 Series HD6307\/70 verf\u00fcgt \u00fcber einen Timer, mit dem du deine Zubereitung nicht die ganze Zeit \u00fcber selbst im Blick behalten brauchst. Du stellst die Zubereitungszeit selbst ein und der Kontaktgrill informiert dich dann mit einem Signal. Du legst also ganz beruhigt deine W\u00e4sche zusammen und sorgst dich nicht darum, dass dein Sandwich anbrennt, w\u00e4hrend es im Kontaktgrill zubereitet wird. Dieser Kontaktgrill l\u00e4sst sich vollst\u00e4ndig aufklappen und somit auch als Tischgrill verwenden. Das kommt dir insbesondere gelegen, wenn du an einem geselligen Abend mit deinen Freunden oder deiner Familie grillen m\u00f6chtest. Der Grill l\u00e4sst sich zudem in acht verschiedenen Temperaturstufen einstellen. Du stellst die Temperatur zum Beispiel hoch ein, um ein Steak anzubraten. Niedrige Temperaturen verwendest du, um ein St\u00fcck H\u00e4hnchen zu garen, ohne dass es anbrennt. Die Grillplatten lassen sich anschlie\u00dfend ganz bequem in der Sp\u00fclmaschine reinigen.<\/p>\n","protected":false},"excerpt":{"rendered":"<p>Der Philips 7000 Series HD6307\/70 verf\u00fcgt \u00fcber einen Timer, mit dem du deine Zubereitung nicht die ganze Zeit \u00fcber selbst im Blick behalten brauchst. Du stellst die Zubereitungszeit selbst ein und der Kontaktgrill informiert dich dann mit einem Signal. Du legst also ganz beruhigt deine W\u00e4sche zusammen und sorgst dich nicht darum, dass dein Sandwich anbrennt, w\u00e4hrend es im Kontaktgrill zubereitet wird. Dieser Kontaktgrill l\u00e4sst sich vollst\u00e4ndig aufklappen und somit auch als Tischgrill verwenden. Das kommt dir insbesondere gelegen, wenn du an einem geselligen Abend mit deinen Freunden oder deiner Familie grillen m\u00f6chtest. Der Grill l\u00e4sst sich zudem in acht verschiedenen Temperaturstufen einstellen. Du stellst die Temperatur zum Beispiel hoch ein, um ein Steak anzubraten. Niedrige Temperaturen verwendest du, um ein St\u00fcck H\u00e4hnchen zu garen, ohne dass es anbrennt. Die Grillplatten lassen sich anschlie\u00dfend ganz bequem in der Sp\u00fclmaschine reinigen.<\/p>\n","protected":false},"featured_media":0,"comment_status":"closed","ping_status":"open","template":"","meta":{"_acf_changed":false},"brand":[1382],"product_brand":[],"product_cat":[300],"product_tag":[301],"class_list":{"0":"post-86878","1":"product","2":"type-product","3":"status-publish","5":"brand-philips","6":"product_cat-kontaktgrills","7":"product_tag-contactgrills","8":"pa_condition-new","9":"pa_coolblue-de-verzending-morgen-gratis-geliefert","10":"pa_ean-23653","11":"pa_mpn-hd6307-70","13":"first","14":"instock","15":"product-type-external"},"acf":[],"_links":{"self":[{"href":"https:\/\/onlinehardwareshop.de\/index.php\/wp-json\/wp\/v2\/product\/86878","targetHints":{"allow":["GET"]}}],"collection":[{"href":"https:\/\/onlinehardwareshop.de\/index.php\/wp-json\/wp\/v2\/product"}],"about":[{"href":"https:\/\/onlinehardwareshop.de\/index.php\/wp-json\/wp\/v2\/types\/product"}],"replies":[{"embeddable":true,"href":"https:\/\/onlinehardwareshop.de\/index.php\/wp-json\/wp\/v2\/comments?post=86878"}],"wp:attachment":[{"href":"https:\/\/onlinehardwareshop.de\/index.php\/wp-json\/wp\/v2\/media?parent=86878"}],"wp:term":[{"taxonomy":"brand","embeddable":true,"href":"https:\/\/onlinehardwareshop.de\/index.php\/wp-json\/wp\/v2\/brand?post=86878"},{"taxonomy":"product_brand","embeddable":true,"href":"https:\/\/onlinehardwareshop.de\/index.php\/wp-json\/wp\/v2\/product_brand?post=86878"},{"taxonomy":"product_cat","embeddable":true,"href":"https:\/\/onlinehardwareshop.de\/index.php\/wp-json\/wp\/v2\/product_cat?post=86878"},{"taxonomy":"product_tag","embeddable":true,"href":"https:\/\/onlinehardwareshop.de\/index.php\/wp-json\/wp\/v2\/product_tag?post=86878"}],"curies":[{"name":"wp","href":"https:\/\/api.w.org\/{rel}","templated":true}]}}