{"id":86853,"date":"2024-07-02T09:43:14","date_gmt":"2024-07-02T09:43:14","guid":{"rendered":"https:\/\/onlinehardwareshop.de\/index.php\/produkt\/starterset-dewalt-dcs367nt-xj-50-ah-akku-2-x\/"},"modified":"2025-05-14T13:59:21","modified_gmt":"2025-05-14T13:59:21","slug":"starterset-dewalt-dcs367nt-xj-50-ah-akku-2-x","status":"publish","type":"product","link":"https:\/\/onlinehardwareshop.de\/index.php\/produkt\/starterset-dewalt-dcs367nt-xj-50-ah-akku-2-x\/","title":{"rendered":"Starterset DeWalt DCS367NT-XJ 5,0-Ah-Akku (2 x)"},"content":{"rendered":"<p>Zum Starterset DeWalt DCS367NT-XJ 5,0-Ah-Akku (2 x) geh\u00f6ren zwei 5,0-Ah-Akkus und ein Ladeger\u00e4t. Du nutzt diese S\u00e4bels\u00e4ge also sofort. Durch die vier Positionen der S\u00e4ge arbeitest du in verschiedenen H\u00f6hen. Dadurch s\u00e4gst du m\u00fchelos nah an der Mauer oder \u00fcber dem Fu\u00dfboden. Die S\u00e4gebl\u00e4tter wechselst du ohne anderes Werkzeug. Dank der integrierten LED-Beleuchtung arbeitest du auch an schlecht beleuchteten Stellen weiter. Das Starterset DCS367NT-XJ 5,0-Ah-Akku (2 x) Starterspakket geh\u00f6rt zum Akkusystem DeWalt XR 18V. Dadurch verwendest du den Akku auch mit anderen (Garten-)Ger\u00e4ten desselben Systems.<\/p>\n","protected":false},"excerpt":{"rendered":"<p>Zum Starterset DeWalt DCS367NT-XJ 5,0-Ah-Akku (2 x) geh\u00f6ren zwei 5,0-Ah-Akkus und ein Ladeger\u00e4t. Du nutzt diese S\u00e4bels\u00e4ge also sofort. Durch die vier Positionen der S\u00e4ge arbeitest du in verschiedenen H\u00f6hen. Dadurch s\u00e4gst du m\u00fchelos nah an der Mauer oder \u00fcber dem Fu\u00dfboden. Die S\u00e4gebl\u00e4tter wechselst du ohne anderes Werkzeug. Dank der integrierten LED-Beleuchtung arbeitest du auch an schlecht beleuchteten Stellen weiter. Das Starterset DCS367NT-XJ 5,0-Ah-Akku (2 x) Starterspakket geh\u00f6rt zum Akkusystem DeWalt XR 18V. Dadurch verwendest du den Akku auch mit anderen (Garten-)Ger\u00e4ten desselben Systems.<\/p>\n","protected":false},"featured_media":0,"comment_status":"closed","ping_status":"open","template":"","meta":{"_acf_changed":false},"brand":[980],"product_brand":[],"product_cat":[585],"product_tag":[2028],"class_list":{"0":"post-86853","1":"product","2":"type-product","3":"status-publish","5":"brand-dewalt","6":"product_cat-sbelsgen","7":"product_tag-accu-reciprozagen","8":"pa_condition-new","9":"pa_coolblue-de-verzending-morgen-gratis-geliefert","10":"pa_ean-22913","12":"first","13":"instock","14":"product-type-external"},"acf":[],"_links":{"self":[{"href":"https:\/\/onlinehardwareshop.de\/index.php\/wp-json\/wp\/v2\/product\/86853","targetHints":{"allow":["GET"]}}],"collection":[{"href":"https:\/\/onlinehardwareshop.de\/index.php\/wp-json\/wp\/v2\/product"}],"about":[{"href":"https:\/\/onlinehardwareshop.de\/index.php\/wp-json\/wp\/v2\/types\/product"}],"replies":[{"embeddable":true,"href":"https:\/\/onlinehardwareshop.de\/index.php\/wp-json\/wp\/v2\/comments?post=86853"}],"wp:attachment":[{"href":"https:\/\/onlinehardwareshop.de\/index.php\/wp-json\/wp\/v2\/media?parent=86853"}],"wp:term":[{"taxonomy":"brand","embeddable":true,"href":"https:\/\/onlinehardwareshop.de\/index.php\/wp-json\/wp\/v2\/brand?post=86853"},{"taxonomy":"product_brand","embeddable":true,"href":"https:\/\/onlinehardwareshop.de\/index.php\/wp-json\/wp\/v2\/product_brand?post=86853"},{"taxonomy":"product_cat","embeddable":true,"href":"https:\/\/onlinehardwareshop.de\/index.php\/wp-json\/wp\/v2\/product_cat?post=86853"},{"taxonomy":"product_tag","embeddable":true,"href":"https:\/\/onlinehardwareshop.de\/index.php\/wp-json\/wp\/v2\/product_tag?post=86853"}],"curies":[{"name":"wp","href":"https:\/\/api.w.org\/{rel}","templated":true}]}}