{"id":86851,"date":"2024-05-05T07:29:08","date_gmt":"2024-05-05T07:29:08","guid":{"rendered":"https:\/\/onlinehardwareshop.de\/index.php\/produkt\/starterset-dewalt-dcs335nt-xj-50-ah-akku\/"},"modified":"2025-05-14T13:59:11","modified_gmt":"2025-05-14T13:59:11","slug":"starterset-dewalt-dcs335nt-xj-50-ah-akku","status":"publish","type":"product","link":"https:\/\/onlinehardwareshop.de\/index.php\/produkt\/starterset-dewalt-dcs335nt-xj-50-ah-akku\/","title":{"rendered":"Starterset DeWalt DCS335NT-XJ 5,0-Ah-Akku"},"content":{"rendered":"<p>Zum Starterset DeWalt DCS335NT-XJ 5,0-Ah-Akku erh\u00e4ltst du einen 5,0-Ah-Akku und ein Ladeger\u00e4t. So legst du sofort mit deiner Stichs\u00e4ge los. In Holz s\u00e4gst du bis zu 135 Millimeter tief und bis zu 10 Millimeter in Metall. Au\u00dferdem s\u00e4gst du damit auch schr\u00e4g (auf Gehrung). Mit den drei Pendelstufen s\u00e4gst du blitzschnell durch dein Werkst\u00fcck. Wird es dunkel? Dann arbeitest du dank der integrierten Beleuchtung einfach weiter. Die Stichs\u00e4ge verf\u00fcgt auch \u00fcber eine Blasfunktion. Damit bl\u00e4st du S\u00e4gesp\u00e4ne beim S\u00e4gen weg und du siehst immer genau, was du machst. Das Starterset DCS335NT-XJ 5,0-Ah-Akku geh\u00f6rt zum Akkusystem DeWalt XR 18V. Dadurch verwendest du den Akku auch mit anderen (Garten-)Ger\u00e4ten desselben Systems.<\/p>\n","protected":false},"excerpt":{"rendered":"<p>Zum Starterset DeWalt DCS335NT-XJ 5,0-Ah-Akku erh\u00e4ltst du einen 5,0-Ah-Akku und ein Ladeger\u00e4t. So legst du sofort mit deiner Stichs\u00e4ge los. In Holz s\u00e4gst du bis zu 135 Millimeter tief und bis zu 10 Millimeter in Metall. Au\u00dferdem s\u00e4gst du damit auch schr\u00e4g (auf Gehrung). Mit den drei Pendelstufen s\u00e4gst du blitzschnell durch dein Werkst\u00fcck. Wird es dunkel? Dann arbeitest du dank der integrierten Beleuchtung einfach weiter. Die Stichs\u00e4ge verf\u00fcgt auch \u00fcber eine Blasfunktion. Damit bl\u00e4st du S\u00e4gesp\u00e4ne beim S\u00e4gen weg und du siehst immer genau, was du machst. Das Starterset DCS335NT-XJ 5,0-Ah-Akku geh\u00f6rt zum Akkusystem DeWalt XR 18V. Dadurch verwendest du den Akku auch mit anderen (Garten-)Ger\u00e4ten desselben Systems.<\/p>\n","protected":false},"featured_media":0,"comment_status":"closed","ping_status":"open","template":"","meta":{"_acf_changed":false},"brand":[980],"product_brand":[],"product_cat":[43],"product_tag":[2773],"class_list":{"0":"post-86851","1":"product","2":"type-product","3":"status-publish","5":"brand-dewalt","6":"product_cat-stichsgen","7":"product_tag-accu-decoupeerzagen","8":"pa_condition-new","9":"pa_coolblue-de-verzending-morgen-gratis-geliefert","10":"pa_ean-22911","12":"first","13":"instock","14":"product-type-external"},"acf":[],"_links":{"self":[{"href":"https:\/\/onlinehardwareshop.de\/index.php\/wp-json\/wp\/v2\/product\/86851","targetHints":{"allow":["GET"]}}],"collection":[{"href":"https:\/\/onlinehardwareshop.de\/index.php\/wp-json\/wp\/v2\/product"}],"about":[{"href":"https:\/\/onlinehardwareshop.de\/index.php\/wp-json\/wp\/v2\/types\/product"}],"replies":[{"embeddable":true,"href":"https:\/\/onlinehardwareshop.de\/index.php\/wp-json\/wp\/v2\/comments?post=86851"}],"wp:attachment":[{"href":"https:\/\/onlinehardwareshop.de\/index.php\/wp-json\/wp\/v2\/media?parent=86851"}],"wp:term":[{"taxonomy":"brand","embeddable":true,"href":"https:\/\/onlinehardwareshop.de\/index.php\/wp-json\/wp\/v2\/brand?post=86851"},{"taxonomy":"product_brand","embeddable":true,"href":"https:\/\/onlinehardwareshop.de\/index.php\/wp-json\/wp\/v2\/product_brand?post=86851"},{"taxonomy":"product_cat","embeddable":true,"href":"https:\/\/onlinehardwareshop.de\/index.php\/wp-json\/wp\/v2\/product_cat?post=86851"},{"taxonomy":"product_tag","embeddable":true,"href":"https:\/\/onlinehardwareshop.de\/index.php\/wp-json\/wp\/v2\/product_tag?post=86851"}],"curies":[{"name":"wp","href":"https:\/\/api.w.org\/{rel}","templated":true}]}}