{"id":86815,"date":"2024-11-11T17:33:39","date_gmt":"2024-11-11T17:33:39","guid":{"rendered":"https:\/\/onlinehardwareshop.de\/index.php\/produkt\/denon-perl-pro-schwarz\/"},"modified":"2025-05-14T12:03:17","modified_gmt":"2025-05-14T12:03:17","slug":"denon-perl-pro-schwarz","status":"publish","type":"product","link":"https:\/\/onlinehardwareshop.de\/index.php\/produkt\/denon-perl-pro-schwarz\/","title":{"rendered":"Denon PerL Pro Schwarz"},"content":{"rendered":"<p>Genie\u00dfe mit den Denon PerL Pro Schwarz deine Lieblingsmusik in deinem ganz pers\u00f6nlichen Sound. Diese In-Ear-Kopfh\u00f6rer sind mit der Masimo Adaptive Acoustic Technology ausgestattet. Mithilfe dieser Technologie messen die Kopfh\u00f6rer dein Geh\u00f6r und erstellen darauf abgestimmt ein Klangprofil. Dieses Profil sorgt daf\u00fcr, dass du alle T\u00f6ne in der Musik deutlich h\u00f6rst. Dank Hi-Res-Audio bieten dir diese In-Ear-Kopfh\u00f6rer au\u00dferdem eine sehr detailreiche Audiowiedergabe. Da Hi-Res-Audiodateien gr\u00f6\u00dfer als MP3-Dateien sind, h\u00f6rst du mehr Details. So klingt der Bass noch intensiver. Das adaptive aktive Noise Cancelling erfasst kontinuierlich die Umgebungsger\u00e4usche und sorgt so daf\u00fcr, dass du nichts von deiner Umgebung h\u00f6rst. Wenn du deine Umgebungsger\u00e4usche doch h\u00f6ren m\u00f6chtest, ist das mit dieser Technologie nat\u00fcrlich auch m\u00f6glich.<\/p>\n","protected":false},"excerpt":{"rendered":"<p>Genie\u00dfe mit den Denon PerL Pro Schwarz deine Lieblingsmusik in deinem ganz pers\u00f6nlichen Sound. Diese In-Ear-Kopfh\u00f6rer sind mit der Masimo Adaptive Acoustic Technology ausgestattet. Mithilfe dieser Technologie messen die Kopfh\u00f6rer dein Geh\u00f6r und erstellen darauf abgestimmt ein Klangprofil. Dieses Profil sorgt daf\u00fcr, dass du alle T\u00f6ne in der Musik deutlich h\u00f6rst. Dank Hi-Res-Audio bieten dir diese In-Ear-Kopfh\u00f6rer au\u00dferdem eine sehr detailreiche Audiowiedergabe. Da Hi-Res-Audiodateien gr\u00f6\u00dfer als MP3-Dateien sind, h\u00f6rst du mehr Details. So klingt der Bass noch intensiver. Das adaptive aktive Noise Cancelling erfasst kontinuierlich die Umgebungsger\u00e4usche und sorgt so daf\u00fcr, dass du nichts von deiner Umgebung h\u00f6rst. Wenn du deine Umgebungsger\u00e4usche doch h\u00f6ren m\u00f6chtest, ist das mit dieser Technologie nat\u00fcrlich auch m\u00f6glich.<\/p>\n","protected":false},"featured_media":0,"comment_status":"closed","ping_status":"open","template":"","meta":{"_acf_changed":false},"brand":[943],"product_brand":[],"product_cat":[563],"product_tag":[1210],"class_list":{"0":"post-86815","1":"product","2":"type-product","3":"status-publish","5":"brand-denon","6":"product_cat-in-ear-kopfhrer","7":"product_tag-non-apple-oordopjes","8":"pa_condition-new","9":"pa_coolblue-de-verzending-morgen-gratis-geliefert","10":"pa_ean-20103","11":"pa_mpn-ahc15plbkem","13":"first","14":"instock","15":"product-type-external"},"acf":[],"_links":{"self":[{"href":"https:\/\/onlinehardwareshop.de\/index.php\/wp-json\/wp\/v2\/product\/86815","targetHints":{"allow":["GET"]}}],"collection":[{"href":"https:\/\/onlinehardwareshop.de\/index.php\/wp-json\/wp\/v2\/product"}],"about":[{"href":"https:\/\/onlinehardwareshop.de\/index.php\/wp-json\/wp\/v2\/types\/product"}],"replies":[{"embeddable":true,"href":"https:\/\/onlinehardwareshop.de\/index.php\/wp-json\/wp\/v2\/comments?post=86815"}],"wp:attachment":[{"href":"https:\/\/onlinehardwareshop.de\/index.php\/wp-json\/wp\/v2\/media?parent=86815"}],"wp:term":[{"taxonomy":"brand","embeddable":true,"href":"https:\/\/onlinehardwareshop.de\/index.php\/wp-json\/wp\/v2\/brand?post=86815"},{"taxonomy":"product_brand","embeddable":true,"href":"https:\/\/onlinehardwareshop.de\/index.php\/wp-json\/wp\/v2\/product_brand?post=86815"},{"taxonomy":"product_cat","embeddable":true,"href":"https:\/\/onlinehardwareshop.de\/index.php\/wp-json\/wp\/v2\/product_cat?post=86815"},{"taxonomy":"product_tag","embeddable":true,"href":"https:\/\/onlinehardwareshop.de\/index.php\/wp-json\/wp\/v2\/product_tag?post=86815"}],"curies":[{"name":"wp","href":"https:\/\/api.w.org\/{rel}","templated":true}]}}