{"id":86793,"date":"2024-10-29T12:05:37","date_gmt":"2024-10-29T12:05:37","guid":{"rendered":"https:\/\/onlinehardwareshop.de\/index.php\/produkt\/philips-7000-hd9396-90\/"},"modified":"2025-05-14T10:54:43","modified_gmt":"2025-05-14T10:54:43","slug":"philips-7000-hd9396-90","status":"publish","type":"product","link":"https:\/\/onlinehardwareshop.de\/index.php\/produkt\/philips-7000-hd9396-90\/","title":{"rendered":"Philips 7000 HD9396\/90"},"content":{"rendered":"<p>Mit dem Philips 7000 HD9396\/90 setzt du in sechs Temperatureinstellungen verschiedene Teesorten auf. Koche zum Beispiel eine Tasse Wei\u00dfen Tee bei 40 Grad Celsius und w\u00e4hle 100 Grad Celsius f\u00fcr deinen hei\u00dfen Kr\u00e4utertee. Dank der Warmhaltefunktion dieses Wasserkochers beh\u00e4lt das Wasser besonders lang die Temperatur bei. An der Au\u00dfenseite wird der Wasserkocher nicht hei\u00df. So ber\u00fchrst du ihn, ohne dir die Hand dabei zu verbrennen. Dank des gro\u00dfen Fassungsverm\u00f6gens von 1,7 Litern setzt du problemlos sieben Tassen Tee auf, ohne nachzuf\u00fcllen. Der Wasserkocher schaltet sich automatisch aus, sobald wenig bis kein Wasser mehr im Beh\u00e4lter ist. So geht er nicht so schnell kaputt und bietet dir einen l\u00e4ngeren Teegenuss.<\/p>\n","protected":false},"excerpt":{"rendered":"<p>Mit dem Philips 7000 HD9396\/90 setzt du in sechs Temperatureinstellungen verschiedene Teesorten auf. Koche zum Beispiel eine Tasse Wei\u00dfen Tee bei 40 Grad Celsius und w\u00e4hle 100 Grad Celsius f\u00fcr deinen hei\u00dfen Kr\u00e4utertee. Dank der Warmhaltefunktion dieses Wasserkochers beh\u00e4lt das Wasser besonders lang die Temperatur bei. An der Au\u00dfenseite wird der Wasserkocher nicht hei\u00df. So ber\u00fchrst du ihn, ohne dir die Hand dabei zu verbrennen. Dank des gro\u00dfen Fassungsverm\u00f6gens von 1,7 Litern setzt du problemlos sieben Tassen Tee auf, ohne nachzuf\u00fcllen. Der Wasserkocher schaltet sich automatisch aus, sobald wenig bis kein Wasser mehr im Beh\u00e4lter ist. So geht er nicht so schnell kaputt und bietet dir einen l\u00e4ngeren Teegenuss.<\/p>\n","protected":false},"featured_media":0,"comment_status":"closed","ping_status":"open","template":"","meta":{"_acf_changed":false},"brand":[1382],"product_brand":[],"product_cat":[716],"product_tag":[717],"class_list":{"0":"post-86793","1":"product","2":"type-product","3":"status-publish","5":"brand-philips","6":"product_cat-wasserkocher","7":"product_tag-waterkokers","8":"pa_condition-new","9":"pa_coolblue-de-verzending-morgen-gratis-geliefert","10":"pa_ean-18423","11":"pa_mpn-hd9396-90","13":"first","14":"instock","15":"product-type-external"},"acf":[],"_links":{"self":[{"href":"https:\/\/onlinehardwareshop.de\/index.php\/wp-json\/wp\/v2\/product\/86793","targetHints":{"allow":["GET"]}}],"collection":[{"href":"https:\/\/onlinehardwareshop.de\/index.php\/wp-json\/wp\/v2\/product"}],"about":[{"href":"https:\/\/onlinehardwareshop.de\/index.php\/wp-json\/wp\/v2\/types\/product"}],"replies":[{"embeddable":true,"href":"https:\/\/onlinehardwareshop.de\/index.php\/wp-json\/wp\/v2\/comments?post=86793"}],"wp:attachment":[{"href":"https:\/\/onlinehardwareshop.de\/index.php\/wp-json\/wp\/v2\/media?parent=86793"}],"wp:term":[{"taxonomy":"brand","embeddable":true,"href":"https:\/\/onlinehardwareshop.de\/index.php\/wp-json\/wp\/v2\/brand?post=86793"},{"taxonomy":"product_brand","embeddable":true,"href":"https:\/\/onlinehardwareshop.de\/index.php\/wp-json\/wp\/v2\/product_brand?post=86793"},{"taxonomy":"product_cat","embeddable":true,"href":"https:\/\/onlinehardwareshop.de\/index.php\/wp-json\/wp\/v2\/product_cat?post=86793"},{"taxonomy":"product_tag","embeddable":true,"href":"https:\/\/onlinehardwareshop.de\/index.php\/wp-json\/wp\/v2\/product_tag?post=86793"}],"curies":[{"name":"wp","href":"https:\/\/api.w.org\/{rel}","templated":true}]}}