{"id":86755,"date":"2025-01-06T03:21:51","date_gmt":"2025-01-06T03:21:51","guid":{"rendered":"https:\/\/onlinehardwareshop.de\/index.php\/produkt\/neff-t16bt76n0\/"},"modified":"2025-05-14T07:25:44","modified_gmt":"2025-05-14T07:25:44","slug":"neff-t16bt76n0","status":"publish","type":"product","link":"https:\/\/onlinehardwareshop.de\/index.php\/produkt\/neff-t16bt76n0\/","title":{"rendered":"Neff T16BT76N0"},"content":{"rendered":"<p>Mit dem Neff T16BT76N0 Einbau-Elektrokochfeld aus Glaskeramik und dem TwistPad steuerst du deine Kocht\u00f6pfe und Pfannen individuell. Du aktivierst den Drehknopf mit einem kurzen Antippen und stellst durch das Drehen die optimale Temperatur f\u00fcr dein Gericht ein. Bist du fertig mit Kochen und m\u00f6chtest nicht, dass das Kochfeld von deinen Kindern benutzt wird? Dank des Magneten im TwistPad Drehknopf entfernst du diesen einfach vom Feld und reinigst es so auch bequem. Kochst du gerne f\u00fcr die ganze Familie einen leckeren Braten am Sonntag? Durch die praktische Br\u00e4terzone bringst du auch einen Br\u00e4ter oder eine l\u00e4ngliche Pfanne auf dem Neff Einbau-Elektrokochfeld unter. M\u00f6chtest du dein Nudelwasser schnell zum Kochen bringen? Durch die Powerstufe Funktion machst du dies im Handumdrehen.<\/p>\n","protected":false},"excerpt":{"rendered":"<p>Mit dem Neff T16BT76N0 Einbau-Elektrokochfeld aus Glaskeramik und dem TwistPad steuerst du deine Kocht\u00f6pfe und Pfannen individuell. Du aktivierst den Drehknopf mit einem kurzen Antippen und stellst durch das Drehen die optimale Temperatur f\u00fcr dein Gericht ein. Bist du fertig mit Kochen und m\u00f6chtest nicht, dass das Kochfeld von deinen Kindern benutzt wird? Dank des Magneten im TwistPad Drehknopf entfernst du diesen einfach vom Feld und reinigst es so auch bequem. Kochst du gerne f\u00fcr die ganze Familie einen leckeren Braten am Sonntag? Durch die praktische Br\u00e4terzone bringst du auch einen Br\u00e4ter oder eine l\u00e4ngliche Pfanne auf dem Neff Einbau-Elektrokochfeld unter. M\u00f6chtest du dein Nudelwasser schnell zum Kochen bringen? Durch die Powerstufe Funktion machst du dies im Handumdrehen.<\/p>\n","protected":false},"featured_media":0,"comment_status":"closed","ping_status":"open","template":"","meta":{"_acf_changed":false},"brand":[13139],"product_brand":[],"product_cat":[2595],"product_tag":[2596],"class_list":{"0":"post-86755","1":"product","2":"type-product","3":"status-publish","5":"brand-neff","6":"product_cat-kochfelder","7":"product_tag-inbouw-keramische-kookplaten","8":"pa_condition-new","9":"pa_coolblue-de-verzending-morgen-gratis-geliefert","10":"pa_ean-13137","11":"pa_mpn-t16bt76n0","13":"first","14":"instock","15":"product-type-external"},"acf":[],"_links":{"self":[{"href":"https:\/\/onlinehardwareshop.de\/index.php\/wp-json\/wp\/v2\/product\/86755","targetHints":{"allow":["GET"]}}],"collection":[{"href":"https:\/\/onlinehardwareshop.de\/index.php\/wp-json\/wp\/v2\/product"}],"about":[{"href":"https:\/\/onlinehardwareshop.de\/index.php\/wp-json\/wp\/v2\/types\/product"}],"replies":[{"embeddable":true,"href":"https:\/\/onlinehardwareshop.de\/index.php\/wp-json\/wp\/v2\/comments?post=86755"}],"wp:attachment":[{"href":"https:\/\/onlinehardwareshop.de\/index.php\/wp-json\/wp\/v2\/media?parent=86755"}],"wp:term":[{"taxonomy":"brand","embeddable":true,"href":"https:\/\/onlinehardwareshop.de\/index.php\/wp-json\/wp\/v2\/brand?post=86755"},{"taxonomy":"product_brand","embeddable":true,"href":"https:\/\/onlinehardwareshop.de\/index.php\/wp-json\/wp\/v2\/product_brand?post=86755"},{"taxonomy":"product_cat","embeddable":true,"href":"https:\/\/onlinehardwareshop.de\/index.php\/wp-json\/wp\/v2\/product_cat?post=86755"},{"taxonomy":"product_tag","embeddable":true,"href":"https:\/\/onlinehardwareshop.de\/index.php\/wp-json\/wp\/v2\/product_tag?post=86755"}],"curies":[{"name":"wp","href":"https:\/\/api.w.org\/{rel}","templated":true}]}}