{"id":86754,"date":"2025-01-21T20:28:58","date_gmt":"2025-01-21T20:28:58","guid":{"rendered":"https:\/\/onlinehardwareshop.de\/index.php\/produkt\/elgato-facecam-pro-4k60-ultra-hd-webcam-2\/"},"modified":"2025-05-14T06:59:32","modified_gmt":"2025-05-14T06:59:32","slug":"elgato-facecam-pro-4k60-ultra-hd-webcam","status":"publish","type":"product","link":"https:\/\/onlinehardwareshop.de\/index.php\/produkt\/elgato-facecam-pro-4k60-ultra-hd-webcam\/","title":{"rendered":"Elgato Facecam Pro 4K60 Ultra HD Webcam"},"content":{"rendered":"<p>Mit der Elgato Facecam Pro 4K60 Ultra HD Streaming Webcam boostest du dein Streaming. Diese Streaming-Webcam filmt in 4K-Qualit\u00e4t mit 60 Bildern pro Sekunde. So bist du f\u00fcr deine Zuschauer immer gut sichtbar und verwendest diese Kamera auch als zus\u00e4tzliche Kamera f\u00fcr beispielsweise einen Koch-Stream. Mit dem Autofokus sowie Blickwinkel von 90 Grad bist du immer in voller Sch\u00e4rfe und vollst\u00e4ndig im Bild. Die Facecam Pro hat eine Universalklemme, wodurch sie sich an jedem Monitor befestigen l\u00e4sst. Du schlie\u00dft diese Webcam mit dem mitgelieferten USB-C-Kabel an, sodass du die Facecam Pro mit Windows und macOS gleicherma\u00dfen verwendest. Du bist doch nicht zufrieden mit den Einstellungen deiner Webcam? Mit der Facecam-Pro-Software \u00e4nderst du viele Einstellungen wie Zoom, Farbe und Helligkeit. So hast du f\u00fcr jeden Stream das beste Kamera-Setup.<\/p>\n","protected":false},"excerpt":{"rendered":"<p>Mit der Elgato Facecam Pro 4K60 Ultra HD Streaming Webcam boostest du dein Streaming. Diese Streaming-Webcam filmt in 4K-Qualit\u00e4t mit 60 Bildern pro Sekunde. So bist du f\u00fcr deine Zuschauer immer gut sichtbar und verwendest diese Kamera auch als zus\u00e4tzliche Kamera f\u00fcr beispielsweise einen Koch-Stream. Mit dem Autofokus sowie Blickwinkel von 90 Grad bist du immer in voller Sch\u00e4rfe und vollst\u00e4ndig im Bild. Die Facecam Pro hat eine Universalklemme, wodurch sie sich an jedem Monitor befestigen l\u00e4sst. Du schlie\u00dft diese Webcam mit dem mitgelieferten USB-C-Kabel an, sodass du die Facecam Pro mit Windows und macOS gleicherma\u00dfen verwendest. Du bist doch nicht zufrieden mit den Einstellungen deiner Webcam? Mit der Facecam-Pro-Software \u00e4nderst du viele Einstellungen wie Zoom, Farbe und Helligkeit. So hast du f\u00fcr jeden Stream das beste Kamera-Setup.<\/p>\n","protected":false},"featured_media":0,"comment_status":"closed","ping_status":"open","template":"","meta":{"_acf_changed":false},"brand":[3918],"product_brand":[],"product_cat":[999],"product_tag":[2383],"class_list":{"0":"post-86754","1":"product","2":"type-product","3":"status-publish","5":"brand-elgato","6":"product_cat-webcams","7":"product_tag-streaming-webcams","8":"pa_condition-new","9":"pa_coolblue-de-verzending-morgen-gratis-geliefert","10":"pa_ean-12563","11":"pa_mpn-10wab9901","13":"first","14":"instock","15":"product-type-external"},"acf":[],"_links":{"self":[{"href":"https:\/\/onlinehardwareshop.de\/index.php\/wp-json\/wp\/v2\/product\/86754","targetHints":{"allow":["GET"]}}],"collection":[{"href":"https:\/\/onlinehardwareshop.de\/index.php\/wp-json\/wp\/v2\/product"}],"about":[{"href":"https:\/\/onlinehardwareshop.de\/index.php\/wp-json\/wp\/v2\/types\/product"}],"replies":[{"embeddable":true,"href":"https:\/\/onlinehardwareshop.de\/index.php\/wp-json\/wp\/v2\/comments?post=86754"}],"wp:attachment":[{"href":"https:\/\/onlinehardwareshop.de\/index.php\/wp-json\/wp\/v2\/media?parent=86754"}],"wp:term":[{"taxonomy":"brand","embeddable":true,"href":"https:\/\/onlinehardwareshop.de\/index.php\/wp-json\/wp\/v2\/brand?post=86754"},{"taxonomy":"product_brand","embeddable":true,"href":"https:\/\/onlinehardwareshop.de\/index.php\/wp-json\/wp\/v2\/product_brand?post=86754"},{"taxonomy":"product_cat","embeddable":true,"href":"https:\/\/onlinehardwareshop.de\/index.php\/wp-json\/wp\/v2\/product_cat?post=86754"},{"taxonomy":"product_tag","embeddable":true,"href":"https:\/\/onlinehardwareshop.de\/index.php\/wp-json\/wp\/v2\/product_tag?post=86754"}],"curies":[{"name":"wp","href":"https:\/\/api.w.org\/{rel}","templated":true}]}}