{"id":86736,"date":"2024-09-23T20:58:39","date_gmt":"2024-09-23T20:58:39","guid":{"rendered":"https:\/\/onlinehardwareshop.de\/index.php\/produkt\/bosch-vitapower-serie-4-mmb6174s\/"},"modified":"2025-05-14T05:39:46","modified_gmt":"2025-05-14T05:39:46","slug":"bosch-vitapower-serie-4-mmb6174s","status":"publish","type":"product","link":"https:\/\/onlinehardwareshop.de\/index.php\/produkt\/bosch-vitapower-serie-4-mmb6174s\/","title":{"rendered":"Bosch VitaPower Serie 4 MMB6174S"},"content":{"rendered":"<p>Mit dem Bosch VitaPower Serie 4 MMB6174S kannst du dank des mitgelieferten Mixbechers Smoothies f\u00fcr unterwegs zubereiten. Du mixt Zutaten im Becher, den du danach einfach unterwegs mitnehmen kannst. Durch den leistungsstarken Motor von 1.200 Watt ist das Hinzuf\u00fcgen von harten Zutaten wie Eis und verschiedenen N\u00fcssen kein Problem. Die Edelstahlmesser und die starke Leistung sorgen f\u00fcr glatte Smoothies. Der gl\u00e4serne Mixbeh\u00e4lter hat ein Fassungsverm\u00f6gen von 1,5 Litern und hat eine Literanzeige. So kannst du Zutaten direkt im Beh\u00e4lter abmessen. Au\u00dfer kalten Zutaten kannst du auch warme Zutaten oder So\u00dfen im Standmixer zubereiten. Nach der Verwendung lassen sich die separaten Teile einfach in der Sp\u00fclmaschine reinigen.<\/p>\n","protected":false},"excerpt":{"rendered":"<p>Mit dem Bosch VitaPower Serie 4 MMB6174S kannst du dank des mitgelieferten Mixbechers Smoothies f\u00fcr unterwegs zubereiten. Du mixt Zutaten im Becher, den du danach einfach unterwegs mitnehmen kannst. Durch den leistungsstarken Motor von 1.200 Watt ist das Hinzuf\u00fcgen von harten Zutaten wie Eis und verschiedenen N\u00fcssen kein Problem. Die Edelstahlmesser und die starke Leistung sorgen f\u00fcr glatte Smoothies. Der gl\u00e4serne Mixbeh\u00e4lter hat ein Fassungsverm\u00f6gen von 1,5 Litern und hat eine Literanzeige. So kannst du Zutaten direkt im Beh\u00e4lter abmessen. Au\u00dfer kalten Zutaten kannst du auch warme Zutaten oder So\u00dfen im Standmixer zubereiten. Nach der Verwendung lassen sich die separaten Teile einfach in der Sp\u00fclmaschine reinigen.<\/p>\n","protected":false},"featured_media":0,"comment_status":"closed","ping_status":"open","template":"","meta":{"_acf_changed":false},"brand":[250],"product_brand":[],"product_cat":[1606],"product_tag":[1607],"class_list":{"0":"post-86736","1":"product","2":"type-product","3":"status-publish","5":"brand-bosch","6":"product_cat-standmixer","7":"product_tag-blenders","8":"pa_condition-new","9":"pa_coolblue-de-verzending-morgen-gratis-geliefert","10":"pa_ean-10561","11":"pa_mpn-mmb6174s","13":"first","14":"instock","15":"product-type-external"},"acf":[],"_links":{"self":[{"href":"https:\/\/onlinehardwareshop.de\/index.php\/wp-json\/wp\/v2\/product\/86736","targetHints":{"allow":["GET"]}}],"collection":[{"href":"https:\/\/onlinehardwareshop.de\/index.php\/wp-json\/wp\/v2\/product"}],"about":[{"href":"https:\/\/onlinehardwareshop.de\/index.php\/wp-json\/wp\/v2\/types\/product"}],"replies":[{"embeddable":true,"href":"https:\/\/onlinehardwareshop.de\/index.php\/wp-json\/wp\/v2\/comments?post=86736"}],"wp:attachment":[{"href":"https:\/\/onlinehardwareshop.de\/index.php\/wp-json\/wp\/v2\/media?parent=86736"}],"wp:term":[{"taxonomy":"brand","embeddable":true,"href":"https:\/\/onlinehardwareshop.de\/index.php\/wp-json\/wp\/v2\/brand?post=86736"},{"taxonomy":"product_brand","embeddable":true,"href":"https:\/\/onlinehardwareshop.de\/index.php\/wp-json\/wp\/v2\/product_brand?post=86736"},{"taxonomy":"product_cat","embeddable":true,"href":"https:\/\/onlinehardwareshop.de\/index.php\/wp-json\/wp\/v2\/product_cat?post=86736"},{"taxonomy":"product_tag","embeddable":true,"href":"https:\/\/onlinehardwareshop.de\/index.php\/wp-json\/wp\/v2\/product_tag?post=86736"}],"curies":[{"name":"wp","href":"https:\/\/api.w.org\/{rel}","templated":true}]}}