{"id":86709,"date":"2024-06-08T22:59:41","date_gmt":"2024-06-08T22:59:41","guid":{"rendered":"https:\/\/onlinehardwareshop.de\/index.php\/produkt\/kingston-fury-beast-ddr4-dimm-3-200mhz-32gb-2x-16gb\/"},"modified":"2025-05-14T03:58:27","modified_gmt":"2025-05-14T03:58:27","slug":"kingston-fury-beast-ddr4-dimm-3-200mhz-32gb-2x-16gb","status":"publish","type":"product","link":"https:\/\/onlinehardwareshop.de\/index.php\/produkt\/kingston-fury-beast-ddr4-dimm-3-200mhz-32gb-2x-16gb\/","title":{"rendered":"Kingston FURY Beast DDR4 DIMM 3.200&#xA0;MHz 32GB (2x 16GB)"},"content":{"rendered":"<p>HINWEIS: Dieser DDR4-DIMM-Speicher passt nur in einen PC, nicht in einen Laptop oder einen Mac. Der Computer muss \u00fcber einen DDR4-Steckplatz verf\u00fcgen. \u00dcberpr\u00fcfe dies im Windows Task-Manager bei mehr Details unter dem Reiter &#8222;Leistung&#8220;. Der Speicher wird als DDR3 oder DDR4 ausgewiesen.   Sorge f\u00fcr eine gro\u00dfe Leistungssteigerung f\u00fcr den Speicher von deinem Gaming-PC mit dem Kingston FURY Beast DDR4 DIMM 3.200\u00a0MHz 32\u00a0GB (2x 16\u00a0GB) RAM. Da das Set aus zwei Speichermodulen besteht, verwendest du diese im Dual-Channel-Modus. Dadurch funktionieren sie schneller. Die Taktfrequenz dieses Speichermoduls liegt bei 3.200\u00a0MHz, passt sich jedoch automatisch an die h\u00f6chstm\u00f6gliche Taktfrequenz deines Motherboards an. Diese FURY Beast RAM-Module haben ein mattschwarzes Design und damit ein echtes Gaming-Aussehen.<\/p>\n","protected":false},"excerpt":{"rendered":"<p>HINWEIS: Dieser DDR4-DIMM-Speicher passt nur in einen PC, nicht in einen Laptop oder einen Mac. Der Computer muss \u00fcber einen DDR4-Steckplatz verf\u00fcgen. \u00dcberpr\u00fcfe dies im Windows Task-Manager bei mehr Details unter dem Reiter &#8222;Leistung&#8220;. Der Speicher wird als DDR3 oder DDR4 ausgewiesen.   Sorge f\u00fcr eine gro\u00dfe Leistungssteigerung f\u00fcr den Speicher von deinem Gaming-PC mit dem Kingston FURY Beast DDR4 DIMM 3.200\u00a0MHz 32\u00a0GB (2x 16\u00a0GB) RAM. Da das Set aus zwei Speichermodulen besteht, verwendest du diese im Dual-Channel-Modus. Dadurch funktionieren sie schneller. Die Taktfrequenz dieses Speichermoduls liegt bei 3.200\u00a0MHz, passt sich jedoch automatisch an die h\u00f6chstm\u00f6gliche Taktfrequenz deines Motherboards an. Diese FURY Beast RAM-Module haben ein mattschwarzes Design und damit ein echtes Gaming-Aussehen.<\/p>\n","protected":false},"featured_media":0,"comment_status":"closed","ping_status":"open","template":"","meta":{"_acf_changed":false},"brand":[2956],"product_brand":[],"product_cat":[2796],"product_tag":[2797],"class_list":{"0":"post-86709","1":"product","2":"type-product","3":"status-publish","5":"brand-kingston","6":"product_cat-ram","7":"product_tag-intern-geheugen-voor-desktop","8":"pa_condition-new","9":"pa_coolblue-de-verzending-morgen-gratis-geliefert","10":"pa_ean-8200","11":"pa_mpn-kf432c16bb1k2-32","13":"first","14":"instock","15":"product-type-external"},"acf":[],"_links":{"self":[{"href":"https:\/\/onlinehardwareshop.de\/index.php\/wp-json\/wp\/v2\/product\/86709","targetHints":{"allow":["GET"]}}],"collection":[{"href":"https:\/\/onlinehardwareshop.de\/index.php\/wp-json\/wp\/v2\/product"}],"about":[{"href":"https:\/\/onlinehardwareshop.de\/index.php\/wp-json\/wp\/v2\/types\/product"}],"replies":[{"embeddable":true,"href":"https:\/\/onlinehardwareshop.de\/index.php\/wp-json\/wp\/v2\/comments?post=86709"}],"wp:attachment":[{"href":"https:\/\/onlinehardwareshop.de\/index.php\/wp-json\/wp\/v2\/media?parent=86709"}],"wp:term":[{"taxonomy":"brand","embeddable":true,"href":"https:\/\/onlinehardwareshop.de\/index.php\/wp-json\/wp\/v2\/brand?post=86709"},{"taxonomy":"product_brand","embeddable":true,"href":"https:\/\/onlinehardwareshop.de\/index.php\/wp-json\/wp\/v2\/product_brand?post=86709"},{"taxonomy":"product_cat","embeddable":true,"href":"https:\/\/onlinehardwareshop.de\/index.php\/wp-json\/wp\/v2\/product_cat?post=86709"},{"taxonomy":"product_tag","embeddable":true,"href":"https:\/\/onlinehardwareshop.de\/index.php\/wp-json\/wp\/v2\/product_tag?post=86709"}],"curies":[{"name":"wp","href":"https:\/\/api.w.org\/{rel}","templated":true}]}}