{"id":86688,"date":"2024-12-14T11:16:18","date_gmt":"2024-12-14T11:16:18","guid":{"rendered":"https:\/\/onlinehardwareshop.de\/index.php\/produkt\/brabantia-bgelbrett-b-124-x-38-cm-denim-blue\/"},"modified":"2025-05-14T02:26:12","modified_gmt":"2025-05-14T02:26:12","slug":"brabantia-bgelbrett-b-124-x-38-cm-denim-blue","status":"publish","type":"product","link":"https:\/\/onlinehardwareshop.de\/index.php\/produkt\/brabantia-bgelbrett-b-124-x-38-cm-denim-blue\/","title":{"rendered":"Brabantia B&#xFC;gelbrett B 124 x 38 cm Denim Blue"},"content":{"rendered":"<p>Mit dem Brabantia B\u00fcgelbrett B 124 x 38 cm Denim Blue mit B\u00fcgeleisenhalter b\u00fcgelst du bequem alle B\u00fcgelw\u00e4sche glatt. Durch die breite B\u00fcgelfl\u00e4che hast du besonders viel Platz, sodass du deine Kleidung schneller b\u00fcgeln kannst. Der mitgelieferte Halter wurde hinzugef\u00fcgt, damit du dein Dampfb\u00fcgeleisen hier platzieren kannst. Die Baumwollh\u00fclle des B\u00fcgeleisens hat eine flexible Schaumstoffschicht, sodass das B\u00fcgeleisen m\u00fchelos \u00fcber den Stoff gleitet. Und durch die Antirutsch-Schutzkappen steht das B\u00fcgeleisen fest auf dem Boden. Eine Rahmenverriegelung verhindert das ungewollte ein- und ausklappen des B\u00fcgelbretts.<\/p>\n","protected":false},"excerpt":{"rendered":"<p>Mit dem Brabantia B\u00fcgelbrett B 124 x 38 cm Denim Blue mit B\u00fcgeleisenhalter b\u00fcgelst du bequem alle B\u00fcgelw\u00e4sche glatt. Durch die breite B\u00fcgelfl\u00e4che hast du besonders viel Platz, sodass du deine Kleidung schneller b\u00fcgeln kannst. Der mitgelieferte Halter wurde hinzugef\u00fcgt, damit du dein Dampfb\u00fcgeleisen hier platzieren kannst. Die Baumwollh\u00fclle des B\u00fcgeleisens hat eine flexible Schaumstoffschicht, sodass das B\u00fcgeleisen m\u00fchelos \u00fcber den Stoff gleitet. Und durch die Antirutsch-Schutzkappen steht das B\u00fcgeleisen fest auf dem Boden. Eine Rahmenverriegelung verhindert das ungewollte ein- und ausklappen des B\u00fcgelbretts.<\/p>\n","protected":false},"featured_media":0,"comment_status":"closed","ping_status":"open","template":"","meta":{"_acf_changed":false},"brand":[66],"product_brand":[],"product_cat":[6006],"product_tag":[6007],"class_list":{"0":"post-86688","1":"product","2":"type-product","3":"status-publish","5":"brand-brabantia","6":"product_cat-bgelbretter","7":"product_tag-strijkplanken","8":"pa_condition-new","9":"pa_coolblue-de-verzending-morgen-gratis-geliefert","10":"pa_ean-6008","11":"pa_mpn-6009","13":"first","14":"instock","15":"product-type-external"},"acf":[],"_links":{"self":[{"href":"https:\/\/onlinehardwareshop.de\/index.php\/wp-json\/wp\/v2\/product\/86688","targetHints":{"allow":["GET"]}}],"collection":[{"href":"https:\/\/onlinehardwareshop.de\/index.php\/wp-json\/wp\/v2\/product"}],"about":[{"href":"https:\/\/onlinehardwareshop.de\/index.php\/wp-json\/wp\/v2\/types\/product"}],"replies":[{"embeddable":true,"href":"https:\/\/onlinehardwareshop.de\/index.php\/wp-json\/wp\/v2\/comments?post=86688"}],"wp:attachment":[{"href":"https:\/\/onlinehardwareshop.de\/index.php\/wp-json\/wp\/v2\/media?parent=86688"}],"wp:term":[{"taxonomy":"brand","embeddable":true,"href":"https:\/\/onlinehardwareshop.de\/index.php\/wp-json\/wp\/v2\/brand?post=86688"},{"taxonomy":"product_brand","embeddable":true,"href":"https:\/\/onlinehardwareshop.de\/index.php\/wp-json\/wp\/v2\/product_brand?post=86688"},{"taxonomy":"product_cat","embeddable":true,"href":"https:\/\/onlinehardwareshop.de\/index.php\/wp-json\/wp\/v2\/product_cat?post=86688"},{"taxonomy":"product_tag","embeddable":true,"href":"https:\/\/onlinehardwareshop.de\/index.php\/wp-json\/wp\/v2\/product_tag?post=86688"}],"curies":[{"name":"wp","href":"https:\/\/api.w.org\/{rel}","templated":true}]}}