{"id":86669,"date":"2024-06-29T13:18:46","date_gmt":"2024-06-29T13:18:46","guid":{"rendered":"https:\/\/onlinehardwareshop.de\/index.php\/produkt\/hama-antidust-druckluft-reinigungsspray-400ml\/"},"modified":"2025-05-14T01:01:50","modified_gmt":"2025-05-14T01:01:50","slug":"hama-antidust-druckluft-reinigungsspray-400ml","status":"publish","type":"product","link":"https:\/\/onlinehardwareshop.de\/index.php\/produkt\/hama-antidust-druckluft-reinigungsspray-400ml\/","title":{"rendered":"Hama Antidust Druckluft-Reinigungsspray 400ml"},"content":{"rendered":"<p>Benutze das Hama Antidust Reinigungsspray 400ml, um Kamera, Objektive und Zubeh\u00f6r zu reinigen. Das Spray entfernt Staub und Schmutz an schwer zug\u00e4nglichen Stellen. Durch den Monoblock-Kanister mit Schraubkopf ist die Blasintensit\u00e4t besonders stark. Dieses Spray ist auch f\u00fcr die Reinigung schwieriger Stellen im B\u00fcro und zu Hause geeignet.<\/p>\n","protected":false},"excerpt":{"rendered":"<p>Benutze das Hama Antidust Reinigungsspray 400ml, um Kamera, Objektive und Zubeh\u00f6r zu reinigen. Das Spray entfernt Staub und Schmutz an schwer zug\u00e4nglichen Stellen. Durch den Monoblock-Kanister mit Schraubkopf ist die Blasintensit\u00e4t besonders stark. Dieses Spray ist auch f\u00fcr die Reinigung schwieriger Stellen im B\u00fcro und zu Hause geeignet.<\/p>\n","protected":false},"featured_media":0,"comment_status":"closed","ping_status":"open","template":"","meta":{"_acf_changed":false},"brand":[885],"product_brand":[],"product_cat":[1414],"product_tag":[1415],"class_list":{"0":"post-86669","1":"product","2":"type-product","3":"status-publish","5":"brand-hama","6":"product_cat-reinigungssets-fr-kameras","7":"product_tag-schoonmaaksets-voor-cameras","8":"pa_condition-new","9":"pa_coolblue-de-verzending-morgen-gratis-geliefert","10":"pa_ean-3982","11":"pa_mpn-3983","13":"first","14":"instock","15":"product-type-external"},"acf":[],"_links":{"self":[{"href":"https:\/\/onlinehardwareshop.de\/index.php\/wp-json\/wp\/v2\/product\/86669","targetHints":{"allow":["GET"]}}],"collection":[{"href":"https:\/\/onlinehardwareshop.de\/index.php\/wp-json\/wp\/v2\/product"}],"about":[{"href":"https:\/\/onlinehardwareshop.de\/index.php\/wp-json\/wp\/v2\/types\/product"}],"replies":[{"embeddable":true,"href":"https:\/\/onlinehardwareshop.de\/index.php\/wp-json\/wp\/v2\/comments?post=86669"}],"wp:attachment":[{"href":"https:\/\/onlinehardwareshop.de\/index.php\/wp-json\/wp\/v2\/media?parent=86669"}],"wp:term":[{"taxonomy":"brand","embeddable":true,"href":"https:\/\/onlinehardwareshop.de\/index.php\/wp-json\/wp\/v2\/brand?post=86669"},{"taxonomy":"product_brand","embeddable":true,"href":"https:\/\/onlinehardwareshop.de\/index.php\/wp-json\/wp\/v2\/product_brand?post=86669"},{"taxonomy":"product_cat","embeddable":true,"href":"https:\/\/onlinehardwareshop.de\/index.php\/wp-json\/wp\/v2\/product_cat?post=86669"},{"taxonomy":"product_tag","embeddable":true,"href":"https:\/\/onlinehardwareshop.de\/index.php\/wp-json\/wp\/v2\/product_tag?post=86669"}],"curies":[{"name":"wp","href":"https:\/\/api.w.org\/{rel}","templated":true}]}}