{"id":86661,"date":"2024-10-30T17:37:44","date_gmt":"2024-10-30T17:37:44","guid":{"rendered":"https:\/\/onlinehardwareshop.de\/index.php\/produkt\/domo-do700bl-x-power\/"},"modified":"2025-05-14T00:31:18","modified_gmt":"2025-05-14T00:31:18","slug":"domo-do700bl-x-power","status":"publish","type":"product","link":"https:\/\/onlinehardwareshop.de\/index.php\/produkt\/domo-do700bl-x-power\/","title":{"rendered":"DOMO DO700BL X-Power"},"content":{"rendered":"<p>Mit diesem leistungsstarken DOMO DO700BL X-Power-Standmixer mit 1.000 Watt bereitest du in k\u00fcrzester Zeit einen leckeren Smoothie zu. Du f\u00fcllst den gro\u00dfen oder einen der beiden kleinen Mixbeh\u00e4lter mit deinen Lieblingszutaten, schraubst das Messer darauf und stellst alles auf den Standmixer. Du h\u00e4ltst den Knopf gedr\u00fcckt, bis das Getr\u00e4nk die gew\u00fcnschte Dicke hat. Wenn du h\u00e4rtere Gem\u00fcse- oder Obstst\u00fccke verwendest, kannst du die Taste zwischendurch loslassen, um pulsierend zu mixen. So haben die Zutaten Zeit, wieder zum Messer hin zu sinken, bevor du den Standmixer wieder laufen l\u00e4sst. So bist du sicher, dass du einen glatten Smoothie servierst. Alles fertig? Dann ersetzt du das Messer durch einen Deckel mit Trink\u00f6ffnung und nimmst deinen Smoothie schnell mit. So erreichst du deinen Zug gerade noch rechtzeitig!<\/p>\n","protected":false},"excerpt":{"rendered":"<p>Mit diesem leistungsstarken DOMO DO700BL X-Power-Standmixer mit 1.000 Watt bereitest du in k\u00fcrzester Zeit einen leckeren Smoothie zu. Du f\u00fcllst den gro\u00dfen oder einen der beiden kleinen Mixbeh\u00e4lter mit deinen Lieblingszutaten, schraubst das Messer darauf und stellst alles auf den Standmixer. Du h\u00e4ltst den Knopf gedr\u00fcckt, bis das Getr\u00e4nk die gew\u00fcnschte Dicke hat. Wenn du h\u00e4rtere Gem\u00fcse- oder Obstst\u00fccke verwendest, kannst du die Taste zwischendurch loslassen, um pulsierend zu mixen. So haben die Zutaten Zeit, wieder zum Messer hin zu sinken, bevor du den Standmixer wieder laufen l\u00e4sst. So bist du sicher, dass du einen glatten Smoothie servierst. Alles fertig? Dann ersetzt du das Messer durch einen Deckel mit Trink\u00f6ffnung und nimmst deinen Smoothie schnell mit. So erreichst du deinen Zug gerade noch rechtzeitig!<\/p>\n","protected":false},"featured_media":0,"comment_status":"closed","ping_status":"open","template":"","meta":{"_acf_changed":false},"brand":[270],"product_brand":[],"product_cat":[1606],"product_tag":[1607],"class_list":{"0":"post-86661","1":"product","2":"type-product","3":"status-publish","5":"brand-domo","6":"product_cat-standmixer","7":"product_tag-blenders","8":"pa_condition-new","9":"pa_coolblue-de-verzending-morgen-gratis-geliefert","10":"pa_ean-3088","11":"pa_mpn-do700bl","13":"first","14":"instock","15":"product-type-external"},"acf":[],"_links":{"self":[{"href":"https:\/\/onlinehardwareshop.de\/index.php\/wp-json\/wp\/v2\/product\/86661","targetHints":{"allow":["GET"]}}],"collection":[{"href":"https:\/\/onlinehardwareshop.de\/index.php\/wp-json\/wp\/v2\/product"}],"about":[{"href":"https:\/\/onlinehardwareshop.de\/index.php\/wp-json\/wp\/v2\/types\/product"}],"replies":[{"embeddable":true,"href":"https:\/\/onlinehardwareshop.de\/index.php\/wp-json\/wp\/v2\/comments?post=86661"}],"wp:attachment":[{"href":"https:\/\/onlinehardwareshop.de\/index.php\/wp-json\/wp\/v2\/media?parent=86661"}],"wp:term":[{"taxonomy":"brand","embeddable":true,"href":"https:\/\/onlinehardwareshop.de\/index.php\/wp-json\/wp\/v2\/brand?post=86661"},{"taxonomy":"product_brand","embeddable":true,"href":"https:\/\/onlinehardwareshop.de\/index.php\/wp-json\/wp\/v2\/product_brand?post=86661"},{"taxonomy":"product_cat","embeddable":true,"href":"https:\/\/onlinehardwareshop.de\/index.php\/wp-json\/wp\/v2\/product_cat?post=86661"},{"taxonomy":"product_tag","embeddable":true,"href":"https:\/\/onlinehardwareshop.de\/index.php\/wp-json\/wp\/v2\/product_tag?post=86661"}],"curies":[{"name":"wp","href":"https:\/\/api.w.org\/{rel}","templated":true}]}}