{"id":86653,"date":"2024-04-04T09:57:26","date_gmt":"2024-04-04T09:57:26","guid":{"rendered":"https:\/\/onlinehardwareshop.de\/index.php\/produkt\/sharp-r860s\/"},"modified":"2025-05-14T00:05:05","modified_gmt":"2025-05-14T00:05:05","slug":"sharp-r860s","status":"publish","type":"product","link":"https:\/\/onlinehardwareshop.de\/index.php\/produkt\/sharp-r860s\/","title":{"rendered":"Sharp R860S"},"content":{"rendered":"<p>Die Sharp R860S verf\u00fcgt \u00fcber eine Backofen-, Mikrowellen- und Grillfunktion. Hierdurch benutzt du diese Kombi-Mikrowelle f\u00fcr verschiedene Anwendungen. Du w\u00e4rmst deine Mahlzeiten damit auf, aber du garst auch einen Auflauf oder backst eine Torte darin. Wegen dem fehlenden Drehteller ist die Mikrowelle auch f\u00fcr rechteckige Auflaufformen geeignet. Auch an das Auftauen wurde gedacht. Schalte die Auftaustufe ein, um die Mahlzeit, die du morgens vergessen hast aus dem Gefrierschrank zu holen, doch noch zum Abendessen zu servieren. Um die Zubereitung noch einfacher zu machen, w\u00e4hlst du aus 1 von 15 automatischen Kochprogrammen. Das Programm, das du am meisten benutzt, \u00f6ffnest du mithilfe der Speicherfunktion, so musst du es nicht jedes Mal wieder suchen.<\/p>\n","protected":false},"excerpt":{"rendered":"<p>Die Sharp R860S verf\u00fcgt \u00fcber eine Backofen-, Mikrowellen- und Grillfunktion. Hierdurch benutzt du diese Kombi-Mikrowelle f\u00fcr verschiedene Anwendungen. Du w\u00e4rmst deine Mahlzeiten damit auf, aber du garst auch einen Auflauf oder backst eine Torte darin. Wegen dem fehlenden Drehteller ist die Mikrowelle auch f\u00fcr rechteckige Auflaufformen geeignet. Auch an das Auftauen wurde gedacht. Schalte die Auftaustufe ein, um die Mahlzeit, die du morgens vergessen hast aus dem Gefrierschrank zu holen, doch noch zum Abendessen zu servieren. Um die Zubereitung noch einfacher zu machen, w\u00e4hlst du aus 1 von 15 automatischen Kochprogrammen. Das Programm, das du am meisten benutzt, \u00f6ffnest du mithilfe der Speicherfunktion, so musst du es nicht jedes Mal wieder suchen.<\/p>\n","protected":false},"featured_media":0,"comment_status":"closed","ping_status":"open","template":"","meta":{"_acf_changed":false},"brand":[926],"product_brand":[],"product_cat":[927],"product_tag":[928],"class_list":{"0":"post-86653","1":"product","2":"type-product","3":"status-publish","5":"brand-sharp","6":"product_cat-mikrowellen","7":"product_tag-vrijstaande-combimagnetrons","8":"pa_condition-new","9":"pa_coolblue-de-verzending-morgen-gratis-geliefert","10":"pa_ean-2293","11":"pa_mpn-r860s","13":"first","14":"instock","15":"product-type-external"},"acf":[],"_links":{"self":[{"href":"https:\/\/onlinehardwareshop.de\/index.php\/wp-json\/wp\/v2\/product\/86653","targetHints":{"allow":["GET"]}}],"collection":[{"href":"https:\/\/onlinehardwareshop.de\/index.php\/wp-json\/wp\/v2\/product"}],"about":[{"href":"https:\/\/onlinehardwareshop.de\/index.php\/wp-json\/wp\/v2\/types\/product"}],"replies":[{"embeddable":true,"href":"https:\/\/onlinehardwareshop.de\/index.php\/wp-json\/wp\/v2\/comments?post=86653"}],"wp:attachment":[{"href":"https:\/\/onlinehardwareshop.de\/index.php\/wp-json\/wp\/v2\/media?parent=86653"}],"wp:term":[{"taxonomy":"brand","embeddable":true,"href":"https:\/\/onlinehardwareshop.de\/index.php\/wp-json\/wp\/v2\/brand?post=86653"},{"taxonomy":"product_brand","embeddable":true,"href":"https:\/\/onlinehardwareshop.de\/index.php\/wp-json\/wp\/v2\/product_brand?post=86653"},{"taxonomy":"product_cat","embeddable":true,"href":"https:\/\/onlinehardwareshop.de\/index.php\/wp-json\/wp\/v2\/product_cat?post=86653"},{"taxonomy":"product_tag","embeddable":true,"href":"https:\/\/onlinehardwareshop.de\/index.php\/wp-json\/wp\/v2\/product_tag?post=86653"}],"curies":[{"name":"wp","href":"https:\/\/api.w.org\/{rel}","templated":true}]}}