{"id":86606,"date":"2025-02-21T06:25:44","date_gmt":"2025-02-21T06:25:44","guid":{"rendered":"https:\/\/onlinehardwareshop.de\/index.php\/produkt\/greenpan-torino-bratpfannenset-aus-keramik-24-28cm-schmorpfanne\/"},"modified":"2025-05-14T18:54:59","modified_gmt":"2025-05-14T18:54:59","slug":"greenpan-torino-bratpfannenset-aus-keramik-24-28cm-schmorpfanne","status":"publish","type":"product","link":"https:\/\/onlinehardwareshop.de\/index.php\/produkt\/greenpan-torino-bratpfannenset-aus-keramik-24-28cm-schmorpfanne\/","title":{"rendered":"GreenPan Torino Bratpfannenset aus Keramik 24 + 28&#xA0;cm + Schmorpfanne"},"content":{"rendered":"<p>Mit dem GreenPan Torino Bratpfannenset aus Keramik 24 + 28\u00a0cm + Schmorpfanne br\u00e4tst und schmorst du dank der Schmorpfanne auch Zutaten. Mit dem Bratpfannenset bereitest du mehrere Zutaten f\u00fcr eine komplette Mahlzeit auf einmal zu. Das Pfannenset ist nachhaltig hergestellt und PFAS-frei. Das bedeutet, dass du beim Essen keine sch\u00e4dlichen Partikel aufnimmst. Die Pfannen lassen sich auf allen W\u00e4rmequellen verwenden, auch auf Induktion. Au\u00dferdem sind sie backofenfest bis 180\u00a0\u00b0C. Das ist besonders praktisch, wenn du gerne Gerichte kochst, die du sowohl auf dem Herd als auch im Backofen zubereitest, wie zum Beispiel einen Auflauf. Dank der keramischen Antihaftbeschichtung halten die Pfannen l\u00e4nger als eine Pfanne mit herk\u00f6mmlicher Antihaftbeschichtung. Du brauchst also nicht so schnell eine neue Pfanne zu kaufen.<\/p>\n","protected":false},"excerpt":{"rendered":"<p>Mit dem GreenPan Torino Bratpfannenset aus Keramik 24 + 28\u00a0cm + Schmorpfanne br\u00e4tst und schmorst du dank der Schmorpfanne auch Zutaten. Mit dem Bratpfannenset bereitest du mehrere Zutaten f\u00fcr eine komplette Mahlzeit auf einmal zu. Das Pfannenset ist nachhaltig hergestellt und PFAS-frei. Das bedeutet, dass du beim Essen keine sch\u00e4dlichen Partikel aufnimmst. Die Pfannen lassen sich auf allen W\u00e4rmequellen verwenden, auch auf Induktion. Au\u00dferdem sind sie backofenfest bis 180\u00a0\u00b0C. Das ist besonders praktisch, wenn du gerne Gerichte kochst, die du sowohl auf dem Herd als auch im Backofen zubereitest, wie zum Beispiel einen Auflauf. Dank der keramischen Antihaftbeschichtung halten die Pfannen l\u00e4nger als eine Pfanne mit herk\u00f6mmlicher Antihaftbeschichtung. Du brauchst also nicht so schnell eine neue Pfanne zu kaufen.<\/p>\n","protected":false},"featured_media":0,"comment_status":"closed","ping_status":"open","template":"","meta":{"_acf_changed":false},"brand":[3971],"product_brand":[],"product_cat":[372],"product_tag":[1788],"class_list":{"0":"post-86606","1":"product","2":"type-product","3":"status-publish","5":"brand-greenpan","6":"product_cat-tpfe-und-pfannen","7":"product_tag-bakpannensets","8":"pa_condition-new","9":"pa_coolblue-de-verzending-morgen-gratis-geliefert","10":"pa_ean-31989","12":"first","13":"instock","14":"product-type-external"},"acf":[],"_links":{"self":[{"href":"https:\/\/onlinehardwareshop.de\/index.php\/wp-json\/wp\/v2\/product\/86606","targetHints":{"allow":["GET"]}}],"collection":[{"href":"https:\/\/onlinehardwareshop.de\/index.php\/wp-json\/wp\/v2\/product"}],"about":[{"href":"https:\/\/onlinehardwareshop.de\/index.php\/wp-json\/wp\/v2\/types\/product"}],"replies":[{"embeddable":true,"href":"https:\/\/onlinehardwareshop.de\/index.php\/wp-json\/wp\/v2\/comments?post=86606"}],"wp:attachment":[{"href":"https:\/\/onlinehardwareshop.de\/index.php\/wp-json\/wp\/v2\/media?parent=86606"}],"wp:term":[{"taxonomy":"brand","embeddable":true,"href":"https:\/\/onlinehardwareshop.de\/index.php\/wp-json\/wp\/v2\/brand?post=86606"},{"taxonomy":"product_brand","embeddable":true,"href":"https:\/\/onlinehardwareshop.de\/index.php\/wp-json\/wp\/v2\/product_brand?post=86606"},{"taxonomy":"product_cat","embeddable":true,"href":"https:\/\/onlinehardwareshop.de\/index.php\/wp-json\/wp\/v2\/product_cat?post=86606"},{"taxonomy":"product_tag","embeddable":true,"href":"https:\/\/onlinehardwareshop.de\/index.php\/wp-json\/wp\/v2\/product_tag?post=86606"}],"curies":[{"name":"wp","href":"https:\/\/api.w.org\/{rel}","templated":true}]}}