{"id":86565,"date":"2024-04-09T00:05:45","date_gmt":"2024-04-09T00:05:45","guid":{"rendered":"https:\/\/onlinehardwareshop.de\/index.php\/produkt\/brother-hl-l2445dw-1-zustzlicher-schwarzer-xl-toner\/"},"modified":"2025-05-14T16:56:25","modified_gmt":"2025-05-14T16:56:25","slug":"brother-hl-l2445dw-1-zustzlicher-schwarzer-xl-toner","status":"publish","type":"product","link":"https:\/\/onlinehardwareshop.de\/index.php\/produkt\/brother-hl-l2445dw-1-zustzlicher-schwarzer-xl-toner\/","title":{"rendered":"Brother HL-L2445DW + 1 zus&#xE4;tzlicher schwarzer XL-Toner"},"content":{"rendered":"<p>Hole dir mit diesem Set aus Brother HL-L2445DW + 1 zus\u00e4tzlichem schwarzen XL-Toner direkt den passenden Toner zu deinem neuen Drucker. Mit diesem XL-Toner druckst du bis zu 3.000 Seiten in Schwarz-Wei\u00df und bist somit f\u00fcrs Erste mit Tinte versorgt. Der Brother HL-L2445DW ist ein schneller Laserdrucker f\u00fcrs B\u00fcro oder deinen Heimarbeitsplatz. Dank seines kompakten Formats l\u00e4sst er sich dort gut unterbringen, ohne an Schnelligkeit einzub\u00fc\u00dfen. Du druckst n\u00e4mlich trotzdem bis zu 32 Schwarz-Wei\u00df-Seiten pro Minute. Der Druck ist dabei automatisch beidseitig, sodass du auch Papier sparst. In der Papierkassette dieses Druckers hast du Platz f\u00fcr 250 Papierb\u00f6gen, sodass du sie nicht st\u00e4ndig nachf\u00fcllst. Der Drucker funktioniert au\u00dferdem mit einem separaten Toner und einer Trommel. Erst wenn du ungef\u00e4hr 15.000 Seiten gedruckt hast, ist es Zeit, die Druckertrommel auszutauschen.<\/p>\n","protected":false},"excerpt":{"rendered":"<p>Hole dir mit diesem Set aus Brother HL-L2445DW + 1 zus\u00e4tzlichem schwarzen XL-Toner direkt den passenden Toner zu deinem neuen Drucker. Mit diesem XL-Toner druckst du bis zu 3.000 Seiten in Schwarz-Wei\u00df und bist somit f\u00fcrs Erste mit Tinte versorgt. Der Brother HL-L2445DW ist ein schneller Laserdrucker f\u00fcrs B\u00fcro oder deinen Heimarbeitsplatz. Dank seines kompakten Formats l\u00e4sst er sich dort gut unterbringen, ohne an Schnelligkeit einzub\u00fc\u00dfen. Du druckst n\u00e4mlich trotzdem bis zu 32 Schwarz-Wei\u00df-Seiten pro Minute. Der Druck ist dabei automatisch beidseitig, sodass du auch Papier sparst. In der Papierkassette dieses Druckers hast du Platz f\u00fcr 250 Papierb\u00f6gen, sodass du sie nicht st\u00e4ndig nachf\u00fcllst. Der Drucker funktioniert au\u00dferdem mit einem separaten Toner und einer Trommel. Erst wenn du ungef\u00e4hr 15.000 Seiten gedruckt hast, ist es Zeit, die Druckertrommel auszutauschen.<\/p>\n","protected":false},"featured_media":0,"comment_status":"closed","ping_status":"open","template":"","meta":{"_acf_changed":false},"brand":[164],"product_brand":[],"product_cat":[2205],"product_tag":[4823],"class_list":{"0":"post-86565","1":"product","2":"type-product","3":"status-publish","5":"brand-brother","6":"product_cat-drucker","7":"product_tag-laserprinters","8":"pa_condition-new","9":"pa_coolblue-de-verzending-morgen-gratis-geliefert","10":"pa_ean-31548","12":"first","13":"instock","14":"product-type-external"},"acf":[],"_links":{"self":[{"href":"https:\/\/onlinehardwareshop.de\/index.php\/wp-json\/wp\/v2\/product\/86565","targetHints":{"allow":["GET"]}}],"collection":[{"href":"https:\/\/onlinehardwareshop.de\/index.php\/wp-json\/wp\/v2\/product"}],"about":[{"href":"https:\/\/onlinehardwareshop.de\/index.php\/wp-json\/wp\/v2\/types\/product"}],"replies":[{"embeddable":true,"href":"https:\/\/onlinehardwareshop.de\/index.php\/wp-json\/wp\/v2\/comments?post=86565"}],"wp:attachment":[{"href":"https:\/\/onlinehardwareshop.de\/index.php\/wp-json\/wp\/v2\/media?parent=86565"}],"wp:term":[{"taxonomy":"brand","embeddable":true,"href":"https:\/\/onlinehardwareshop.de\/index.php\/wp-json\/wp\/v2\/brand?post=86565"},{"taxonomy":"product_brand","embeddable":true,"href":"https:\/\/onlinehardwareshop.de\/index.php\/wp-json\/wp\/v2\/product_brand?post=86565"},{"taxonomy":"product_cat","embeddable":true,"href":"https:\/\/onlinehardwareshop.de\/index.php\/wp-json\/wp\/v2\/product_cat?post=86565"},{"taxonomy":"product_tag","embeddable":true,"href":"https:\/\/onlinehardwareshop.de\/index.php\/wp-json\/wp\/v2\/product_tag?post=86565"}],"curies":[{"name":"wp","href":"https:\/\/api.w.org\/{rel}","templated":true}]}}