{"id":86550,"date":"2024-05-15T09:09:59","date_gmt":"2024-05-15T09:09:59","guid":{"rendered":"https:\/\/onlinehardwareshop.de\/index.php\/produkt\/kobo-clara-bw-schwarz-bluebuilt-book-case-schwarz\/"},"modified":"2025-05-14T16:05:08","modified_gmt":"2025-05-14T16:05:08","slug":"kobo-clara-bw-schwarz-bluebuilt-book-case-schwarz","status":"publish","type":"product","link":"https:\/\/onlinehardwareshop.de\/index.php\/produkt\/kobo-clara-bw-schwarz-bluebuilt-book-case-schwarz\/","title":{"rendered":"Kobo Clara BW Schwarz + BlueBuilt Book Case Schwarz"},"content":{"rendered":"<p>Mit dem Set aus Kobo Clara BW Schwarz + BlueBuilt Book Case Schwarz verhinderst du Sch\u00e4den und Kratzer an deinem Kobo. Die Frontklappe dient auch als St\u00e4nder, mit dem du deinen eBook-Reader aufrecht hinstellst. So liest du bequem deine Lieblingsb\u00fccher. Der 6 Zoll gro\u00dfe eBook-Reader ist kompakt und leicht. Dadurch nimmst du ihn problemlos \u00fcberallhin mit. Dank ComfortLight Pro passt du sogar die Helligkeit und Farbtemperatur an. Zudem filtert der eBook-Reader blaues Licht und du kannst einen dunklen Modus w\u00e4hlen. So g\u00f6nnst du deinen Augen beim Lesen mehr Ruhe und schl\u00e4fst einfacher ein. Da der Clara BW wasserbest\u00e4ndig ist, liest du auch sicher am Strand oder im Schwimmbad. Hast du keine Lust zu lesen? \u00dcber kabellose In-Ear-Kopfh\u00f6rer h\u00f6rst du H\u00f6rb\u00fccher. Der Clara BW hat kein Farbdisplay. M\u00f6chtest du, dass deinen B\u00fcchern mehr Leben eingehaucht wird oder machst du dir gerne bunte Notizen? Dann w\u00e4hle den Clara Colour mit Farbdisplay.<\/p>\n","protected":false},"excerpt":{"rendered":"<p>Mit dem Set aus Kobo Clara BW Schwarz + BlueBuilt Book Case Schwarz verhinderst du Sch\u00e4den und Kratzer an deinem Kobo. Die Frontklappe dient auch als St\u00e4nder, mit dem du deinen eBook-Reader aufrecht hinstellst. So liest du bequem deine Lieblingsb\u00fccher. Der 6 Zoll gro\u00dfe eBook-Reader ist kompakt und leicht. Dadurch nimmst du ihn problemlos \u00fcberallhin mit. Dank ComfortLight Pro passt du sogar die Helligkeit und Farbtemperatur an. Zudem filtert der eBook-Reader blaues Licht und du kannst einen dunklen Modus w\u00e4hlen. So g\u00f6nnst du deinen Augen beim Lesen mehr Ruhe und schl\u00e4fst einfacher ein. Da der Clara BW wasserbest\u00e4ndig ist, liest du auch sicher am Strand oder im Schwimmbad. Hast du keine Lust zu lesen? \u00dcber kabellose In-Ear-Kopfh\u00f6rer h\u00f6rst du H\u00f6rb\u00fccher. Der Clara BW hat kein Farbdisplay. M\u00f6chtest du, dass deinen B\u00fcchern mehr Leben eingehaucht wird oder machst du dir gerne bunte Notizen? Dann w\u00e4hle den Clara Colour mit Farbdisplay.<\/p>\n","protected":false},"featured_media":0,"comment_status":"closed","ping_status":"open","template":"","meta":{"_acf_changed":false},"brand":[8608],"product_brand":[],"product_cat":[8609],"product_tag":[8610],"class_list":{"0":"post-86550","1":"product","2":"type-product","3":"status-publish","5":"brand-kobo","6":"product_cat-ebook-reader","7":"product_tag-e-readers","8":"pa_condition-new","9":"pa_coolblue-de-verzending-morgen-gratis-geliefert","10":"pa_ean-25234","12":"first","13":"instock","14":"product-type-external"},"acf":[],"_links":{"self":[{"href":"https:\/\/onlinehardwareshop.de\/index.php\/wp-json\/wp\/v2\/product\/86550","targetHints":{"allow":["GET"]}}],"collection":[{"href":"https:\/\/onlinehardwareshop.de\/index.php\/wp-json\/wp\/v2\/product"}],"about":[{"href":"https:\/\/onlinehardwareshop.de\/index.php\/wp-json\/wp\/v2\/types\/product"}],"replies":[{"embeddable":true,"href":"https:\/\/onlinehardwareshop.de\/index.php\/wp-json\/wp\/v2\/comments?post=86550"}],"wp:attachment":[{"href":"https:\/\/onlinehardwareshop.de\/index.php\/wp-json\/wp\/v2\/media?parent=86550"}],"wp:term":[{"taxonomy":"brand","embeddable":true,"href":"https:\/\/onlinehardwareshop.de\/index.php\/wp-json\/wp\/v2\/brand?post=86550"},{"taxonomy":"product_brand","embeddable":true,"href":"https:\/\/onlinehardwareshop.de\/index.php\/wp-json\/wp\/v2\/product_brand?post=86550"},{"taxonomy":"product_cat","embeddable":true,"href":"https:\/\/onlinehardwareshop.de\/index.php\/wp-json\/wp\/v2\/product_cat?post=86550"},{"taxonomy":"product_tag","embeddable":true,"href":"https:\/\/onlinehardwareshop.de\/index.php\/wp-json\/wp\/v2\/product_tag?post=86550"}],"curies":[{"name":"wp","href":"https:\/\/api.w.org\/{rel}","templated":true}]}}