{"id":86543,"date":"2024-03-10T13:36:20","date_gmt":"2024-03-10T13:36:20","guid":{"rendered":"https:\/\/onlinehardwareshop.de\/index.php\/produkt\/canon-pixma-tr4755i-1-satz-xl-reservepatronen\/"},"modified":"2025-05-14T15:53:42","modified_gmt":"2025-05-14T15:53:42","slug":"canon-pixma-tr4755i-1-satz-xl-reservepatronen","status":"publish","type":"product","link":"https:\/\/onlinehardwareshop.de\/index.php\/produkt\/canon-pixma-tr4755i-1-satz-xl-reservepatronen\/","title":{"rendered":"Canon PIXMA TR4755i + 1 Satz XL-Reservepatronen"},"content":{"rendered":"<p>Lege dir mit dem Set aus Canon PIXMA TR4755i + 1 Satz XL-Reservepatronen zus\u00e4tzlich zum Drucker auch eine schwarze Patrone und eine Farbpatrone in XL zu. Mit den XL-Patronen druckst du rund 300 Seiten in Farbe und 400 Seiten in Schwarz-Wei\u00df aus, sodass du vorerst gen\u00fcgend Tinte hast. Mit dem Canon PIXMA TR4755i druckst du nicht nur all deine Unterlagen, sondern auch Urlaubsfotos aus. Dieser 4-in-1-Drucker f\u00fcr zu Hause druckt, scannt, kopiert und faxt. Der Drucker hat eine Druckaufl\u00f6sung von 4.800\u00a0x 1.200\u00a0dpi, sodass deine Fotodrucke scharf werden. Fotopapier bewahrst du in einer separaten Fotopapierschublade auf, sodass du nicht jedes Mal das Papier auswechselst. M\u00f6chtest du schnell einen Papierstapel scannen oder kopieren? Dann lasse bis zu 20 B\u00f6gen auf einmal im automatischen Dokumenteneinzug vom PIXMA TR4755i verarbeiten. Druckauftr\u00e4ge verschickst du kabellos \u00fcber WLAN oder kabelgebunden \u00fcber ein USB-Kabel.   Geeignet f\u00fcr den Canon PIXMA Print Plan  Dieser Drucker eignet sich f\u00fcr den Canon PIXMA Print Plan. Dabei handelt es sich um einen Tintenservice, der dir eine bestimmte Anzahl Ausdrucke f\u00fcr einen festen Monatsbetrag zur Verf\u00fcgung stellt. Dein Drucker bestellt selbstst\u00e4ndig neue Patronen, wenn diese fast leer sind, die kostenlos geliefert werden. So geht dir nie mehr die Tinte aus. M\u00f6chtest du mehr \u00fcber den PIXMA Print Plan erfahren? Sieh dir unseren Beratungsartikel an.<\/p>\n","protected":false},"excerpt":{"rendered":"<p>Lege dir mit dem Set aus Canon PIXMA TR4755i + 1 Satz XL-Reservepatronen zus\u00e4tzlich zum Drucker auch eine schwarze Patrone und eine Farbpatrone in XL zu. Mit den XL-Patronen druckst du rund 300 Seiten in Farbe und 400 Seiten in Schwarz-Wei\u00df aus, sodass du vorerst gen\u00fcgend Tinte hast. Mit dem Canon PIXMA TR4755i druckst du nicht nur all deine Unterlagen, sondern auch Urlaubsfotos aus. Dieser 4-in-1-Drucker f\u00fcr zu Hause druckt, scannt, kopiert und faxt. Der Drucker hat eine Druckaufl\u00f6sung von 4.800\u00a0x 1.200\u00a0dpi, sodass deine Fotodrucke scharf werden. Fotopapier bewahrst du in einer separaten Fotopapierschublade auf, sodass du nicht jedes Mal das Papier auswechselst. M\u00f6chtest du schnell einen Papierstapel scannen oder kopieren? Dann lasse bis zu 20 B\u00f6gen auf einmal im automatischen Dokumenteneinzug vom PIXMA TR4755i verarbeiten. Druckauftr\u00e4ge verschickst du kabellos \u00fcber WLAN oder kabelgebunden \u00fcber ein USB-Kabel.   Geeignet f\u00fcr den Canon PIXMA Print Plan  Dieser Drucker eignet sich f\u00fcr den Canon PIXMA Print Plan. Dabei handelt es sich um einen Tintenservice, der dir eine bestimmte Anzahl Ausdrucke f\u00fcr einen festen Monatsbetrag zur Verf\u00fcgung stellt. Dein Drucker bestellt selbstst\u00e4ndig neue Patronen, wenn diese fast leer sind, die kostenlos geliefert werden. So geht dir nie mehr die Tinte aus. M\u00f6chtest du mehr \u00fcber den PIXMA Print Plan erfahren? Sieh dir unseren Beratungsartikel an.<\/p>\n","protected":false},"featured_media":0,"comment_status":"closed","ping_status":"open","template":"","meta":{"_acf_changed":false},"brand":[61],"product_brand":[],"product_cat":[2205],"product_tag":[2206],"class_list":{"0":"post-86543","1":"product","2":"type-product","3":"status-publish","5":"brand-canon","6":"product_cat-drucker","7":"product_tag-inkjetprinters","8":"pa_condition-new","9":"pa_coolblue-de-verzending-morgen-gratis-geliefert","10":"pa_ean-25047","12":"first","13":"instock","14":"product-type-external"},"acf":[],"_links":{"self":[{"href":"https:\/\/onlinehardwareshop.de\/index.php\/wp-json\/wp\/v2\/product\/86543","targetHints":{"allow":["GET"]}}],"collection":[{"href":"https:\/\/onlinehardwareshop.de\/index.php\/wp-json\/wp\/v2\/product"}],"about":[{"href":"https:\/\/onlinehardwareshop.de\/index.php\/wp-json\/wp\/v2\/types\/product"}],"replies":[{"embeddable":true,"href":"https:\/\/onlinehardwareshop.de\/index.php\/wp-json\/wp\/v2\/comments?post=86543"}],"wp:attachment":[{"href":"https:\/\/onlinehardwareshop.de\/index.php\/wp-json\/wp\/v2\/media?parent=86543"}],"wp:term":[{"taxonomy":"brand","embeddable":true,"href":"https:\/\/onlinehardwareshop.de\/index.php\/wp-json\/wp\/v2\/brand?post=86543"},{"taxonomy":"product_brand","embeddable":true,"href":"https:\/\/onlinehardwareshop.de\/index.php\/wp-json\/wp\/v2\/product_brand?post=86543"},{"taxonomy":"product_cat","embeddable":true,"href":"https:\/\/onlinehardwareshop.de\/index.php\/wp-json\/wp\/v2\/product_cat?post=86543"},{"taxonomy":"product_tag","embeddable":true,"href":"https:\/\/onlinehardwareshop.de\/index.php\/wp-json\/wp\/v2\/product_tag?post=86543"}],"curies":[{"name":"wp","href":"https:\/\/api.w.org\/{rel}","templated":true}]}}