{"id":86531,"date":"2025-04-06T09:23:55","date_gmt":"2025-04-06T09:23:55","guid":{"rendered":"https:\/\/onlinehardwareshop.de\/index.php\/produkt\/epson-ecotank-et-8550-1-satz-reservetintenflaschen\/"},"modified":"2025-05-14T15:27:29","modified_gmt":"2025-05-14T15:27:29","slug":"epson-ecotank-et-8550-1-satz-reservetintenflaschen","status":"publish","type":"product","link":"https:\/\/onlinehardwareshop.de\/index.php\/produkt\/epson-ecotank-et-8550-1-satz-reservetintenflaschen\/","title":{"rendered":"Epson EcoTank ET-8550 + 1 Satz Reservetintenflaschen"},"content":{"rendered":"<p>Mit dem Set aus Epson EcoTank ET-8550 + 1 Satz Reservetintenflaschen geht dir nicht pl\u00f6tzlich die Tinte aus. Du druckst dank der zus\u00e4tzlichen Tintenflaschen bis zu 9.000 Schwarz-Wei\u00df-Seiten und bis zu 15.000 Farbseiten. Mit dem Epson EcoTank ET-8550 Multifunktions-Tintenstrahldrucker druckst du g\u00fcnstig auf A3+-Papier. Du druckst mit diesem Fotodrucker sogar sch\u00f6ne Bilder im A3+-Format. Neben den vier Grundfarben Schwarz, Magenta, Gelb und Cyan verwendet der ET-8550 auch fotoschwarze und graue Tinte. Dank dieser zwei zus\u00e4tzlichen Farben erh\u00e4ltst du tiefe Schwarz-Wei\u00df-Kontraste. Dieser EcoTank Drucker hat sechs Tintentanks an der Vorderseite. Wenn du siehst, dass die Tinte fast leer ist, f\u00fcllst du die Tanks einfach mit den Tintenflaschen nach. Verbinde deine Ger\u00e4te kabellos, sodass du Druckauftr\u00e4ge sogar von deinem Tablet oder Smartphone aus sendest. Hast du ein paar Fotos auf deiner Speicherkarte oder einem USB-Stick? Dann stecke sie in den Steckplatz f\u00fcr Speicherkarten und drucke sie sofort aus.<\/p>\n","protected":false},"excerpt":{"rendered":"<p>Mit dem Set aus Epson EcoTank ET-8550 + 1 Satz Reservetintenflaschen geht dir nicht pl\u00f6tzlich die Tinte aus. Du druckst dank der zus\u00e4tzlichen Tintenflaschen bis zu 9.000 Schwarz-Wei\u00df-Seiten und bis zu 15.000 Farbseiten. Mit dem Epson EcoTank ET-8550 Multifunktions-Tintenstrahldrucker druckst du g\u00fcnstig auf A3+-Papier. Du druckst mit diesem Fotodrucker sogar sch\u00f6ne Bilder im A3+-Format. Neben den vier Grundfarben Schwarz, Magenta, Gelb und Cyan verwendet der ET-8550 auch fotoschwarze und graue Tinte. Dank dieser zwei zus\u00e4tzlichen Farben erh\u00e4ltst du tiefe Schwarz-Wei\u00df-Kontraste. Dieser EcoTank Drucker hat sechs Tintentanks an der Vorderseite. Wenn du siehst, dass die Tinte fast leer ist, f\u00fcllst du die Tanks einfach mit den Tintenflaschen nach. Verbinde deine Ger\u00e4te kabellos, sodass du Druckauftr\u00e4ge sogar von deinem Tablet oder Smartphone aus sendest. Hast du ein paar Fotos auf deiner Speicherkarte oder einem USB-Stick? Dann stecke sie in den Steckplatz f\u00fcr Speicherkarten und drucke sie sofort aus.<\/p>\n","protected":false},"featured_media":0,"comment_status":"closed","ping_status":"open","template":"","meta":{"_acf_changed":false},"brand":[267],"product_brand":[],"product_cat":[2205],"product_tag":[4745],"class_list":{"0":"post-86531","1":"product","2":"type-product","3":"status-publish","5":"brand-epson","6":"product_cat-drucker","7":"product_tag-inkttank-printers","8":"pa_condition-new","9":"pa_coolblue-de-verzending-morgen-gratis-geliefert","10":"pa_ean-27122","12":"first","13":"instock","14":"product-type-external"},"acf":[],"_links":{"self":[{"href":"https:\/\/onlinehardwareshop.de\/index.php\/wp-json\/wp\/v2\/product\/86531","targetHints":{"allow":["GET"]}}],"collection":[{"href":"https:\/\/onlinehardwareshop.de\/index.php\/wp-json\/wp\/v2\/product"}],"about":[{"href":"https:\/\/onlinehardwareshop.de\/index.php\/wp-json\/wp\/v2\/types\/product"}],"replies":[{"embeddable":true,"href":"https:\/\/onlinehardwareshop.de\/index.php\/wp-json\/wp\/v2\/comments?post=86531"}],"wp:attachment":[{"href":"https:\/\/onlinehardwareshop.de\/index.php\/wp-json\/wp\/v2\/media?parent=86531"}],"wp:term":[{"taxonomy":"brand","embeddable":true,"href":"https:\/\/onlinehardwareshop.de\/index.php\/wp-json\/wp\/v2\/brand?post=86531"},{"taxonomy":"product_brand","embeddable":true,"href":"https:\/\/onlinehardwareshop.de\/index.php\/wp-json\/wp\/v2\/product_brand?post=86531"},{"taxonomy":"product_cat","embeddable":true,"href":"https:\/\/onlinehardwareshop.de\/index.php\/wp-json\/wp\/v2\/product_cat?post=86531"},{"taxonomy":"product_tag","embeddable":true,"href":"https:\/\/onlinehardwareshop.de\/index.php\/wp-json\/wp\/v2\/product_tag?post=86531"}],"curies":[{"name":"wp","href":"https:\/\/api.w.org\/{rel}","templated":true}]}}