{"id":86511,"date":"2024-10-20T01:27:03","date_gmt":"2024-10-20T01:27:03","guid":{"rendered":"https:\/\/onlinehardwareshop.de\/index.php\/produkt\/jbl-tune-720bt-wei-bluebuilt-quick-charge-ladegert-mit-usb-a-port-18w-schwarz\/"},"modified":"2025-05-14T13:58:18","modified_gmt":"2025-05-14T13:58:18","slug":"jbl-tune-720bt-wei-bluebuilt-quick-charge-ladegert-mit-usb-a-port-18w-schwarz","status":"publish","type":"product","link":"https:\/\/onlinehardwareshop.de\/index.php\/produkt\/jbl-tune-720bt-wei-bluebuilt-quick-charge-ladegert-mit-usb-a-port-18w-schwarz\/","title":{"rendered":"JBL Tune 720BT Wei&#xDF; + BlueBuilt Quick-Charge-Ladeger&#xE4;t mit USB-A-Port 18&#xA0;W Schwarz"},"content":{"rendered":"<p>Mit dem JBL Tune 720BT Wei\u00df + BlueBuilt Quick-Charge-Ladeger\u00e4t mit USB-A-Port 18\u00a0W Schwarz Set erh\u00e4ltst du einen kabellosen JBL Kopfh\u00f6rer und ein Ladeger\u00e4t. Diese Kopfh\u00f6rer haben einen Akku, der bis zu 76 Stunden h\u00e4lt. Ist der Akku leer? Dann l\u00e4sst er sich innerhalb von f\u00fcnf Minuten ausreichend aufladen, um drei Stunden extra Akku zu haben. Du kannst diese JBL-Kopfh\u00f6rer gleichzeitig mit zwei Ger\u00e4ten verbinden. So h\u00f6rst du auf deinem Laptop Musik und nimmst gleichzeitig Anrufe entgegen. Dank Voice Aware sind Telefongespr\u00e4che deutlich. Diese Technik erm\u00f6glicht es dir, deine Stimme gut zu h\u00f6ren, w\u00e4hrend du die Kopfh\u00f6rer tr\u00e4gst.<\/p>\n","protected":false},"excerpt":{"rendered":"<p>Mit dem JBL Tune 720BT Wei\u00df + BlueBuilt Quick-Charge-Ladeger\u00e4t mit USB-A-Port 18\u00a0W Schwarz Set erh\u00e4ltst du einen kabellosen JBL Kopfh\u00f6rer und ein Ladeger\u00e4t. Diese Kopfh\u00f6rer haben einen Akku, der bis zu 76 Stunden h\u00e4lt. Ist der Akku leer? Dann l\u00e4sst er sich innerhalb von f\u00fcnf Minuten ausreichend aufladen, um drei Stunden extra Akku zu haben. Du kannst diese JBL-Kopfh\u00f6rer gleichzeitig mit zwei Ger\u00e4ten verbinden. So h\u00f6rst du auf deinem Laptop Musik und nimmst gleichzeitig Anrufe entgegen. Dank Voice Aware sind Telefongespr\u00e4che deutlich. Diese Technik erm\u00f6glicht es dir, deine Stimme gut zu h\u00f6ren, w\u00e4hrend du die Kopfh\u00f6rer tr\u00e4gst.<\/p>\n","protected":false},"featured_media":0,"comment_status":"closed","ping_status":"open","template":"","meta":{"_acf_changed":false},"brand":[5677],"product_brand":[],"product_cat":[1182],"product_tag":[1183],"class_list":{"0":"post-86511","1":"product","2":"type-product","3":"status-publish","5":"brand-jbl","6":"product_cat-kopfhrer","7":"product_tag-hoofdtelefoons-zonder-noisecancelling","8":"pa_condition-new","9":"pa_coolblue-de-verzending-morgen-gratis-geliefert","10":"pa_ean-22904","12":"first","13":"instock","14":"product-type-external"},"acf":[],"_links":{"self":[{"href":"https:\/\/onlinehardwareshop.de\/index.php\/wp-json\/wp\/v2\/product\/86511","targetHints":{"allow":["GET"]}}],"collection":[{"href":"https:\/\/onlinehardwareshop.de\/index.php\/wp-json\/wp\/v2\/product"}],"about":[{"href":"https:\/\/onlinehardwareshop.de\/index.php\/wp-json\/wp\/v2\/types\/product"}],"replies":[{"embeddable":true,"href":"https:\/\/onlinehardwareshop.de\/index.php\/wp-json\/wp\/v2\/comments?post=86511"}],"wp:attachment":[{"href":"https:\/\/onlinehardwareshop.de\/index.php\/wp-json\/wp\/v2\/media?parent=86511"}],"wp:term":[{"taxonomy":"brand","embeddable":true,"href":"https:\/\/onlinehardwareshop.de\/index.php\/wp-json\/wp\/v2\/brand?post=86511"},{"taxonomy":"product_brand","embeddable":true,"href":"https:\/\/onlinehardwareshop.de\/index.php\/wp-json\/wp\/v2\/product_brand?post=86511"},{"taxonomy":"product_cat","embeddable":true,"href":"https:\/\/onlinehardwareshop.de\/index.php\/wp-json\/wp\/v2\/product_cat?post=86511"},{"taxonomy":"product_tag","embeddable":true,"href":"https:\/\/onlinehardwareshop.de\/index.php\/wp-json\/wp\/v2\/product_tag?post=86511"}],"curies":[{"name":"wp","href":"https:\/\/api.w.org\/{rel}","templated":true}]}}