{"id":86481,"date":"2024-09-13T13:35:30","date_gmt":"2024-09-13T13:35:30","guid":{"rendered":"https:\/\/onlinehardwareshop.de\/index.php\/produkt\/lexar-sl500-portable-ssd-1tb\/"},"modified":"2025-05-14T11:24:26","modified_gmt":"2025-05-14T11:24:26","slug":"lexar-sl500-portable-ssd-1tb","status":"publish","type":"product","link":"https:\/\/onlinehardwareshop.de\/index.php\/produkt\/lexar-sl500-portable-ssd-1tb\/","title":{"rendered":"Lexar SL500 Portable SSD 1TB"},"content":{"rendered":"<p>Nimm deine wichtigsten Dateien mit der Lexar SL500 Portable SSD 1\u00a0TB \u00fcberallhin mit. Diese externe SSD ist sto\u00df- und staubbest\u00e4ndig und h\u00e4lt daher einiges aus. Mit 1 Terabyte an Speicher nimmst du die gr\u00f6\u00dften Dateien \u00fcberallhin mit. Dank der Schreibgeschwindigkeit von 1.800 Megabyte pro Sekunde \u00fcbertr\u00e4gst du einen zweist\u00fcndigen 4K-Film in weniger als einer Minute auf deine SSD. Du sch\u00fctzt deine Dateien mit der Datenverschl\u00fcsselung auf der SSD, sodass unerw\u00fcnschte Personen drau\u00dfen bleiben. Die Lexar SL500 eignet sich f\u00fcr Android, Windows und macOS, weshalb eine Formatierung nicht notwendig ist.<\/p>\n","protected":false},"excerpt":{"rendered":"<p>Nimm deine wichtigsten Dateien mit der Lexar SL500 Portable SSD 1\u00a0TB \u00fcberallhin mit. Diese externe SSD ist sto\u00df- und staubbest\u00e4ndig und h\u00e4lt daher einiges aus. Mit 1 Terabyte an Speicher nimmst du die gr\u00f6\u00dften Dateien \u00fcberallhin mit. Dank der Schreibgeschwindigkeit von 1.800 Megabyte pro Sekunde \u00fcbertr\u00e4gst du einen zweist\u00fcndigen 4K-Film in weniger als einer Minute auf deine SSD. Du sch\u00fctzt deine Dateien mit der Datenverschl\u00fcsselung auf der SSD, sodass unerw\u00fcnschte Personen drau\u00dfen bleiben. Die Lexar SL500 eignet sich f\u00fcr Android, Windows und macOS, weshalb eine Formatierung nicht notwendig ist.<\/p>\n","protected":false},"featured_media":0,"comment_status":"closed","ping_status":"open","template":"","meta":{"_acf_changed":false},"brand":[12499],"product_brand":[],"product_cat":[4819],"product_tag":[4820],"class_list":{"0":"post-86481","1":"product","2":"type-product","3":"status-publish","5":"brand-lexar","6":"product_cat-externe-ssds","7":"product_tag-harde-schijven-extern-ssd","8":"pa_condition-new","9":"pa_coolblue-de-verzending-morgen-gratis-geliefert","10":"pa_ean-19135","11":"pa_mpn-19136","13":"first","14":"instock","15":"product-type-external"},"acf":[],"_links":{"self":[{"href":"https:\/\/onlinehardwareshop.de\/index.php\/wp-json\/wp\/v2\/product\/86481","targetHints":{"allow":["GET"]}}],"collection":[{"href":"https:\/\/onlinehardwareshop.de\/index.php\/wp-json\/wp\/v2\/product"}],"about":[{"href":"https:\/\/onlinehardwareshop.de\/index.php\/wp-json\/wp\/v2\/types\/product"}],"replies":[{"embeddable":true,"href":"https:\/\/onlinehardwareshop.de\/index.php\/wp-json\/wp\/v2\/comments?post=86481"}],"wp:attachment":[{"href":"https:\/\/onlinehardwareshop.de\/index.php\/wp-json\/wp\/v2\/media?parent=86481"}],"wp:term":[{"taxonomy":"brand","embeddable":true,"href":"https:\/\/onlinehardwareshop.de\/index.php\/wp-json\/wp\/v2\/brand?post=86481"},{"taxonomy":"product_brand","embeddable":true,"href":"https:\/\/onlinehardwareshop.de\/index.php\/wp-json\/wp\/v2\/product_brand?post=86481"},{"taxonomy":"product_cat","embeddable":true,"href":"https:\/\/onlinehardwareshop.de\/index.php\/wp-json\/wp\/v2\/product_cat?post=86481"},{"taxonomy":"product_tag","embeddable":true,"href":"https:\/\/onlinehardwareshop.de\/index.php\/wp-json\/wp\/v2\/product_tag?post=86481"}],"curies":[{"name":"wp","href":"https:\/\/api.w.org\/{rel}","templated":true}]}}