{"id":86456,"date":"2024-06-22T14:12:59","date_gmt":"2024-06-22T14:12:59","guid":{"rendered":"https:\/\/onlinehardwareshop.de\/index.php\/produkt\/brother-hl-l2445dw\/"},"modified":"2025-05-14T10:02:42","modified_gmt":"2025-05-14T10:02:42","slug":"brother-hl-l2445dw","status":"publish","type":"product","link":"https:\/\/onlinehardwareshop.de\/index.php\/produkt\/brother-hl-l2445dw\/","title":{"rendered":"Brother HL-L2445DW"},"content":{"rendered":"<p>Entscheide dich mit dem Brother HL-L2445DW f\u00fcr einen schnellen Laserdrucker f\u00fcr das B\u00fcro. Die kompakte Gr\u00f6\u00dfe erleichtert die Platzierung des Druckers in einem kleinen B\u00fcro oder Heimb\u00fcro. Bei der Geschwindigkeit gehst du keine Kompromisse ein, denn der HL-L2445DWE druckt 32 Schwarz-Wei\u00df-Seiten pro Minute. Der Druck erfolgt automatisch beidseitig. So verbrauchst du weniger Papier. In der Papierkassette des Druckers kannst du bis zu 250 Blatt Papier aufbewahren, sodass du nicht jedes Mal Papier nachf\u00fcllen musst. Der Drucker verwendet einen separaten Toner und eine separate Trommel. Du tauschst die Druckertrommel nach etwa 15.000 gedruckten Seiten aus.<\/p>\n","protected":false},"excerpt":{"rendered":"<p>Entscheide dich mit dem Brother HL-L2445DW f\u00fcr einen schnellen Laserdrucker f\u00fcr das B\u00fcro. Die kompakte Gr\u00f6\u00dfe erleichtert die Platzierung des Druckers in einem kleinen B\u00fcro oder Heimb\u00fcro. Bei der Geschwindigkeit gehst du keine Kompromisse ein, denn der HL-L2445DWE druckt 32 Schwarz-Wei\u00df-Seiten pro Minute. Der Druck erfolgt automatisch beidseitig. So verbrauchst du weniger Papier. In der Papierkassette des Druckers kannst du bis zu 250 Blatt Papier aufbewahren, sodass du nicht jedes Mal Papier nachf\u00fcllen musst. Der Drucker verwendet einen separaten Toner und eine separate Trommel. Du tauschst die Druckertrommel nach etwa 15.000 gedruckten Seiten aus.<\/p>\n","protected":false},"featured_media":0,"comment_status":"closed","ping_status":"open","template":"","meta":{"_acf_changed":false},"brand":[164],"product_brand":[],"product_cat":[2205],"product_tag":[4823],"class_list":{"0":"post-86456","1":"product","2":"type-product","3":"status-publish","5":"brand-brother","6":"product_cat-drucker","7":"product_tag-laserprinters","8":"pa_condition-new","9":"pa_coolblue-de-verzending-morgen-gratis-geliefert","10":"pa_ean-27754","11":"pa_mpn-hll2445dwre1","13":"first","14":"instock","15":"product-type-external"},"acf":[],"_links":{"self":[{"href":"https:\/\/onlinehardwareshop.de\/index.php\/wp-json\/wp\/v2\/product\/86456","targetHints":{"allow":["GET"]}}],"collection":[{"href":"https:\/\/onlinehardwareshop.de\/index.php\/wp-json\/wp\/v2\/product"}],"about":[{"href":"https:\/\/onlinehardwareshop.de\/index.php\/wp-json\/wp\/v2\/types\/product"}],"replies":[{"embeddable":true,"href":"https:\/\/onlinehardwareshop.de\/index.php\/wp-json\/wp\/v2\/comments?post=86456"}],"wp:attachment":[{"href":"https:\/\/onlinehardwareshop.de\/index.php\/wp-json\/wp\/v2\/media?parent=86456"}],"wp:term":[{"taxonomy":"brand","embeddable":true,"href":"https:\/\/onlinehardwareshop.de\/index.php\/wp-json\/wp\/v2\/brand?post=86456"},{"taxonomy":"product_brand","embeddable":true,"href":"https:\/\/onlinehardwareshop.de\/index.php\/wp-json\/wp\/v2\/product_brand?post=86456"},{"taxonomy":"product_cat","embeddable":true,"href":"https:\/\/onlinehardwareshop.de\/index.php\/wp-json\/wp\/v2\/product_cat?post=86456"},{"taxonomy":"product_tag","embeddable":true,"href":"https:\/\/onlinehardwareshop.de\/index.php\/wp-json\/wp\/v2\/product_tag?post=86456"}],"curies":[{"name":"wp","href":"https:\/\/api.w.org\/{rel}","templated":true}]}}