{"id":86453,"date":"2025-04-13T07:00:52","date_gmt":"2025-04-13T07:00:52","guid":{"rendered":"https:\/\/onlinehardwareshop.de\/index.php\/produkt\/princess-212094-solid-pro\/"},"modified":"2025-05-14T09:53:41","modified_gmt":"2025-05-14T09:53:41","slug":"princess-212094-solid-pro","status":"publish","type":"product","link":"https:\/\/onlinehardwareshop.de\/index.php\/produkt\/princess-212094-solid-pro\/","title":{"rendered":"Princess 212094 Solid Pro"},"content":{"rendered":"<p>Mit dem Princess 212094 Solid Pro mixt du im Handumdrehen sowohl harte als auch weiche Zutaten. Der Standmixer besitzt n\u00e4mlich einen mit 1.400 Watt leistungsstarken Motor. Zur Bedienung des Standmixers stehen der Drehregler und die Drucktasten zur Verf\u00fcgung. M\u00f6chtest du alles unter Kontrolle haben? Dann stelle die Geschwindigkeit \u00fcber den Drehregler ein. Mit den drei automatischen Mixprogrammen \u00fcberl\u00e4sst du dem Ger\u00e4t die Einstellungen der richtigen Werte. Nutze die Impulsstufe, wenn deine Zutaten f\u00fcr Smoothies oder Suppen besonders glatt werden sollen. Nach der Verwendung l\u00e4sst sich der Mixbeh\u00e4lter per Auto Clean Funktion reinigen. Das ist angenehm, denn so s\u00e4uberst du die abnehmbaren Einzelteile einfach auf Knopfdruck.<\/p>\n","protected":false},"excerpt":{"rendered":"<p>Mit dem Princess 212094 Solid Pro mixt du im Handumdrehen sowohl harte als auch weiche Zutaten. Der Standmixer besitzt n\u00e4mlich einen mit 1.400 Watt leistungsstarken Motor. Zur Bedienung des Standmixers stehen der Drehregler und die Drucktasten zur Verf\u00fcgung. M\u00f6chtest du alles unter Kontrolle haben? Dann stelle die Geschwindigkeit \u00fcber den Drehregler ein. Mit den drei automatischen Mixprogrammen \u00fcberl\u00e4sst du dem Ger\u00e4t die Einstellungen der richtigen Werte. Nutze die Impulsstufe, wenn deine Zutaten f\u00fcr Smoothies oder Suppen besonders glatt werden sollen. Nach der Verwendung l\u00e4sst sich der Mixbeh\u00e4lter per Auto Clean Funktion reinigen. Das ist angenehm, denn so s\u00e4uberst du die abnehmbaren Einzelteile einfach auf Knopfdruck.<\/p>\n","protected":false},"featured_media":0,"comment_status":"closed","ping_status":"open","template":"","meta":{"_acf_changed":false},"brand":[1137],"product_brand":[],"product_cat":[1606],"product_tag":[1607],"class_list":{"0":"post-86453","1":"product","2":"type-product","3":"status-publish","5":"brand-princess","6":"product_cat-standmixer","7":"product_tag-blenders","8":"pa_condition-new","9":"pa_coolblue-de-verzending-morgen-gratis-geliefert","10":"pa_ean-16972","11":"pa_mpn-01-212094-01-001","13":"first","14":"instock","15":"product-type-external"},"acf":[],"_links":{"self":[{"href":"https:\/\/onlinehardwareshop.de\/index.php\/wp-json\/wp\/v2\/product\/86453","targetHints":{"allow":["GET"]}}],"collection":[{"href":"https:\/\/onlinehardwareshop.de\/index.php\/wp-json\/wp\/v2\/product"}],"about":[{"href":"https:\/\/onlinehardwareshop.de\/index.php\/wp-json\/wp\/v2\/types\/product"}],"replies":[{"embeddable":true,"href":"https:\/\/onlinehardwareshop.de\/index.php\/wp-json\/wp\/v2\/comments?post=86453"}],"wp:attachment":[{"href":"https:\/\/onlinehardwareshop.de\/index.php\/wp-json\/wp\/v2\/media?parent=86453"}],"wp:term":[{"taxonomy":"brand","embeddable":true,"href":"https:\/\/onlinehardwareshop.de\/index.php\/wp-json\/wp\/v2\/brand?post=86453"},{"taxonomy":"product_brand","embeddable":true,"href":"https:\/\/onlinehardwareshop.de\/index.php\/wp-json\/wp\/v2\/product_brand?post=86453"},{"taxonomy":"product_cat","embeddable":true,"href":"https:\/\/onlinehardwareshop.de\/index.php\/wp-json\/wp\/v2\/product_cat?post=86453"},{"taxonomy":"product_tag","embeddable":true,"href":"https:\/\/onlinehardwareshop.de\/index.php\/wp-json\/wp\/v2\/product_tag?post=86453"}],"curies":[{"name":"wp","href":"https:\/\/api.w.org\/{rel}","templated":true}]}}