{"id":86446,"date":"2024-01-24T08:38:21","date_gmt":"2024-01-24T08:38:21","guid":{"rendered":"https:\/\/onlinehardwareshop.de\/index.php\/produkt\/seagate-ironwolf-pro-20tb\/"},"modified":"2025-05-14T09:18:28","modified_gmt":"2025-05-14T09:18:28","slug":"seagate-ironwolf-pro-20tb","status":"publish","type":"product","link":"https:\/\/onlinehardwareshop.de\/index.php\/produkt\/seagate-ironwolf-pro-20tb\/","title":{"rendered":"Seagate IronWolf Pro 20&#xA0;TB"},"content":{"rendered":"<p>Die Seagate IronWolf Pro 20\u00a0TB ist eine 3,5 Zoll gro\u00dfe interne Festplatte f\u00fcr gesch\u00e4ftlich genutzte NAS-Server. Diese zuverl\u00e4ssige HDD eignet sich f\u00fcr Server mit bis zu 24 Bays. Mit 20\u00a0TB Speicher hast du genug Platz f\u00fcr hohe Mengen an Dateien. Zudem ist die Festplatte dank der mit 7.200\u00a0U\/min h\u00f6heren Rotationsgeschwindigkeit um einiges schneller als die standardm\u00e4\u00dfige IronWolf. Die AgileArray-Technologie von Seagate sch\u00fctzt deine Daten und steigert die Leistung der Festlatte. Des Weiteren sorgen das Dual-Plane-Balancing-Design sowie Vibrationssensoren daf\u00fcr, dass Ersch\u00fctterungen keinen Einfluss nehmen. Dadurch ist die Festplatte l\u00e4ngerlebig. In der Software IronWolf Health Management kann man die Leistung und den Status der HDD und des NAS einsehen. Man kann Scans ausf\u00fchren, Temperaturwerte abrufen und den Datenfluss auf dem NAS beobachten. Auf die Festplatte bekommst du 5 Jahre Garantie, au\u00dferdem sind 3 Jahre Seagate Rescue Services enthalten.<\/p>\n","protected":false},"excerpt":{"rendered":"<p>Die Seagate IronWolf Pro 20\u00a0TB ist eine 3,5 Zoll gro\u00dfe interne Festplatte f\u00fcr gesch\u00e4ftlich genutzte NAS-Server. Diese zuverl\u00e4ssige HDD eignet sich f\u00fcr Server mit bis zu 24 Bays. Mit 20\u00a0TB Speicher hast du genug Platz f\u00fcr hohe Mengen an Dateien. Zudem ist die Festplatte dank der mit 7.200\u00a0U\/min h\u00f6heren Rotationsgeschwindigkeit um einiges schneller als die standardm\u00e4\u00dfige IronWolf. Die AgileArray-Technologie von Seagate sch\u00fctzt deine Daten und steigert die Leistung der Festlatte. Des Weiteren sorgen das Dual-Plane-Balancing-Design sowie Vibrationssensoren daf\u00fcr, dass Ersch\u00fctterungen keinen Einfluss nehmen. Dadurch ist die Festplatte l\u00e4ngerlebig. In der Software IronWolf Health Management kann man die Leistung und den Status der HDD und des NAS einsehen. Man kann Scans ausf\u00fchren, Temperaturwerte abrufen und den Datenfluss auf dem NAS beobachten. Auf die Festplatte bekommst du 5 Jahre Garantie, au\u00dferdem sind 3 Jahre Seagate Rescue Services enthalten.<\/p>\n","protected":false},"featured_media":0,"comment_status":"closed","ping_status":"open","template":"","meta":{"_acf_changed":false},"brand":[2546],"product_brand":[],"product_cat":[646],"product_tag":[647],"class_list":{"0":"post-86446","1":"product","2":"type-product","3":"status-publish","5":"brand-seagate","6":"product_cat-interne-festplatten-hdd","7":"product_tag-desktop-hdd","8":"pa_condition-new","9":"pa_coolblue-de-verzending-morgen-gratis-geliefert","10":"pa_ean-16092","11":"pa_mpn-st20000nt001","13":"first","14":"instock","15":"product-type-external"},"acf":[],"_links":{"self":[{"href":"https:\/\/onlinehardwareshop.de\/index.php\/wp-json\/wp\/v2\/product\/86446","targetHints":{"allow":["GET"]}}],"collection":[{"href":"https:\/\/onlinehardwareshop.de\/index.php\/wp-json\/wp\/v2\/product"}],"about":[{"href":"https:\/\/onlinehardwareshop.de\/index.php\/wp-json\/wp\/v2\/types\/product"}],"replies":[{"embeddable":true,"href":"https:\/\/onlinehardwareshop.de\/index.php\/wp-json\/wp\/v2\/comments?post=86446"}],"wp:attachment":[{"href":"https:\/\/onlinehardwareshop.de\/index.php\/wp-json\/wp\/v2\/media?parent=86446"}],"wp:term":[{"taxonomy":"brand","embeddable":true,"href":"https:\/\/onlinehardwareshop.de\/index.php\/wp-json\/wp\/v2\/brand?post=86446"},{"taxonomy":"product_brand","embeddable":true,"href":"https:\/\/onlinehardwareshop.de\/index.php\/wp-json\/wp\/v2\/product_brand?post=86446"},{"taxonomy":"product_cat","embeddable":true,"href":"https:\/\/onlinehardwareshop.de\/index.php\/wp-json\/wp\/v2\/product_cat?post=86446"},{"taxonomy":"product_tag","embeddable":true,"href":"https:\/\/onlinehardwareshop.de\/index.php\/wp-json\/wp\/v2\/product_tag?post=86446"}],"curies":[{"name":"wp","href":"https:\/\/api.w.org\/{rel}","templated":true}]}}