{"id":86410,"date":"2025-05-04T21:28:13","date_gmt":"2025-05-04T21:28:13","guid":{"rendered":"https:\/\/onlinehardwareshop.de\/index.php\/produkt\/bluebuilt-staubsaugerbeutel-fr-rowenta-28-stck\/"},"modified":"2025-05-14T06:26:05","modified_gmt":"2025-05-14T06:26:05","slug":"bluebuilt-staubsaugerbeutel-fr-rowenta-28-stck","status":"publish","type":"product","link":"https:\/\/onlinehardwareshop.de\/index.php\/produkt\/bluebuilt-staubsaugerbeutel-fr-rowenta-28-stck\/","title":{"rendered":"BlueBuilt Staubsaugerbeutel f&#xFC;r Rowenta (28 St&#xFC;ck)"},"content":{"rendered":"<p>Mit den BlueBuilt Staubsaugerbeuteln f\u00fcr Rowenta (28 St\u00fcck) erh\u00e4ltst du Staubsaugerbeutel f\u00fcr die n\u00e4chsten sieben Jahre. Wechsle den Staubsaugerbeutel, wenn er voll ist. Wenn du dies alle zwei bis drei Monate tust, erh\u00e4ltst du die Saugkraft deines Rowenta Staubsaugers aufrecht. Zus\u00e4tzlich zu den Staubsaugerbeuteln erh\u00e4ltst du sieben Filter, die du jedes halbe Jahr austauschen solltest. So funktioniert der Staubsauger weiterhin einwandfrei und die Abluft bleibt wirklich sauber.   Hinweis: Diese Staubsaugerbeutel sind nur f\u00fcr Staubsauger von Rowenta geeignet.<\/p>\n","protected":false},"excerpt":{"rendered":"<p>Mit den BlueBuilt Staubsaugerbeuteln f\u00fcr Rowenta (28 St\u00fcck) erh\u00e4ltst du Staubsaugerbeutel f\u00fcr die n\u00e4chsten sieben Jahre. Wechsle den Staubsaugerbeutel, wenn er voll ist. Wenn du dies alle zwei bis drei Monate tust, erh\u00e4ltst du die Saugkraft deines Rowenta Staubsaugers aufrecht. Zus\u00e4tzlich zu den Staubsaugerbeuteln erh\u00e4ltst du sieben Filter, die du jedes halbe Jahr austauschen solltest. So funktioniert der Staubsauger weiterhin einwandfrei und die Abluft bleibt wirklich sauber.   Hinweis: Diese Staubsaugerbeutel sind nur f\u00fcr Staubsauger von Rowenta geeignet.<\/p>\n","protected":false},"featured_media":0,"comment_status":"closed","ping_status":"open","template":"","meta":{"_acf_changed":false},"brand":[5893],"product_brand":[],"product_cat":[129],"product_tag":[130],"class_list":{"0":"post-86410","1":"product","2":"type-product","3":"status-publish","5":"brand-bluebuilt","6":"product_cat-staubsaugerbeutel","7":"product_tag-stofzuigerzakken","8":"pa_condition-new","9":"pa_coolblue-de-verzending-morgen-gratis-geliefert","10":"pa_ean-11767","11":"pa_mpn-bbszzr001","13":"first","14":"instock","15":"product-type-external"},"acf":[],"_links":{"self":[{"href":"https:\/\/onlinehardwareshop.de\/index.php\/wp-json\/wp\/v2\/product\/86410","targetHints":{"allow":["GET"]}}],"collection":[{"href":"https:\/\/onlinehardwareshop.de\/index.php\/wp-json\/wp\/v2\/product"}],"about":[{"href":"https:\/\/onlinehardwareshop.de\/index.php\/wp-json\/wp\/v2\/types\/product"}],"replies":[{"embeddable":true,"href":"https:\/\/onlinehardwareshop.de\/index.php\/wp-json\/wp\/v2\/comments?post=86410"}],"wp:attachment":[{"href":"https:\/\/onlinehardwareshop.de\/index.php\/wp-json\/wp\/v2\/media?parent=86410"}],"wp:term":[{"taxonomy":"brand","embeddable":true,"href":"https:\/\/onlinehardwareshop.de\/index.php\/wp-json\/wp\/v2\/brand?post=86410"},{"taxonomy":"product_brand","embeddable":true,"href":"https:\/\/onlinehardwareshop.de\/index.php\/wp-json\/wp\/v2\/product_brand?post=86410"},{"taxonomy":"product_cat","embeddable":true,"href":"https:\/\/onlinehardwareshop.de\/index.php\/wp-json\/wp\/v2\/product_cat?post=86410"},{"taxonomy":"product_tag","embeddable":true,"href":"https:\/\/onlinehardwareshop.de\/index.php\/wp-json\/wp\/v2\/product_tag?post=86410"}],"curies":[{"name":"wp","href":"https:\/\/api.w.org\/{rel}","templated":true}]}}