{"id":86409,"date":"2024-08-05T00:54:41","date_gmt":"2024-08-05T00:54:41","guid":{"rendered":"https:\/\/onlinehardwareshop.de\/index.php\/produkt\/bluebuilt-staubsaugerbeutel-fr-aeg-und-philips-28-stck\/"},"modified":"2025-05-14T06:25:41","modified_gmt":"2025-05-14T06:25:41","slug":"bluebuilt-staubsaugerbeutel-fr-aeg-und-philips-28-stck","status":"publish","type":"product","link":"https:\/\/onlinehardwareshop.de\/index.php\/produkt\/bluebuilt-staubsaugerbeutel-fr-aeg-und-philips-28-stck\/","title":{"rendered":"BlueBuilt Staubsaugerbeutel f&#xFC;r AEG und Philips (28 St&#xFC;ck)"},"content":{"rendered":"<p>Mit den Bluebuilt Staubsaugerbeuteln f\u00fcr AEG und Philips erh\u00e4ltst du gen\u00fcgend Staubsaugerbeutel f\u00fcr bis zu sieben Jahre. Praktisch, denn so gehen dir nicht unerwartet die Beutel aus. Wechsle den Beutel rechtzeitig, um die Saugkraft deines Staubsaugers aufrechtzuerhalten. Je nach Gr\u00f6\u00dfe deines Haushalts und je nachdem, wie oft du staubsaugst, solltest du den Beutel alle zwei bis drei Monate wechseln. In diesem Paket sind auch sieben Filter enthalten. Mit diesen Abluftfiltern bleibt die Abluft deines Staubsaugers sauber. Du solltest ihn etwa jedes halbe Jahr austauschen.  Hinweis: Diese Staubsaugerbeutel sind nur f\u00fcr Staubsauger von AEG und Philips geeignet.<\/p>\n","protected":false},"excerpt":{"rendered":"<p>Mit den Bluebuilt Staubsaugerbeuteln f\u00fcr AEG und Philips erh\u00e4ltst du gen\u00fcgend Staubsaugerbeutel f\u00fcr bis zu sieben Jahre. Praktisch, denn so gehen dir nicht unerwartet die Beutel aus. Wechsle den Beutel rechtzeitig, um die Saugkraft deines Staubsaugers aufrechtzuerhalten. Je nach Gr\u00f6\u00dfe deines Haushalts und je nachdem, wie oft du staubsaugst, solltest du den Beutel alle zwei bis drei Monate wechseln. In diesem Paket sind auch sieben Filter enthalten. Mit diesen Abluftfiltern bleibt die Abluft deines Staubsaugers sauber. Du solltest ihn etwa jedes halbe Jahr austauschen.  Hinweis: Diese Staubsaugerbeutel sind nur f\u00fcr Staubsauger von AEG und Philips geeignet.<\/p>\n","protected":false},"featured_media":0,"comment_status":"closed","ping_status":"open","template":"","meta":{"_acf_changed":false},"brand":[5893],"product_brand":[],"product_cat":[129],"product_tag":[130],"class_list":{"0":"post-86409","1":"product","2":"type-product","3":"status-publish","5":"brand-bluebuilt","6":"product_cat-staubsaugerbeutel","7":"product_tag-stofzuigerzakken","8":"pa_condition-new","9":"pa_coolblue-de-verzending-morgen-gratis-geliefert","10":"pa_ean-11757","11":"pa_mpn-bbszzap001","13":"first","14":"instock","15":"product-type-external"},"acf":[],"_links":{"self":[{"href":"https:\/\/onlinehardwareshop.de\/index.php\/wp-json\/wp\/v2\/product\/86409","targetHints":{"allow":["GET"]}}],"collection":[{"href":"https:\/\/onlinehardwareshop.de\/index.php\/wp-json\/wp\/v2\/product"}],"about":[{"href":"https:\/\/onlinehardwareshop.de\/index.php\/wp-json\/wp\/v2\/types\/product"}],"replies":[{"embeddable":true,"href":"https:\/\/onlinehardwareshop.de\/index.php\/wp-json\/wp\/v2\/comments?post=86409"}],"wp:attachment":[{"href":"https:\/\/onlinehardwareshop.de\/index.php\/wp-json\/wp\/v2\/media?parent=86409"}],"wp:term":[{"taxonomy":"brand","embeddable":true,"href":"https:\/\/onlinehardwareshop.de\/index.php\/wp-json\/wp\/v2\/brand?post=86409"},{"taxonomy":"product_brand","embeddable":true,"href":"https:\/\/onlinehardwareshop.de\/index.php\/wp-json\/wp\/v2\/product_brand?post=86409"},{"taxonomy":"product_cat","embeddable":true,"href":"https:\/\/onlinehardwareshop.de\/index.php\/wp-json\/wp\/v2\/product_cat?post=86409"},{"taxonomy":"product_tag","embeddable":true,"href":"https:\/\/onlinehardwareshop.de\/index.php\/wp-json\/wp\/v2\/product_tag?post=86409"}],"curies":[{"name":"wp","href":"https:\/\/api.w.org\/{rel}","templated":true}]}}