{"id":86404,"date":"2024-10-07T22:04:36","date_gmt":"2024-10-07T22:04:36","guid":{"rendered":"https:\/\/onlinehardwareshop.de\/index.php\/produkt\/steelseries-arctis-nova-1-schwarz\/"},"modified":"2025-05-14T05:48:34","modified_gmt":"2025-05-14T05:48:34","slug":"steelseries-arctis-nova-1-schwarz","status":"publish","type":"product","link":"https:\/\/onlinehardwareshop.de\/index.php\/produkt\/steelseries-arctis-nova-1-schwarz\/","title":{"rendered":"SteelSeries Arctis Nova 1 Schwarz"},"content":{"rendered":"<p>Genie\u00dfe hervorragendes in-Game-Audio mit dem SteelSeries Arctis Nova 1 Schwarz. Dieses Gaming-Headset schlie\u00dft du \u00fcber ein 3,5-mm-Audiokabel an. Dieses Headset ist also Plug &#038; Play und damit sofort einsatzbereit. Das Nova Acoustic System sorgt f\u00fcr klare H\u00f6hen und tiefe B\u00e4sse. So wird der Sound von deinen Spielen zum richtigen Erlebnis. Au\u00dferdem kommunizierst du dank der Rauschunterdr\u00fcckung des Mikrofons online ohne Hintergrundger\u00e4usche mit deinen Freunden. So kommen deine Kommentare immer deutlich an.<\/p>\n","protected":false},"excerpt":{"rendered":"<p>Genie\u00dfe hervorragendes in-Game-Audio mit dem SteelSeries Arctis Nova 1 Schwarz. Dieses Gaming-Headset schlie\u00dft du \u00fcber ein 3,5-mm-Audiokabel an. Dieses Headset ist also Plug &#038; Play und damit sofort einsatzbereit. Das Nova Acoustic System sorgt f\u00fcr klare H\u00f6hen und tiefe B\u00e4sse. So wird der Sound von deinen Spielen zum richtigen Erlebnis. Au\u00dferdem kommunizierst du dank der Rauschunterdr\u00fcckung des Mikrofons online ohne Hintergrundger\u00e4usche mit deinen Freunden. So kommen deine Kommentare immer deutlich an.<\/p>\n","protected":false},"featured_media":0,"comment_status":"closed","ping_status":"open","template":"","meta":{"_acf_changed":false},"brand":[3605],"product_brand":[],"product_cat":[3435],"product_tag":[3436],"class_list":{"0":"post-86404","1":"product","2":"type-product","3":"status-publish","5":"brand-steelseries","6":"product_cat-gaming-headsets","7":"product_tag-gaming-headsets","8":"pa_condition-new","9":"pa_coolblue-de-verzending-morgen-gratis-geliefert","10":"pa_ean-10804","11":"pa_mpn-10805","13":"first","14":"instock","15":"product-type-external"},"acf":[],"_links":{"self":[{"href":"https:\/\/onlinehardwareshop.de\/index.php\/wp-json\/wp\/v2\/product\/86404","targetHints":{"allow":["GET"]}}],"collection":[{"href":"https:\/\/onlinehardwareshop.de\/index.php\/wp-json\/wp\/v2\/product"}],"about":[{"href":"https:\/\/onlinehardwareshop.de\/index.php\/wp-json\/wp\/v2\/types\/product"}],"replies":[{"embeddable":true,"href":"https:\/\/onlinehardwareshop.de\/index.php\/wp-json\/wp\/v2\/comments?post=86404"}],"wp:attachment":[{"href":"https:\/\/onlinehardwareshop.de\/index.php\/wp-json\/wp\/v2\/media?parent=86404"}],"wp:term":[{"taxonomy":"brand","embeddable":true,"href":"https:\/\/onlinehardwareshop.de\/index.php\/wp-json\/wp\/v2\/brand?post=86404"},{"taxonomy":"product_brand","embeddable":true,"href":"https:\/\/onlinehardwareshop.de\/index.php\/wp-json\/wp\/v2\/product_brand?post=86404"},{"taxonomy":"product_cat","embeddable":true,"href":"https:\/\/onlinehardwareshop.de\/index.php\/wp-json\/wp\/v2\/product_cat?post=86404"},{"taxonomy":"product_tag","embeddable":true,"href":"https:\/\/onlinehardwareshop.de\/index.php\/wp-json\/wp\/v2\/product_tag?post=86404"}],"curies":[{"name":"wp","href":"https:\/\/api.w.org\/{rel}","templated":true}]}}