{"id":86377,"date":"2024-12-08T01:31:08","date_gmt":"2024-12-08T01:31:08","guid":{"rendered":"https:\/\/onlinehardwareshop.de\/index.php\/produkt\/princess-212091\/"},"modified":"2025-05-14T03:31:40","modified_gmt":"2025-05-14T03:31:40","slug":"princess-212091","status":"publish","type":"product","link":"https:\/\/onlinehardwareshop.de\/index.php\/produkt\/princess-212091\/","title":{"rendered":"Princess 212091"},"content":{"rendered":"<p>Mit dem Princess 212091 legst du dir einen leistungsstarken Standmixer zu, sodass du ganz einfach und schnell harte Zutaten mixt. Das verdankst du der hohen Leistung dieses Standmixers von 1.000 Watt. Im Mixbeh\u00e4lter aus Glas kannst du auch warme Gerichte zubereiten, zum Beispiel Suppen oder Saucen. Der Standmixer verf\u00fcgt \u00fcber vier verschiedene Geschwindigkeitsstufen. Die Impulsstufe ist praktisch zum zum besonders feinen Zermahlen von Obst und Gem\u00fcse. Im mitgelieferten Messbecher misst du die Zutaten genau ab. Das ist toll, denn so nutzt du immer genau die richtige Menge. Nach dem Gebrauch lassen sich die Einzelteile in der Sp\u00fclmaschine reinigen.<\/p>\n","protected":false},"excerpt":{"rendered":"<p>Mit dem Princess 212091 legst du dir einen leistungsstarken Standmixer zu, sodass du ganz einfach und schnell harte Zutaten mixt. Das verdankst du der hohen Leistung dieses Standmixers von 1.000 Watt. Im Mixbeh\u00e4lter aus Glas kannst du auch warme Gerichte zubereiten, zum Beispiel Suppen oder Saucen. Der Standmixer verf\u00fcgt \u00fcber vier verschiedene Geschwindigkeitsstufen. Die Impulsstufe ist praktisch zum zum besonders feinen Zermahlen von Obst und Gem\u00fcse. Im mitgelieferten Messbecher misst du die Zutaten genau ab. Das ist toll, denn so nutzt du immer genau die richtige Menge. Nach dem Gebrauch lassen sich die Einzelteile in der Sp\u00fclmaschine reinigen.<\/p>\n","protected":false},"featured_media":0,"comment_status":"closed","ping_status":"open","template":"","meta":{"_acf_changed":false},"brand":[1137],"product_brand":[],"product_cat":[1606],"product_tag":[1607],"class_list":{"0":"post-86377","1":"product","2":"type-product","3":"status-publish","5":"brand-princess","6":"product_cat-standmixer","7":"product_tag-blenders","8":"pa_condition-new","9":"pa_coolblue-de-verzending-morgen-gratis-geliefert","10":"pa_ean-7746","11":"pa_mpn-01-212091-01-001","13":"first","14":"instock","15":"product-type-external"},"acf":[],"_links":{"self":[{"href":"https:\/\/onlinehardwareshop.de\/index.php\/wp-json\/wp\/v2\/product\/86377","targetHints":{"allow":["GET"]}}],"collection":[{"href":"https:\/\/onlinehardwareshop.de\/index.php\/wp-json\/wp\/v2\/product"}],"about":[{"href":"https:\/\/onlinehardwareshop.de\/index.php\/wp-json\/wp\/v2\/types\/product"}],"replies":[{"embeddable":true,"href":"https:\/\/onlinehardwareshop.de\/index.php\/wp-json\/wp\/v2\/comments?post=86377"}],"wp:attachment":[{"href":"https:\/\/onlinehardwareshop.de\/index.php\/wp-json\/wp\/v2\/media?parent=86377"}],"wp:term":[{"taxonomy":"brand","embeddable":true,"href":"https:\/\/onlinehardwareshop.de\/index.php\/wp-json\/wp\/v2\/brand?post=86377"},{"taxonomy":"product_brand","embeddable":true,"href":"https:\/\/onlinehardwareshop.de\/index.php\/wp-json\/wp\/v2\/product_brand?post=86377"},{"taxonomy":"product_cat","embeddable":true,"href":"https:\/\/onlinehardwareshop.de\/index.php\/wp-json\/wp\/v2\/product_cat?post=86377"},{"taxonomy":"product_tag","embeddable":true,"href":"https:\/\/onlinehardwareshop.de\/index.php\/wp-json\/wp\/v2\/product_tag?post=86377"}],"curies":[{"name":"wp","href":"https:\/\/api.w.org\/{rel}","templated":true}]}}