{"id":86365,"date":"2025-05-09T08:23:30","date_gmt":"2025-05-09T08:23:30","guid":{"rendered":"https:\/\/onlinehardwareshop.de\/index.php\/produkt\/sandisk-extreme-portable-ssd-500gb\/"},"modified":"2025-05-14T02:45:30","modified_gmt":"2025-05-14T02:45:30","slug":"sandisk-extreme-portable-ssd-500gb","status":"publish","type":"product","link":"https:\/\/onlinehardwareshop.de\/index.php\/produkt\/sandisk-extreme-portable-ssd-500gb\/","title":{"rendered":"SanDisk Extreme Portable SSD 500GB"},"content":{"rendered":"<p>Kopiere Dateien besonders schnell mit der SanDisk Extreme Portable SSD. Diese SSD passt mit ihrem kompakten Format von 10\u00a0cm zu deinem mobilen Lebensstil. Mit einer Lesegeschwindigkeit von 1,5\u00a0GB\/s \u00fcbertr\u00e4gst du einen 4K-Film in rund einer Minute. Damit ist diese SSD doppelt so schnell wie ihr Vorg\u00e4ngermodell. Auf 500\u00a0GB speicherst du bis zu 50.000 Fotos. Die Extreme Portable SSD ist nicht nur schnell, sondern auch sicher. Das liegt daran, dass deine Dateien mit einem Kennwort und Hardware-Verschl\u00fcsselung gesch\u00fctzt sind. Durch diesen Zweifachschutz kommt niemand an deine Dateien. Au\u00dferdem f\u00fchrt diese SSD das IPS5-Zertifikat, ist also spritzwasser- und staubbest\u00e4ndig. Bist du h\u00e4ufig unterwegs? H\u00e4nge die SSD dann mit dem Tragering an deine Tasche oder deinen G\u00fcrtel.<\/p>\n","protected":false},"excerpt":{"rendered":"<p>Kopiere Dateien besonders schnell mit der SanDisk Extreme Portable SSD. Diese SSD passt mit ihrem kompakten Format von 10\u00a0cm zu deinem mobilen Lebensstil. Mit einer Lesegeschwindigkeit von 1,5\u00a0GB\/s \u00fcbertr\u00e4gst du einen 4K-Film in rund einer Minute. Damit ist diese SSD doppelt so schnell wie ihr Vorg\u00e4ngermodell. Auf 500\u00a0GB speicherst du bis zu 50.000 Fotos. Die Extreme Portable SSD ist nicht nur schnell, sondern auch sicher. Das liegt daran, dass deine Dateien mit einem Kennwort und Hardware-Verschl\u00fcsselung gesch\u00fctzt sind. Durch diesen Zweifachschutz kommt niemand an deine Dateien. Au\u00dferdem f\u00fchrt diese SSD das IPS5-Zertifikat, ist also spritzwasser- und staubbest\u00e4ndig. Bist du h\u00e4ufig unterwegs? H\u00e4nge die SSD dann mit dem Tragering an deine Tasche oder deinen G\u00fcrtel.<\/p>\n","protected":false},"featured_media":0,"comment_status":"closed","ping_status":"open","template":"","meta":{"_acf_changed":false},"brand":[991],"product_brand":[],"product_cat":[4819],"product_tag":[4820],"class_list":{"0":"post-86365","1":"product","2":"type-product","3":"status-publish","5":"brand-sandisk","6":"product_cat-externe-ssds","7":"product_tag-harde-schijven-extern-ssd","8":"pa_condition-new","9":"pa_coolblue-de-verzending-morgen-gratis-geliefert","10":"pa_ean-6520","11":"pa_mpn-sdssde61-500g-g25","13":"first","14":"instock","15":"product-type-external"},"acf":[],"_links":{"self":[{"href":"https:\/\/onlinehardwareshop.de\/index.php\/wp-json\/wp\/v2\/product\/86365","targetHints":{"allow":["GET"]}}],"collection":[{"href":"https:\/\/onlinehardwareshop.de\/index.php\/wp-json\/wp\/v2\/product"}],"about":[{"href":"https:\/\/onlinehardwareshop.de\/index.php\/wp-json\/wp\/v2\/types\/product"}],"replies":[{"embeddable":true,"href":"https:\/\/onlinehardwareshop.de\/index.php\/wp-json\/wp\/v2\/comments?post=86365"}],"wp:attachment":[{"href":"https:\/\/onlinehardwareshop.de\/index.php\/wp-json\/wp\/v2\/media?parent=86365"}],"wp:term":[{"taxonomy":"brand","embeddable":true,"href":"https:\/\/onlinehardwareshop.de\/index.php\/wp-json\/wp\/v2\/brand?post=86365"},{"taxonomy":"product_brand","embeddable":true,"href":"https:\/\/onlinehardwareshop.de\/index.php\/wp-json\/wp\/v2\/product_brand?post=86365"},{"taxonomy":"product_cat","embeddable":true,"href":"https:\/\/onlinehardwareshop.de\/index.php\/wp-json\/wp\/v2\/product_cat?post=86365"},{"taxonomy":"product_tag","embeddable":true,"href":"https:\/\/onlinehardwareshop.de\/index.php\/wp-json\/wp\/v2\/product_tag?post=86365"}],"curies":[{"name":"wp","href":"https:\/\/api.w.org\/{rel}","templated":true}]}}