{"id":86357,"date":"2024-09-21T21:13:15","date_gmt":"2024-09-21T21:13:15","guid":{"rendered":"https:\/\/onlinehardwareshop.de\/index.php\/produkt\/bosch-tat4p429-kupfer\/"},"modified":"2025-05-14T02:19:42","modified_gmt":"2025-05-14T02:19:42","slug":"bosch-tat4p429-kupfer","status":"publish","type":"product","link":"https:\/\/onlinehardwareshop.de\/index.php\/produkt\/bosch-tat4p429-kupfer\/","title":{"rendered":"Bosch TAT4P429 Kupfer"},"content":{"rendered":"<p>Im Bosch TAT4P429 Copper kannst du zwei Scheiben Brot gleichzeitig toasten. Mit den sechs Einstellungen legst du selber fest, wie knusprig du dein Brot toastest. Wenn du das Brot nur auftauen oder warm halten m\u00f6chtest, w\u00e4hlst du die Einstellung Auftauen oder Warmhalten. Die Au\u00dfenseite des Toasters erw\u00e4rmt sich dank der k\u00fchlen Wand nicht. So kannst du den Toaster sicher bewegen, ohne dir die Finger zu verbrennen. Mit der Kr\u00fcmelschublade landen keine Kr\u00fcmel auf deiner Arbeitsfl\u00e4che oder dem Tisch. So sparst du mal wieder Arbeit mit dem Tischstaubsauger. Den Stecker verstaust du nach Gebrauch ordentlich an der R\u00fcckseite des Toasters.<\/p>\n","protected":false},"excerpt":{"rendered":"<p>Im Bosch TAT4P429 Copper kannst du zwei Scheiben Brot gleichzeitig toasten. Mit den sechs Einstellungen legst du selber fest, wie knusprig du dein Brot toastest. Wenn du das Brot nur auftauen oder warm halten m\u00f6chtest, w\u00e4hlst du die Einstellung Auftauen oder Warmhalten. Die Au\u00dfenseite des Toasters erw\u00e4rmt sich dank der k\u00fchlen Wand nicht. So kannst du den Toaster sicher bewegen, ohne dir die Finger zu verbrennen. Mit der Kr\u00fcmelschublade landen keine Kr\u00fcmel auf deiner Arbeitsfl\u00e4che oder dem Tisch. So sparst du mal wieder Arbeit mit dem Tischstaubsauger. Den Stecker verstaust du nach Gebrauch ordentlich an der R\u00fcckseite des Toasters.<\/p>\n","protected":false},"featured_media":0,"comment_status":"closed","ping_status":"open","template":"","meta":{"_acf_changed":false},"brand":[250],"product_brand":[],"product_cat":[283],"product_tag":[284],"class_list":{"0":"post-86357","1":"product","2":"type-product","3":"status-publish","5":"brand-bosch","6":"product_cat-toaster","7":"product_tag-broodroosters","8":"pa_condition-new","9":"pa_coolblue-de-verzending-morgen-gratis-geliefert","10":"pa_ean-5830","11":"pa_mpn-tat4p429","13":"first","14":"instock","15":"product-type-external"},"acf":[],"_links":{"self":[{"href":"https:\/\/onlinehardwareshop.de\/index.php\/wp-json\/wp\/v2\/product\/86357","targetHints":{"allow":["GET"]}}],"collection":[{"href":"https:\/\/onlinehardwareshop.de\/index.php\/wp-json\/wp\/v2\/product"}],"about":[{"href":"https:\/\/onlinehardwareshop.de\/index.php\/wp-json\/wp\/v2\/types\/product"}],"replies":[{"embeddable":true,"href":"https:\/\/onlinehardwareshop.de\/index.php\/wp-json\/wp\/v2\/comments?post=86357"}],"wp:attachment":[{"href":"https:\/\/onlinehardwareshop.de\/index.php\/wp-json\/wp\/v2\/media?parent=86357"}],"wp:term":[{"taxonomy":"brand","embeddable":true,"href":"https:\/\/onlinehardwareshop.de\/index.php\/wp-json\/wp\/v2\/brand?post=86357"},{"taxonomy":"product_brand","embeddable":true,"href":"https:\/\/onlinehardwareshop.de\/index.php\/wp-json\/wp\/v2\/product_brand?post=86357"},{"taxonomy":"product_cat","embeddable":true,"href":"https:\/\/onlinehardwareshop.de\/index.php\/wp-json\/wp\/v2\/product_cat?post=86357"},{"taxonomy":"product_tag","embeddable":true,"href":"https:\/\/onlinehardwareshop.de\/index.php\/wp-json\/wp\/v2\/product_tag?post=86357"}],"curies":[{"name":"wp","href":"https:\/\/api.w.org\/{rel}","templated":true}]}}