{"id":86351,"date":"2025-02-15T03:32:04","date_gmt":"2025-02-15T03:32:04","guid":{"rendered":"https:\/\/onlinehardwareshop.de\/index.php\/produkt\/omron-x4-smart\/"},"modified":"2025-05-14T01:52:08","modified_gmt":"2025-05-14T01:52:08","slug":"omron-x4-smart","status":"publish","type":"product","link":"https:\/\/onlinehardwareshop.de\/index.php\/produkt\/omron-x4-smart\/","title":{"rendered":"Omron X4 Smart"},"content":{"rendered":"<p>Befestige das Omron X4 Smart Blutdruckmessger\u00e4t um deinen Oberarm, um einen Einblick in deinen Blutdruck und deine Herzfrequenz zu erlangen. Dieses Blutdruckmessger\u00e4t l\u00e4sst sich mit der Omron Connect App verbinden, in der die Werte \u00fcber die Bluetooth-Verbindung automatisch gespeichert werden. Dein Notizbuch kannst du also ruhig zu lassen. Das X4 Smart hat eine spezielle Intelli-Wrap-Manschette, die an jeder Stelle auf deinem Oberarm eine pr\u00e4zise Messung ausgibt. Zudem hat das Ger\u00e4t eine Bewegungserkennung, sodass du keine unzuverl\u00e4ssigen Messungen erh\u00e4ltst. Dar\u00fcber hinaus brauchst du kein Experte zu sein, um deine Werte abzulesen. Diese werden auf dem besonders gro\u00dfen Display anhand von Ampelfarben dargestellt, was f\u00fcr alle verst\u00e4ndlich ist. Wenn dein Blutdruck oder deine Herzfrequenz unregelm\u00e4\u00dfig ist, gibt dir das X4 Smart eine Warnung.  Hinweis:  Die X-Serie von Omron ist die gleiche wie die M-Serie.<\/p>\n","protected":false},"excerpt":{"rendered":"<p>Befestige das Omron X4 Smart Blutdruckmessger\u00e4t um deinen Oberarm, um einen Einblick in deinen Blutdruck und deine Herzfrequenz zu erlangen. Dieses Blutdruckmessger\u00e4t l\u00e4sst sich mit der Omron Connect App verbinden, in der die Werte \u00fcber die Bluetooth-Verbindung automatisch gespeichert werden. Dein Notizbuch kannst du also ruhig zu lassen. Das X4 Smart hat eine spezielle Intelli-Wrap-Manschette, die an jeder Stelle auf deinem Oberarm eine pr\u00e4zise Messung ausgibt. Zudem hat das Ger\u00e4t eine Bewegungserkennung, sodass du keine unzuverl\u00e4ssigen Messungen erh\u00e4ltst. Dar\u00fcber hinaus brauchst du kein Experte zu sein, um deine Werte abzulesen. Diese werden auf dem besonders gro\u00dfen Display anhand von Ampelfarben dargestellt, was f\u00fcr alle verst\u00e4ndlich ist. Wenn dein Blutdruck oder deine Herzfrequenz unregelm\u00e4\u00dfig ist, gibt dir das X4 Smart eine Warnung.  Hinweis:  Die X-Serie von Omron ist die gleiche wie die M-Serie.<\/p>\n","protected":false},"featured_media":0,"comment_status":"closed","ping_status":"open","template":"","meta":{"_acf_changed":false},"brand":[1048],"product_brand":[],"product_cat":[838],"product_tag":[839],"class_list":{"0":"post-86351","1":"product","2":"type-product","3":"status-publish","5":"brand-omron","6":"product_cat-blutdruckmessgerte","7":"product_tag-bovenarm-bloeddrukmeters","8":"pa_condition-new","9":"pa_coolblue-de-verzending-morgen-gratis-geliefert","10":"pa_ean-5093","11":"pa_mpn-hem-7155t-esl","13":"first","14":"instock","15":"product-type-external"},"acf":[],"_links":{"self":[{"href":"https:\/\/onlinehardwareshop.de\/index.php\/wp-json\/wp\/v2\/product\/86351","targetHints":{"allow":["GET"]}}],"collection":[{"href":"https:\/\/onlinehardwareshop.de\/index.php\/wp-json\/wp\/v2\/product"}],"about":[{"href":"https:\/\/onlinehardwareshop.de\/index.php\/wp-json\/wp\/v2\/types\/product"}],"replies":[{"embeddable":true,"href":"https:\/\/onlinehardwareshop.de\/index.php\/wp-json\/wp\/v2\/comments?post=86351"}],"wp:attachment":[{"href":"https:\/\/onlinehardwareshop.de\/index.php\/wp-json\/wp\/v2\/media?parent=86351"}],"wp:term":[{"taxonomy":"brand","embeddable":true,"href":"https:\/\/onlinehardwareshop.de\/index.php\/wp-json\/wp\/v2\/brand?post=86351"},{"taxonomy":"product_brand","embeddable":true,"href":"https:\/\/onlinehardwareshop.de\/index.php\/wp-json\/wp\/v2\/product_brand?post=86351"},{"taxonomy":"product_cat","embeddable":true,"href":"https:\/\/onlinehardwareshop.de\/index.php\/wp-json\/wp\/v2\/product_cat?post=86351"},{"taxonomy":"product_tag","embeddable":true,"href":"https:\/\/onlinehardwareshop.de\/index.php\/wp-json\/wp\/v2\/product_tag?post=86351"}],"curies":[{"name":"wp","href":"https:\/\/api.w.org\/{rel}","templated":true}]}}