{"id":86350,"date":"2025-04-19T20:39:40","date_gmt":"2025-04-19T20:39:40","guid":{"rendered":"https:\/\/onlinehardwareshop.de\/index.php\/produkt\/omron-x3-comfort\/"},"modified":"2025-05-14T01:52:03","modified_gmt":"2025-05-14T01:52:03","slug":"omron-x3-comfort","status":"publish","type":"product","link":"https:\/\/onlinehardwareshop.de\/index.php\/produkt\/omron-x3-comfort\/","title":{"rendered":"Omron X3 Comfort"},"content":{"rendered":"<p>Nimmst du nicht immer alles ganz genau? Mit dem Omron X3 Comfort Blutdruckmessger\u00e4t ist damit Schluss, denn diese Manschette l\u00e4sst sich gut und pr\u00e4zise um den Oberarm legen. Dieses Blutdruckmessger\u00e4t verf\u00fcgt \u00fcber eine spezielle Intelli Wrap Manschette, die \u00fcberall am Arm eine pr\u00e4zise Messung vornimmt. Au\u00dferdem bekommst du eine Meldung, wenn das Band zu locker oder zu eng sitzt, und die Bewegungserkennung sorgt daf\u00fcr, dass die Messung am Ende verl\u00e4sslich ist. Sitzt das X3 Comfort gut? Dann lies auf dem Display deinen Blutdruck sowie deinen Herzschlag ab. Dabei brauchst du Papier und Stift nicht mehr bereit zu halten, denn das Blutdruckmessger\u00e4t verf\u00fcgt \u00fcber einen Speicher mit Platz f\u00fcr jeweils 60 Messungen von 2 Nutzern. Wenn dein Blutdruck \u00fcber dem empfohlenen Wert liegt, erh\u00e4ltst du eine Warnung. Hinweis: Die X-Serie von Omron ist dieselbe wie die M-Serie.<\/p>\n","protected":false},"excerpt":{"rendered":"<p>Nimmst du nicht immer alles ganz genau? Mit dem Omron X3 Comfort Blutdruckmessger\u00e4t ist damit Schluss, denn diese Manschette l\u00e4sst sich gut und pr\u00e4zise um den Oberarm legen. Dieses Blutdruckmessger\u00e4t verf\u00fcgt \u00fcber eine spezielle Intelli Wrap Manschette, die \u00fcberall am Arm eine pr\u00e4zise Messung vornimmt. Au\u00dferdem bekommst du eine Meldung, wenn das Band zu locker oder zu eng sitzt, und die Bewegungserkennung sorgt daf\u00fcr, dass die Messung am Ende verl\u00e4sslich ist. Sitzt das X3 Comfort gut? Dann lies auf dem Display deinen Blutdruck sowie deinen Herzschlag ab. Dabei brauchst du Papier und Stift nicht mehr bereit zu halten, denn das Blutdruckmessger\u00e4t verf\u00fcgt \u00fcber einen Speicher mit Platz f\u00fcr jeweils 60 Messungen von 2 Nutzern. Wenn dein Blutdruck \u00fcber dem empfohlenen Wert liegt, erh\u00e4ltst du eine Warnung. Hinweis: Die X-Serie von Omron ist dieselbe wie die M-Serie.<\/p>\n","protected":false},"featured_media":0,"comment_status":"closed","ping_status":"open","template":"","meta":{"_acf_changed":false},"brand":[1048],"product_brand":[],"product_cat":[838],"product_tag":[839],"class_list":{"0":"post-86350","1":"product","2":"type-product","3":"status-publish","5":"brand-omron","6":"product_cat-blutdruckmessgerte","7":"product_tag-bovenarm-bloeddrukmeters","8":"pa_condition-new","9":"pa_coolblue-de-verzending-morgen-gratis-geliefert","10":"pa_ean-5091","11":"pa_mpn-hem-7155-eo","13":"first","14":"instock","15":"product-type-external"},"acf":[],"_links":{"self":[{"href":"https:\/\/onlinehardwareshop.de\/index.php\/wp-json\/wp\/v2\/product\/86350","targetHints":{"allow":["GET"]}}],"collection":[{"href":"https:\/\/onlinehardwareshop.de\/index.php\/wp-json\/wp\/v2\/product"}],"about":[{"href":"https:\/\/onlinehardwareshop.de\/index.php\/wp-json\/wp\/v2\/types\/product"}],"replies":[{"embeddable":true,"href":"https:\/\/onlinehardwareshop.de\/index.php\/wp-json\/wp\/v2\/comments?post=86350"}],"wp:attachment":[{"href":"https:\/\/onlinehardwareshop.de\/index.php\/wp-json\/wp\/v2\/media?parent=86350"}],"wp:term":[{"taxonomy":"brand","embeddable":true,"href":"https:\/\/onlinehardwareshop.de\/index.php\/wp-json\/wp\/v2\/brand?post=86350"},{"taxonomy":"product_brand","embeddable":true,"href":"https:\/\/onlinehardwareshop.de\/index.php\/wp-json\/wp\/v2\/product_brand?post=86350"},{"taxonomy":"product_cat","embeddable":true,"href":"https:\/\/onlinehardwareshop.de\/index.php\/wp-json\/wp\/v2\/product_cat?post=86350"},{"taxonomy":"product_tag","embeddable":true,"href":"https:\/\/onlinehardwareshop.de\/index.php\/wp-json\/wp\/v2\/product_tag?post=86350"}],"curies":[{"name":"wp","href":"https:\/\/api.w.org\/{rel}","templated":true}]}}