{"id":86343,"date":"2024-07-29T21:30:40","date_gmt":"2024-07-29T21:30:40","guid":{"rendered":"https:\/\/onlinehardwareshop.de\/index.php\/produkt\/marantz-nr1510-schwarz\/"},"modified":"2025-05-14T01:32:02","modified_gmt":"2025-05-14T01:32:02","slug":"marantz-nr1510-schwarz","status":"publish","type":"product","link":"https:\/\/onlinehardwareshop.de\/index.php\/produkt\/marantz-nr1510-schwarz\/","title":{"rendered":"Marantz NR1510 Schwarz"},"content":{"rendered":"<p>Erstelle mit dem 5.2-Kanal-Receiver NR1510 von Marantz dein eigenes Heimkino-Setup. Dank des 192\u00a0kHz \/ 24 Bit DAC und der Hi-Res-Unterst\u00fctzung genie\u00dft du einen detaillierten Sound. Damit spielst du FLAC- und WAV-Musikdateien ab und selbst die kleinsten Nuancen entgehen dir nicht. Du streamst Musik ganz einfach \u00fcber die integrierten Streamingdienste Spotiy, Deezer und Tidal, sofern du ein Abonnement f\u00fcr diese Dienste hast. Du bedienst den Verst\u00e4rker auch \u00fcber Sprachbefehle. Dazu ben\u00f6tigst du die Sprachsteuerungssysteme von Alexa, Google Assistent oder Siri. Der Verst\u00e4rker verf\u00fcgt au\u00dferdem \u00fcber Bluetooth und AirPlay\u00a02. Dies erm\u00f6glicht dir das Streaming in Kombination mit deinem Smartphone, Tablet oder Computer.<\/p>\n","protected":false},"excerpt":{"rendered":"<p>Erstelle mit dem 5.2-Kanal-Receiver NR1510 von Marantz dein eigenes Heimkino-Setup. Dank des 192\u00a0kHz \/ 24 Bit DAC und der Hi-Res-Unterst\u00fctzung genie\u00dft du einen detaillierten Sound. Damit spielst du FLAC- und WAV-Musikdateien ab und selbst die kleinsten Nuancen entgehen dir nicht. Du streamst Musik ganz einfach \u00fcber die integrierten Streamingdienste Spotiy, Deezer und Tidal, sofern du ein Abonnement f\u00fcr diese Dienste hast. Du bedienst den Verst\u00e4rker auch \u00fcber Sprachbefehle. Dazu ben\u00f6tigst du die Sprachsteuerungssysteme von Alexa, Google Assistent oder Siri. Der Verst\u00e4rker verf\u00fcgt au\u00dferdem \u00fcber Bluetooth und AirPlay\u00a02. Dies erm\u00f6glicht dir das Streaming in Kombination mit deinem Smartphone, Tablet oder Computer.<\/p>\n","protected":false},"featured_media":0,"comment_status":"closed","ping_status":"open","template":"","meta":{"_acf_changed":false},"brand":[4447],"product_brand":[],"product_cat":[2260],"product_tag":[2261],"class_list":{"0":"post-86343","1":"product","2":"type-product","3":"status-publish","5":"brand-marantz","6":"product_cat-receiver","7":"product_tag-receivers-av","8":"pa_condition-new","9":"pa_coolblue-de-verzending-morgen-gratis-geliefert","10":"pa_ean-27639","11":"pa_mpn-nr1510-n1b","13":"first","14":"instock","15":"product-type-external"},"acf":[],"_links":{"self":[{"href":"https:\/\/onlinehardwareshop.de\/index.php\/wp-json\/wp\/v2\/product\/86343","targetHints":{"allow":["GET"]}}],"collection":[{"href":"https:\/\/onlinehardwareshop.de\/index.php\/wp-json\/wp\/v2\/product"}],"about":[{"href":"https:\/\/onlinehardwareshop.de\/index.php\/wp-json\/wp\/v2\/types\/product"}],"replies":[{"embeddable":true,"href":"https:\/\/onlinehardwareshop.de\/index.php\/wp-json\/wp\/v2\/comments?post=86343"}],"wp:attachment":[{"href":"https:\/\/onlinehardwareshop.de\/index.php\/wp-json\/wp\/v2\/media?parent=86343"}],"wp:term":[{"taxonomy":"brand","embeddable":true,"href":"https:\/\/onlinehardwareshop.de\/index.php\/wp-json\/wp\/v2\/brand?post=86343"},{"taxonomy":"product_brand","embeddable":true,"href":"https:\/\/onlinehardwareshop.de\/index.php\/wp-json\/wp\/v2\/product_brand?post=86343"},{"taxonomy":"product_cat","embeddable":true,"href":"https:\/\/onlinehardwareshop.de\/index.php\/wp-json\/wp\/v2\/product_cat?post=86343"},{"taxonomy":"product_tag","embeddable":true,"href":"https:\/\/onlinehardwareshop.de\/index.php\/wp-json\/wp\/v2\/product_tag?post=86343"}],"curies":[{"name":"wp","href":"https:\/\/api.w.org\/{rel}","templated":true}]}}