{"id":86322,"date":"2024-04-04T10:46:15","date_gmt":"2024-04-04T10:46:15","guid":{"rendered":"https:\/\/onlinehardwareshop.de\/index.php\/produkt\/audio-technica-ath-m30x\/"},"modified":"2025-05-14T00:14:39","modified_gmt":"2025-05-14T00:14:39","slug":"audio-technica-ath-m30x","status":"publish","type":"product","link":"https:\/\/onlinehardwareshop.de\/index.php\/produkt\/audio-technica-ath-m30x\/","title":{"rendered":"Audio-Technica ATH-M30X"},"content":{"rendered":"<p>Der Audio Technica ATH-M30X ist ein Studiokopfh\u00f6rer mit einer nat\u00fcrlichen, flachen Klangwiedergabe. Dieser Monitoring-Kopfh\u00f6rer ist leicht und hat ohrumschlie\u00dfende Ohrmuscheln. L\u00e4rm von au\u00dfen wird dadurch ausgeschlossen. Die Ohrmuscheln k\u00f6nnen f\u00fcr eine bequeme Passform um 15 Grad gedreht werden. Der Kopfh\u00f6rer kann auch von DJs verwendet werden, da ein Ohrmuschel schwenkbar ist. Klappe den Kopfh\u00f6rer nach Gebrauch zusammen und bewahre ihn kompakt in der Tasche auf.<\/p>\n","protected":false},"excerpt":{"rendered":"<p>Der Audio Technica ATH-M30X ist ein Studiokopfh\u00f6rer mit einer nat\u00fcrlichen, flachen Klangwiedergabe. Dieser Monitoring-Kopfh\u00f6rer ist leicht und hat ohrumschlie\u00dfende Ohrmuscheln. L\u00e4rm von au\u00dfen wird dadurch ausgeschlossen. Die Ohrmuscheln k\u00f6nnen f\u00fcr eine bequeme Passform um 15 Grad gedreht werden. Der Kopfh\u00f6rer kann auch von DJs verwendet werden, da ein Ohrmuschel schwenkbar ist. Klappe den Kopfh\u00f6rer nach Gebrauch zusammen und bewahre ihn kompakt in der Tasche auf.<\/p>\n","protected":false},"featured_media":0,"comment_status":"closed","ping_status":"open","template":"","meta":{"_acf_changed":false},"brand":[2577],"product_brand":[],"product_cat":[1182],"product_tag":[1183],"class_list":{"0":"post-86322","1":"product","2":"type-product","3":"status-publish","5":"brand-audio-technica","6":"product_cat-kopfhrer","7":"product_tag-hoofdtelefoons-zonder-noisecancelling","8":"pa_condition-new","9":"pa_coolblue-de-verzending-morgen-gratis-geliefert","10":"pa_ean-27243","11":"pa_mpn-ath-m30x","13":"first","14":"instock","15":"product-type-external"},"acf":[],"_links":{"self":[{"href":"https:\/\/onlinehardwareshop.de\/index.php\/wp-json\/wp\/v2\/product\/86322","targetHints":{"allow":["GET"]}}],"collection":[{"href":"https:\/\/onlinehardwareshop.de\/index.php\/wp-json\/wp\/v2\/product"}],"about":[{"href":"https:\/\/onlinehardwareshop.de\/index.php\/wp-json\/wp\/v2\/types\/product"}],"replies":[{"embeddable":true,"href":"https:\/\/onlinehardwareshop.de\/index.php\/wp-json\/wp\/v2\/comments?post=86322"}],"wp:attachment":[{"href":"https:\/\/onlinehardwareshop.de\/index.php\/wp-json\/wp\/v2\/media?parent=86322"}],"wp:term":[{"taxonomy":"brand","embeddable":true,"href":"https:\/\/onlinehardwareshop.de\/index.php\/wp-json\/wp\/v2\/brand?post=86322"},{"taxonomy":"product_brand","embeddable":true,"href":"https:\/\/onlinehardwareshop.de\/index.php\/wp-json\/wp\/v2\/product_brand?post=86322"},{"taxonomy":"product_cat","embeddable":true,"href":"https:\/\/onlinehardwareshop.de\/index.php\/wp-json\/wp\/v2\/product_cat?post=86322"},{"taxonomy":"product_tag","embeddable":true,"href":"https:\/\/onlinehardwareshop.de\/index.php\/wp-json\/wp\/v2\/product_tag?post=86322"}],"curies":[{"name":"wp","href":"https:\/\/api.w.org\/{rel}","templated":true}]}}