{"id":86313,"date":"2025-01-01T04:20:09","date_gmt":"2025-01-01T04:20:09","guid":{"rendered":"https:\/\/onlinehardwareshop.de\/index.php\/produkt\/audio-technica-ath-m50x-black\/"},"modified":"2025-05-13T23:40:40","modified_gmt":"2025-05-13T23:40:40","slug":"audio-technica-ath-m50x-black","status":"publish","type":"product","link":"https:\/\/onlinehardwareshop.de\/index.php\/produkt\/audio-technica-ath-m50x-black\/","title":{"rendered":"Audio-Technica ATH-M50X Black"},"content":{"rendered":"<p>Mit dem Audio-Technica ATH-M50X kannst du deine Lieblingsmusik \u00fcberall abspielen. Egal, ob du eine Wohnzimmerparty veranstaltest oder in einer DJ-Kabine stehst, dank der 3 verschiedenen Kabel l\u00e4sst sich der Kopfh\u00f6rer an alle deine Ger\u00e4te anschlie\u00dfen. Dank der drehbaren Ohrmuscheln bekommst du die Reaktion des Publikums mit, w\u00e4hrend du dir bereits den n\u00e4chsten Titel anh\u00f6rst. Bist du fertig mit dem Auflegen? Dann kannst du die Kopfh\u00f6rer zusammenfalten und sie sicher in der mitgelieferten Tragetasche aufbewahren. Klang laut Experten Beim Audio-Technica ATH-M50X ist ein Teil der tiefen T\u00f6ne besonders gut zu h\u00f6ren. So profitierst du von vollen Basskl\u00e4ngen. Die Mitten sind ausgeglichen, was bedeutet, dass Instrumente und Stimmen so klingen, wie es der K\u00fcnstler beabsichtigt hat. Hinweis: Diese Kopfh\u00f6rer verf\u00fcgen nicht \u00fcber einen Equalizer, mit dem du den Klang manuell einstellen kannst. Du bist f\u00fcr den Klang auf die Werkseinstellung angewiesen.<\/p>\n","protected":false},"excerpt":{"rendered":"<p>Mit dem Audio-Technica ATH-M50X kannst du deine Lieblingsmusik \u00fcberall abspielen. Egal, ob du eine Wohnzimmerparty veranstaltest oder in einer DJ-Kabine stehst, dank der 3 verschiedenen Kabel l\u00e4sst sich der Kopfh\u00f6rer an alle deine Ger\u00e4te anschlie\u00dfen. Dank der drehbaren Ohrmuscheln bekommst du die Reaktion des Publikums mit, w\u00e4hrend du dir bereits den n\u00e4chsten Titel anh\u00f6rst. Bist du fertig mit dem Auflegen? Dann kannst du die Kopfh\u00f6rer zusammenfalten und sie sicher in der mitgelieferten Tragetasche aufbewahren. Klang laut Experten Beim Audio-Technica ATH-M50X ist ein Teil der tiefen T\u00f6ne besonders gut zu h\u00f6ren. So profitierst du von vollen Basskl\u00e4ngen. Die Mitten sind ausgeglichen, was bedeutet, dass Instrumente und Stimmen so klingen, wie es der K\u00fcnstler beabsichtigt hat. Hinweis: Diese Kopfh\u00f6rer verf\u00fcgen nicht \u00fcber einen Equalizer, mit dem du den Klang manuell einstellen kannst. Du bist f\u00fcr den Klang auf die Werkseinstellung angewiesen.<\/p>\n","protected":false},"featured_media":0,"comment_status":"closed","ping_status":"open","template":"","meta":{"_acf_changed":false},"brand":[2577],"product_brand":[],"product_cat":[1182],"product_tag":[1183],"class_list":{"0":"post-86313","1":"product","2":"type-product","3":"status-publish","5":"brand-audio-technica","6":"product_cat-kopfhrer","7":"product_tag-hoofdtelefoons-zonder-noisecancelling","8":"pa_condition-new","9":"pa_coolblue-de-verzending-morgen-gratis-geliefert","10":"pa_ean-27223","11":"pa_mpn-ath-m50x","13":"first","14":"instock","15":"product-type-external"},"acf":[],"_links":{"self":[{"href":"https:\/\/onlinehardwareshop.de\/index.php\/wp-json\/wp\/v2\/product\/86313","targetHints":{"allow":["GET"]}}],"collection":[{"href":"https:\/\/onlinehardwareshop.de\/index.php\/wp-json\/wp\/v2\/product"}],"about":[{"href":"https:\/\/onlinehardwareshop.de\/index.php\/wp-json\/wp\/v2\/types\/product"}],"replies":[{"embeddable":true,"href":"https:\/\/onlinehardwareshop.de\/index.php\/wp-json\/wp\/v2\/comments?post=86313"}],"wp:attachment":[{"href":"https:\/\/onlinehardwareshop.de\/index.php\/wp-json\/wp\/v2\/media?parent=86313"}],"wp:term":[{"taxonomy":"brand","embeddable":true,"href":"https:\/\/onlinehardwareshop.de\/index.php\/wp-json\/wp\/v2\/brand?post=86313"},{"taxonomy":"product_brand","embeddable":true,"href":"https:\/\/onlinehardwareshop.de\/index.php\/wp-json\/wp\/v2\/product_brand?post=86313"},{"taxonomy":"product_cat","embeddable":true,"href":"https:\/\/onlinehardwareshop.de\/index.php\/wp-json\/wp\/v2\/product_cat?post=86313"},{"taxonomy":"product_tag","embeddable":true,"href":"https:\/\/onlinehardwareshop.de\/index.php\/wp-json\/wp\/v2\/product_tag?post=86313"}],"curies":[{"name":"wp","href":"https:\/\/api.w.org\/{rel}","templated":true}]}}