{"id":86298,"date":"2025-02-20T04:59:22","date_gmt":"2025-02-20T04:59:22","guid":{"rendered":"https:\/\/onlinehardwareshop.de\/index.php\/produkt\/razer-basilisk-v3-pro-35k-wireless-gaming-maus\/"},"modified":"2025-05-14T19:31:21","modified_gmt":"2025-05-14T19:31:21","slug":"razer-basilisk-v3-pro-35k-wireless-gaming-maus","status":"publish","type":"product","link":"https:\/\/onlinehardwareshop.de\/index.php\/produkt\/razer-basilisk-v3-pro-35k-wireless-gaming-maus\/","title":{"rendered":"Razer Basilisk V3 Pro 35K Wireless Gaming-Maus"},"content":{"rendered":"<p>Mit der Razer Basilisk V3 Pro 35K Wireless Gaming-Maus spielst du pr\u00e4zise und trickst deine Gegner aus. Dank des Razer Focus Pro 35K Gen\u00a02 optischen Sensors mit 35.000\u00a0dpi f\u00e4hrst du bei schnellen Spielen mit der kabellosen Gaming-Maus schnell \u00fcber den Schreibtisch. So reagierst du beim Zocken immer mit Pr\u00e4zision. Dein Daumen liegt auf der Daumenst\u00fctze auf, sodass du immer ergonomisch spielst. Mit elf Tasten teilst du all deine Shortcuts einer eigenen Taste zu. So reagierst du im Spiel noch schneller. Du schlie\u00dft diese Gaming-Maus kabellos \u00fcber den USB-A-Dongle an. Das bietet dir beim Spielen genug Bewegungsfreiheit. Diese kabellose Gaming-Maus hat eine Akkulaufzeit von 140 Stunden \u00fcber den USB-Dongle und 210 Stunden \u00fcber Bluetooth. Daher spielst du problemlos lange am St\u00fcck, ohne sie zwischendurch aufzuladen. Die RGB-Beleuchtung stellst du selbst mit der Razer Synapse Software ein. Hier hast du die Auswahl aus 16,8\u00a0Millionen Farben. So passt deine Maus zum restlichen Setup.<\/p>\n","protected":false},"excerpt":{"rendered":"<p>Mit der Razer Basilisk V3 Pro 35K Wireless Gaming-Maus spielst du pr\u00e4zise und trickst deine Gegner aus. Dank des Razer Focus Pro 35K Gen\u00a02 optischen Sensors mit 35.000\u00a0dpi f\u00e4hrst du bei schnellen Spielen mit der kabellosen Gaming-Maus schnell \u00fcber den Schreibtisch. So reagierst du beim Zocken immer mit Pr\u00e4zision. Dein Daumen liegt auf der Daumenst\u00fctze auf, sodass du immer ergonomisch spielst. Mit elf Tasten teilst du all deine Shortcuts einer eigenen Taste zu. So reagierst du im Spiel noch schneller. Du schlie\u00dft diese Gaming-Maus kabellos \u00fcber den USB-A-Dongle an. Das bietet dir beim Spielen genug Bewegungsfreiheit. Diese kabellose Gaming-Maus hat eine Akkulaufzeit von 140 Stunden \u00fcber den USB-Dongle und 210 Stunden \u00fcber Bluetooth. Daher spielst du problemlos lange am St\u00fcck, ohne sie zwischendurch aufzuladen. Die RGB-Beleuchtung stellst du selbst mit der Razer Synapse Software ein. Hier hast du die Auswahl aus 16,8\u00a0Millionen Farben. So passt deine Maus zum restlichen Setup.<\/p>\n","protected":false},"featured_media":0,"comment_status":"closed","ping_status":"open","template":"","meta":{"_acf_changed":false},"brand":[3451],"product_brand":[],"product_cat":[33],"product_tag":[3752],"class_list":{"0":"post-86298","1":"product","2":"type-product","3":"status-publish","5":"brand-razer","6":"product_cat-muse","7":"product_tag-gaming-muizen","8":"pa_condition-new","9":"pa_coolblue-de-verzending-morgen-gratis-geliefert","10":"pa_ean-33731","11":"pa_mpn-rz01-05240100-r3g1","13":"first","14":"instock","15":"product-type-external"},"acf":[],"_links":{"self":[{"href":"https:\/\/onlinehardwareshop.de\/index.php\/wp-json\/wp\/v2\/product\/86298","targetHints":{"allow":["GET"]}}],"collection":[{"href":"https:\/\/onlinehardwareshop.de\/index.php\/wp-json\/wp\/v2\/product"}],"about":[{"href":"https:\/\/onlinehardwareshop.de\/index.php\/wp-json\/wp\/v2\/types\/product"}],"replies":[{"embeddable":true,"href":"https:\/\/onlinehardwareshop.de\/index.php\/wp-json\/wp\/v2\/comments?post=86298"}],"wp:attachment":[{"href":"https:\/\/onlinehardwareshop.de\/index.php\/wp-json\/wp\/v2\/media?parent=86298"}],"wp:term":[{"taxonomy":"brand","embeddable":true,"href":"https:\/\/onlinehardwareshop.de\/index.php\/wp-json\/wp\/v2\/brand?post=86298"},{"taxonomy":"product_brand","embeddable":true,"href":"https:\/\/onlinehardwareshop.de\/index.php\/wp-json\/wp\/v2\/product_brand?post=86298"},{"taxonomy":"product_cat","embeddable":true,"href":"https:\/\/onlinehardwareshop.de\/index.php\/wp-json\/wp\/v2\/product_cat?post=86298"},{"taxonomy":"product_tag","embeddable":true,"href":"https:\/\/onlinehardwareshop.de\/index.php\/wp-json\/wp\/v2\/product_tag?post=86298"}],"curies":[{"name":"wp","href":"https:\/\/api.w.org\/{rel}","templated":true}]}}