{"id":86297,"date":"2024-10-04T02:31:22","date_gmt":"2024-10-04T02:31:22","guid":{"rendered":"https:\/\/onlinehardwareshop.de\/index.php\/produkt\/tefal-optispace-topf-und-pfannenset-4-teilig\/"},"modified":"2025-05-14T19:31:11","modified_gmt":"2025-05-14T19:31:11","slug":"tefal-optispace-topf-und-pfannenset-4-teilig","status":"publish","type":"product","link":"https:\/\/onlinehardwareshop.de\/index.php\/produkt\/tefal-optispace-topf-und-pfannenset-4-teilig\/","title":{"rendered":"Tefal Opti&#8217;Space Topf- und Pfannenset 4-teilig"},"content":{"rendered":"<p>Mit dem smarten, stapelbaren Design des Tefal Opti&#8217;Space Topf- und Pfannensets 4-teilig sparst du dir in deinen K\u00fcchenschr\u00e4nken Platz. Das ist praktisch, wenn du ohnehin schon wenig Stauraum hast. Der Tefal Thermo-Signalpunkt in den Bratpfannen f\u00e4rbt sich gleichm\u00e4\u00dfig rot, wenn die Beschichtung die richtige Temperatur erreicht hat. So beginnst du immer im richtigen Moment mit deiner Zubereitung. Au\u00dferdem \u00fcberpr\u00fcfst du die Temperatur der Pfannen dadurch nicht mehr, indem du deine Hand dar\u00fcber h\u00e4ltst. Das Topf- und Pfannenset eignet sich f\u00fcr alle W\u00e4rmequellen, einschlie\u00dflich Induktion. Du verwendest sie auch im Backofen bei bis zu 210 Grad Celsius. So garst du deine Gerichte ganz bequem im Backofen fertig. Das Set besteht aus sowohl Kocht\u00f6pfen als auch Bratpfannen, sodass du f\u00fcr fast jedes Gericht die richtige Ausstattung hast.<\/p>\n","protected":false},"excerpt":{"rendered":"<p>Mit dem smarten, stapelbaren Design des Tefal Opti&#8217;Space Topf- und Pfannensets 4-teilig sparst du dir in deinen K\u00fcchenschr\u00e4nken Platz. Das ist praktisch, wenn du ohnehin schon wenig Stauraum hast. Der Tefal Thermo-Signalpunkt in den Bratpfannen f\u00e4rbt sich gleichm\u00e4\u00dfig rot, wenn die Beschichtung die richtige Temperatur erreicht hat. So beginnst du immer im richtigen Moment mit deiner Zubereitung. Au\u00dferdem \u00fcberpr\u00fcfst du die Temperatur der Pfannen dadurch nicht mehr, indem du deine Hand dar\u00fcber h\u00e4ltst. Das Topf- und Pfannenset eignet sich f\u00fcr alle W\u00e4rmequellen, einschlie\u00dflich Induktion. Du verwendest sie auch im Backofen bei bis zu 210 Grad Celsius. So garst du deine Gerichte ganz bequem im Backofen fertig. Das Set besteht aus sowohl Kocht\u00f6pfen als auch Bratpfannen, sodass du f\u00fcr fast jedes Gericht die richtige Ausstattung hast.<\/p>\n","protected":false},"featured_media":0,"comment_status":"closed","ping_status":"open","template":"","meta":{"_acf_changed":false},"brand":[506],"product_brand":[],"product_cat":[372],"product_tag":[1788],"class_list":{"0":"post-86297","1":"product","2":"type-product","3":"status-publish","5":"brand-tefal","6":"product_cat-tpfe-und-pfannen","7":"product_tag-bakpannensets","8":"pa_condition-new","9":"pa_coolblue-de-verzending-morgen-gratis-geliefert","10":"pa_ean-34466","11":"pa_mpn-g737s6","13":"first","14":"instock","15":"product-type-external"},"acf":[],"_links":{"self":[{"href":"https:\/\/onlinehardwareshop.de\/index.php\/wp-json\/wp\/v2\/product\/86297","targetHints":{"allow":["GET"]}}],"collection":[{"href":"https:\/\/onlinehardwareshop.de\/index.php\/wp-json\/wp\/v2\/product"}],"about":[{"href":"https:\/\/onlinehardwareshop.de\/index.php\/wp-json\/wp\/v2\/types\/product"}],"replies":[{"embeddable":true,"href":"https:\/\/onlinehardwareshop.de\/index.php\/wp-json\/wp\/v2\/comments?post=86297"}],"wp:attachment":[{"href":"https:\/\/onlinehardwareshop.de\/index.php\/wp-json\/wp\/v2\/media?parent=86297"}],"wp:term":[{"taxonomy":"brand","embeddable":true,"href":"https:\/\/onlinehardwareshop.de\/index.php\/wp-json\/wp\/v2\/brand?post=86297"},{"taxonomy":"product_brand","embeddable":true,"href":"https:\/\/onlinehardwareshop.de\/index.php\/wp-json\/wp\/v2\/product_brand?post=86297"},{"taxonomy":"product_cat","embeddable":true,"href":"https:\/\/onlinehardwareshop.de\/index.php\/wp-json\/wp\/v2\/product_cat?post=86297"},{"taxonomy":"product_tag","embeddable":true,"href":"https:\/\/onlinehardwareshop.de\/index.php\/wp-json\/wp\/v2\/product_tag?post=86297"}],"curies":[{"name":"wp","href":"https:\/\/api.w.org\/{rel}","templated":true}]}}